{"id":1138,"date":"2020-03-02T16:23:03","date_gmt":"2020-03-02T15:23:03","guid":{"rendered":"https:\/\/wasserwirt.stuck-marketing.at\/?page_id=1138"},"modified":"2024-06-14T11:35:25","modified_gmt":"2024-06-14T09:35:25","slug":"wasserwirtschaftliche-planungs-und-baubegleitungstatigkeiten","status":"publish","type":"page","link":"https:\/\/der-wasserwirt.at\/de\/wasserwirtschaftliche-planungs-und-baubegleitungstatigkeiten\/","title":{"rendered":"Wasserwirtschaftliche Planungs- und Baubegleitungst\u00e4tigkeiten"},"content":{"rendered":"\t\t<div data-elementor-type=\"wp-page\" data-elementor-id=\"1138\" class=\"elementor elementor-1138\" data-elementor-post-type=\"page\">\n\t\t\t\t\t\t<section class=\"elementor-section elementor-top-section elementor-element elementor-element-9910fcc elementor-section-boxed elementor-section-height-default elementor-section-height-default\" data-id=\"9910fcc\" data-element_type=\"section\" data-settings=\"{&quot;background_background&quot;:&quot;classic&quot;}\">\n\t\t\t\t\t\t<div class=\"elementor-container elementor-column-gap-default\">\n\t\t\t\t\t<div class=\"elementor-column elementor-col-100 elementor-top-column elementor-element elementor-element-ca0ff6f\" data-id=\"ca0ff6f\" data-element_type=\"column\">\n\t\t\t<div class=\"elementor-widget-wrap elementor-element-populated\">\n\t\t\t\t\t\t<div class=\"elementor-element elementor-element-570cc60 elementor-widget elementor-widget-heading\" data-id=\"570cc60\" data-element_type=\"widget\" data-widget_type=\"heading.default\">\n\t\t\t\t<div class=\"elementor-widget-container\">\n\t\t\t<h2 class=\"elementor-heading-title elementor-size-default\">Wasserwirtschaftlilche Planungs- und Baubegleitungst\u00e4tigkeiten<\/h2>\t\t<\/div>\n\t\t\t\t<\/div>\n\t\t\t\t\t<\/div>\n\t\t<\/div>\n\t\t\t\t\t<\/div>\n\t\t<\/section>\n\t\t\t\t<section class=\"elementor-section elementor-top-section elementor-element elementor-element-1d568e7 elementor-section-boxed elementor-section-height-default elementor-section-height-default\" data-id=\"1d568e7\" data-element_type=\"section\">\n\t\t\t\t\t\t<div class=\"elementor-container elementor-column-gap-default\">\n\t\t\t\t\t<div class=\"elementor-column elementor-col-100 elementor-top-column elementor-element elementor-element-a1007d9\" data-id=\"a1007d9\" data-element_type=\"column\">\n\t\t\t<div class=\"elementor-widget-wrap elementor-element-populated\">\n\t\t\t\t\t\t<section class=\"elementor-section elementor-inner-section elementor-element elementor-element-25d6073 elementor-section-boxed elementor-section-height-default elementor-section-height-default\" data-id=\"25d6073\" data-element_type=\"section\">\n\t\t\t\t\t\t<div class=\"elementor-container elementor-column-gap-default\">\n\t\t\t\t\t<div class=\"elementor-column elementor-col-50 elementor-inner-column elementor-element elementor-element-88af341\" data-id=\"88af341\" data-element_type=\"column\">\n\t\t\t<div class=\"elementor-widget-wrap elementor-element-populated\">\n\t\t\t\t\t\t<div class=\"elementor-element elementor-element-9897486 elementor-widget elementor-widget-image\" data-id=\"9897486\" data-element_type=\"widget\" data-widget_type=\"image.default\">\n\t\t\t\t<div class=\"elementor-widget-container\">\n\t\t\t\t\t\t\t\t\t\t\t\t\t<img fetchpriority=\"high\" decoding=\"async\" width=\"800\" height=\"600\" src=\"https:\/\/der-wasserwirt.at\/wp-content\/uploads\/2020\/03\/fah_nagele.jpg\" class=\"attachment-large size-large wp-image-1158\" alt=\"\" srcset=\"https:\/\/der-wasserwirt.at\/wp-content\/uploads\/2020\/03\/fah_nagele.jpg 1000w, https:\/\/der-wasserwirt.at\/wp-content\/uploads\/2020\/03\/fah_nagele-300x225.jpg 300w, https:\/\/der-wasserwirt.at\/wp-content\/uploads\/2020\/03\/fah_nagele-768x576.jpg 768w\" sizes=\"(max-width: 800px) 100vw, 800px\" \/>\t\t\t\t\t\t\t\t\t\t\t\t\t<\/div>\n\t\t\t\t<\/div>\n\t\t\t\t\t<\/div>\n\t\t<\/div>\n\t\t\t\t<div class=\"elementor-column elementor-col-50 elementor-inner-column elementor-element elementor-element-16e8ee0\" data-id=\"16e8ee0\" data-element_type=\"column\">\n\t\t\t<div class=\"elementor-widget-wrap elementor-element-populated\">\n\t\t\t\t\t\t<div class=\"elementor-element elementor-element-8b521c0 elementor-widget elementor-widget-heading\" data-id=\"8b521c0\" data-element_type=\"widget\" data-widget_type=\"heading.default\">\n\t\t\t\t<div class=\"elementor-widget-container\">\n\t\t\t<h2 class=\"elementor-heading-title elementor-size-default\">Wasserwirtschaftliche Planungs- und Baubegleitungst\u00e4tigkeiten<\/h2>\t\t<\/div>\n\t\t\t\t<\/div>\n\t\t\t\t<div class=\"elementor-element elementor-element-a65fe67 elementor-widget elementor-widget-text-editor\" data-id=\"a65fe67\" data-element_type=\"widget\" data-widget_type=\"text-editor.default\">\n\t\t\t\t<div class=\"elementor-widget-container\">\n\t\t\t\t\t\t\t<div class=\"panel-pane pane-entity-field pane-node-body\">\n<div class=\"pane-content\">\n<div class=\"field-body\">\n<p>&#8222;Der Wasserwirt&#8220; \u00fcbernimmt Planungs- und Baubegleitungst\u00e4tigkeiten f\u00fcr verschiedene wasserwirtschaftliche Projekte. Dazu z\u00e4hlen standardisierte Fischaufstiegshilfen zur Herstellung der Durchg\u00e4ngigkeit, laut dem &nbsp;<strong>\u201eLeitfaden zum Bau von Fischaufstiegshilfen (FAH)\u201c<\/strong> des Ministeriums f\u00fcr ein lebenswertes \u00d6sterreich. Neben \u00f6sterreichweiten Projekten \u00fcbernimmt &#8222;der Wasserwirt&#8220; mittlerweile auch Planungst\u00e4tigkeiten f\u00fcr FAHs in der Schweiz, wie z.B. ein ca. 204 Meter langer enature Fishpass des Kraftwerks Eglisau\/Glattfelden. Weiters hat &#8222;der Wasserwirt&#8220; Planungs- und Baubegleitungst\u00e4tigkeiten f\u00fcr verschiedene Fischliftschleusenprojekte \u00fcbernommen, wie z.B. f\u00fcr den Fischlift Tiag in Treibach\/Althofen und f\u00fcr den Fischlift Leser im L\u00f6llinggraben. Bei der Fischliftschleuse handelt es sich um ein von uns entwickeltes und patentrechtlich gesch\u00fctztes System.<\/p>\n<p>Unsere T\u00e4tigkeiten umfassen:<\/p>\n<ul>\n<li style=\"list-style-type: none;\">\n<ul>\n<li>Wasserrechtliche Einreichplanung<\/li>\n<li>Detailplanung<\/li>\n<li>Baubegleitung<\/li>\n<li>teilweise Produktlieferung<\/li>\n<\/ul>\n<\/li>\n<\/ul>\n<p>Zu den Produktlieferungen:<\/p>\n<ul>\n<li>Als Erfinder der Fischliftschleuse verkauft &#8222;der Wasserwirt&#8220; dieses System.<\/li>\n<li>&#8222;Der Wasserwirt&#8220; verf\u00fcgt \u00fcber die Verkaufslizenz des enature(R) Fishpass f\u00fcr die Schweiz.<\/li>\n<\/ul>\n<\/div>\n<\/div>\n<\/div>\t\t\t\t\t\t<\/div>\n\t\t\t\t<\/div>\n\t\t\t\t<div class=\"elementor-element elementor-element-ff9b654 elementor-align-right elementor-widget elementor-widget-button\" data-id=\"ff9b654\" data-element_type=\"widget\" data-widget_type=\"button.default\">\n\t\t\t\t<div class=\"elementor-widget-container\">\n\t\t\t\t\t<div class=\"elementor-button-wrapper\">\n\t\t\t<a class=\"elementor-button elementor-button-link elementor-size-md\" href=\"\/de\/wasserwirtschaft-und-kulturtechnik\/\">\n\t\t\t\t\t\t<span class=\"elementor-button-content-wrapper\">\n\t\t\t\t\t\t<span class=\"elementor-button-text\">Zur\u00fcck<\/span>\n\t\t<\/span>\n\t\t\t\t\t<\/a>\n\t\t<\/div>\n\t\t\t\t<\/div>\n\t\t\t\t<\/div>\n\t\t\t\t\t<\/div>\n\t\t<\/div>\n\t\t\t\t\t<\/div>\n\t\t<\/section>\n\t\t\t\t\t<\/div>\n\t\t<\/div>\n\t\t\t\t\t<\/div>\n\t\t<\/section>\n\t\t\t\t<\/div>\n\t\t","protected":false},"excerpt":{"rendered":"<p>Wasserwirtschaftlilche Planungs- und Baubegleitungst\u00e4tigkeiten Wasserwirtschaftliche Planungs- und Baubegleitungst\u00e4tigkeiten &#8222;Der Wasserwirt&#8220; \u00fcbernimmt Planungs- und Baubegleitungst\u00e4tigkeiten f\u00fcr verschiedene wasserwirtschaftliche Projekte. Dazu z\u00e4hlen standardisierte Fischaufstiegshilfen zur Herstellung der Durchg\u00e4ngigkeit, laut dem &nbsp;\u201eLeitfaden zum Bau von Fischaufstiegshilfen (FAH)\u201c des Ministeriums f\u00fcr ein lebenswertes \u00d6sterreich. Neben \u00f6sterreichweiten Projekten \u00fcbernimmt &#8222;der Wasserwirt&#8220; mittlerweile auch Planungst\u00e4tigkeiten f\u00fcr FAHs in der Schweiz, wie [&hellip;]<\/p>\n","protected":false},"author":3,"featured_media":0,"parent":0,"menu_order":0,"comment_status":"closed","ping_status":"closed","template":"","meta":{"footnotes":""},"yoast_head":"<!-- This site is optimized with the Yoast SEO plugin v22.4 - https:\/\/yoast.com\/wordpress\/plugins\/seo\/ -->\n<title>Planung &amp; Baubegleitung - Wasserwirtschaft &#8902; Der Wasserwirt<\/title>\n<meta name=\"description\" content=\"Das Team von Der Wasserwirt \u00fcbernimmt die gesamte Planung und Baubegleitung f\u00fcr Projekte in der Wasserwirtschaft in \u00d6sterreich, Deutschland und der Schweiz.\" \/>\n<meta name=\"robots\" content=\"index, follow, max-snippet:-1, max-image-preview:large, max-video-preview:-1\" \/>\n<link rel=\"canonical\" href=\"https:\/\/der-wasserwirt.at\/de\/wasserwirtschaftliche-planungs-und-baubegleitungstatigkeiten\/\" \/>\n<meta property=\"og:locale\" content=\"de_DE\" \/>\n<meta property=\"og:type\" content=\"article\" \/>\n<meta property=\"og:title\" content=\"Planung &amp; Baubegleitung - Wasserwirtschaft &#8902; Der Wasserwirt\" \/>\n<meta property=\"og:description\" content=\"Das Team von Der Wasserwirt \u00fcbernimmt die gesamte Planung und Baubegleitung f\u00fcr Projekte in der Wasserwirtschaft in \u00d6sterreich, Deutschland und der Schweiz.\" \/>\n<meta property=\"og:url\" content=\"https:\/\/der-wasserwirt.at\/de\/wasserwirtschaftliche-planungs-und-baubegleitungstatigkeiten\/\" \/>\n<meta property=\"og:site_name\" content=\"Der Wasserwirt\" \/>\n<meta property=\"article:modified_time\" content=\"2024-06-14T09:35:25+00:00\" \/>\n<meta property=\"og:image\" content=\"https:\/\/der-wasserwirt.at\/wp-content\/uploads\/2020\/03\/fah_nagele.jpg\" \/>\n<meta name=\"twitter:card\" content=\"summary_large_image\" \/>\n<meta name=\"twitter:label1\" content=\"Gesch\u00e4tzte Lesezeit\" \/>\n\t<meta name=\"twitter:data1\" content=\"1\u00a0Minute\" \/>\n<script type=\"application\/ld+json\" class=\"yoast-schema-graph\">{\"@context\":\"https:\/\/schema.org\",\"@graph\":[{\"@type\":\"WebPage\",\"@id\":\"https:\/\/der-wasserwirt.at\/de\/wasserwirtschaftliche-planungs-und-baubegleitungstatigkeiten\/\",\"url\":\"https:\/\/der-wasserwirt.at\/de\/wasserwirtschaftliche-planungs-und-baubegleitungstatigkeiten\/\",\"name\":\"Planung & Baubegleitung - Wasserwirtschaft &#8902; Der Wasserwirt\",\"isPartOf\":{\"@id\":\"https:\/\/der-wasserwirt.at\/de\/#website\"},\"primaryImageOfPage\":{\"@id\":\"https:\/\/der-wasserwirt.at\/de\/wasserwirtschaftliche-planungs-und-baubegleitungstatigkeiten\/#primaryimage\"},\"image\":{\"@id\":\"https:\/\/der-wasserwirt.at\/de\/wasserwirtschaftliche-planungs-und-baubegleitungstatigkeiten\/#primaryimage\"},\"thumbnailUrl\":\"https:\/\/der-wasserwirt.at\/wp-content\/uploads\/2020\/03\/fah_nagele.jpg\",\"datePublished\":\"2020-03-02T15:23:03+00:00\",\"dateModified\":\"2024-06-14T09:35:25+00:00\",\"description\":\"Das Team von Der Wasserwirt \u00fcbernimmt die gesamte Planung und Baubegleitung f\u00fcr Projekte in der Wasserwirtschaft in \u00d6sterreich, Deutschland und der Schweiz.\",\"breadcrumb\":{\"@id\":\"https:\/\/der-wasserwirt.at\/de\/wasserwirtschaftliche-planungs-und-baubegleitungstatigkeiten\/#breadcrumb\"},\"inLanguage\":\"de\",\"potentialAction\":[{\"@type\":\"ReadAction\",\"target\":[\"https:\/\/der-wasserwirt.at\/de\/wasserwirtschaftliche-planungs-und-baubegleitungstatigkeiten\/\"]}]},{\"@type\":\"ImageObject\",\"inLanguage\":\"de\",\"@id\":\"https:\/\/der-wasserwirt.at\/de\/wasserwirtschaftliche-planungs-und-baubegleitungstatigkeiten\/#primaryimage\",\"url\":\"https:\/\/der-wasserwirt.at\/wp-content\/uploads\/2020\/03\/fah_nagele.jpg\",\"contentUrl\":\"https:\/\/der-wasserwirt.at\/wp-content\/uploads\/2020\/03\/fah_nagele.jpg\"},{\"@type\":\"BreadcrumbList\",\"@id\":\"https:\/\/der-wasserwirt.at\/de\/wasserwirtschaftliche-planungs-und-baubegleitungstatigkeiten\/#breadcrumb\",\"itemListElement\":[{\"@type\":\"ListItem\",\"position\":1,\"name\":\"Startseite\",\"item\":\"https:\/\/der-wasserwirt.at\/de\/\"},{\"@type\":\"ListItem\",\"position\":2,\"name\":\"Wasserwirtschaftliche Planungs- und Baubegleitungst\u00e4tigkeiten\"}]},{\"@type\":\"WebSite\",\"@id\":\"https:\/\/der-wasserwirt.at\/de\/#website\",\"url\":\"https:\/\/der-wasserwirt.at\/de\/\",\"name\":\"Der Wasserwirt\",\"description\":\"Wasserwirtschaft - Kulturtechnik - Forschung\",\"publisher\":{\"@id\":\"https:\/\/der-wasserwirt.at\/de\/#organization\"},\"potentialAction\":[{\"@type\":\"SearchAction\",\"target\":{\"@type\":\"EntryPoint\",\"urlTemplate\":\"https:\/\/der-wasserwirt.at\/de\/?s={search_term_string}\"},\"query-input\":\"required name=search_term_string\"}],\"inLanguage\":\"de\"},{\"@type\":\"Organization\",\"@id\":\"https:\/\/der-wasserwirt.at\/de\/#organization\",\"name\":\"Der Wasserwirt\",\"url\":\"https:\/\/der-wasserwirt.at\/de\/\",\"logo\":{\"@type\":\"ImageObject\",\"inLanguage\":\"de\",\"@id\":\"https:\/\/der-wasserwirt.at\/de\/#\/schema\/logo\/image\/\",\"url\":\"https:\/\/der-wasserwirt.at\/wp-content\/uploads\/2019\/11\/Favicon-Der-Wasserwirt.png\",\"contentUrl\":\"https:\/\/der-wasserwirt.at\/wp-content\/uploads\/2019\/11\/Favicon-Der-Wasserwirt.png\",\"width\":512,\"height\":512,\"caption\":\"Der Wasserwirt\"},\"image\":{\"@id\":\"https:\/\/der-wasserwirt.at\/de\/#\/schema\/logo\/image\/\"}}]}<\/script>\n<!-- \/ Yoast SEO plugin. -->","yoast_head_json":{"title":"Planung & Baubegleitung - Wasserwirtschaft &#8902; Der Wasserwirt","description":"Das Team von Der Wasserwirt \u00fcbernimmt die gesamte Planung und Baubegleitung f\u00fcr Projekte in der Wasserwirtschaft in \u00d6sterreich, Deutschland und der Schweiz.","robots":{"index":"index","follow":"follow","max-snippet":"max-snippet:-1","max-image-preview":"max-image-preview:large","max-video-preview":"max-video-preview:-1"},"canonical":"https:\/\/der-wasserwirt.at\/de\/wasserwirtschaftliche-planungs-und-baubegleitungstatigkeiten\/","og_locale":"de_DE","og_type":"article","og_title":"Planung & Baubegleitung - Wasserwirtschaft &#8902; Der Wasserwirt","og_description":"Das Team von Der Wasserwirt \u00fcbernimmt die gesamte Planung und Baubegleitung f\u00fcr Projekte in der Wasserwirtschaft in \u00d6sterreich, Deutschland und der Schweiz.","og_url":"https:\/\/der-wasserwirt.at\/de\/wasserwirtschaftliche-planungs-und-baubegleitungstatigkeiten\/","og_site_name":"Der Wasserwirt","article_modified_time":"2024-06-14T09:35:25+00:00","og_image":[{"url":"https:\/\/der-wasserwirt.at\/wp-content\/uploads\/2020\/03\/fah_nagele.jpg"}],"twitter_card":"summary_large_image","twitter_misc":{"Gesch\u00e4tzte Lesezeit":"1\u00a0Minute"},"schema":{"@context":"https:\/\/schema.org","@graph":[{"@type":"WebPage","@id":"https:\/\/der-wasserwirt.at\/de\/wasserwirtschaftliche-planungs-und-baubegleitungstatigkeiten\/","url":"https:\/\/der-wasserwirt.at\/de\/wasserwirtschaftliche-planungs-und-baubegleitungstatigkeiten\/","name":"Planung & Baubegleitung - Wasserwirtschaft &#8902; Der Wasserwirt","isPartOf":{"@id":"https:\/\/der-wasserwirt.at\/de\/#website"},"primaryImageOfPage":{"@id":"https:\/\/der-wasserwirt.at\/de\/wasserwirtschaftliche-planungs-und-baubegleitungstatigkeiten\/#primaryimage"},"image":{"@id":"https:\/\/der-wasserwirt.at\/de\/wasserwirtschaftliche-planungs-und-baubegleitungstatigkeiten\/#primaryimage"},"thumbnailUrl":"https:\/\/der-wasserwirt.at\/wp-content\/uploads\/2020\/03\/fah_nagele.jpg","datePublished":"2020-03-02T15:23:03+00:00","dateModified":"2024-06-14T09:35:25+00:00","description":"Das Team von Der Wasserwirt \u00fcbernimmt die gesamte Planung und Baubegleitung f\u00fcr Projekte in der Wasserwirtschaft in \u00d6sterreich, Deutschland und der Schweiz.","breadcrumb":{"@id":"https:\/\/der-wasserwirt.at\/de\/wasserwirtschaftliche-planungs-und-baubegleitungstatigkeiten\/#breadcrumb"},"inLanguage":"de","potentialAction":[{"@type":"ReadAction","target":["https:\/\/der-wasserwirt.at\/de\/wasserwirtschaftliche-planungs-und-baubegleitungstatigkeiten\/"]}]},{"@type":"ImageObject","inLanguage":"de","@id":"https:\/\/der-wasserwirt.at\/de\/wasserwirtschaftliche-planungs-und-baubegleitungstatigkeiten\/#primaryimage","url":"https:\/\/der-wasserwirt.at\/wp-content\/uploads\/2020\/03\/fah_nagele.jpg","contentUrl":"https:\/\/der-wasserwirt.at\/wp-content\/uploads\/2020\/03\/fah_nagele.jpg"},{"@type":"BreadcrumbList","@id":"https:\/\/der-wasserwirt.at\/de\/wasserwirtschaftliche-planungs-und-baubegleitungstatigkeiten\/#breadcrumb","itemListElement":[{"@type":"ListItem","position":1,"name":"Startseite","item":"https:\/\/der-wasserwirt.at\/de\/"},{"@type":"ListItem","position":2,"name":"Wasserwirtschaftliche Planungs- und Baubegleitungst\u00e4tigkeiten"}]},{"@type":"WebSite","@id":"https:\/\/der-wasserwirt.at\/de\/#website","url":"https:\/\/der-wasserwirt.at\/de\/","name":"Der Wasserwirt","description":"Wasserwirtschaft - Kulturtechnik - Forschung","publisher":{"@id":"https:\/\/der-wasserwirt.at\/de\/#organization"},"potentialAction":[{"@type":"SearchAction","target":{"@type":"EntryPoint","urlTemplate":"https:\/\/der-wasserwirt.at\/de\/?s={search_term_string}"},"query-input":"required name=search_term_string"}],"inLanguage":"de"},{"@type":"Organization","@id":"https:\/\/der-wasserwirt.at\/de\/#organization","name":"Der Wasserwirt","url":"https:\/\/der-wasserwirt.at\/de\/","logo":{"@type":"ImageObject","inLanguage":"de","@id":"https:\/\/der-wasserwirt.at\/de\/#\/schema\/logo\/image\/","url":"https:\/\/der-wasserwirt.at\/wp-content\/uploads\/2019\/11\/Favicon-Der-Wasserwirt.png","contentUrl":"https:\/\/der-wasserwirt.at\/wp-content\/uploads\/2019\/11\/Favicon-Der-Wasserwirt.png","width":512,"height":512,"caption":"Der Wasserwirt"},"image":{"@id":"https:\/\/der-wasserwirt.at\/de\/#\/schema\/logo\/image\/"}}]}},"_links":{"self":[{"href":"https:\/\/der-wasserwirt.at\/de\/wp-json\/wp\/v2\/pages\/1138"}],"collection":[{"href":"https:\/\/der-wasserwirt.at\/de\/wp-json\/wp\/v2\/pages"}],"about":[{"href":"https:\/\/der-wasserwirt.at\/de\/wp-json\/wp\/v2\/types\/page"}],"author":[{"embeddable":true,"href":"https:\/\/der-wasserwirt.at\/de\/wp-json\/wp\/v2\/users\/3"}],"replies":[{"embeddable":true,"href":"https:\/\/der-wasserwirt.at\/de\/wp-json\/wp\/v2\/comments?post=1138"}],"version-history":[{"count":19,"href":"https:\/\/der-wasserwirt.at\/de\/wp-json\/wp\/v2\/pages\/1138\/revisions"}],"predecessor-version":[{"id":3207,"href":"https:\/\/der-wasserwirt.at\/de\/wp-json\/wp\/v2\/pages\/1138\/revisions\/3207"}],"wp:attachment":[{"href":"https:\/\/der-wasserwirt.at\/de\/wp-json\/wp\/v2\/media?parent=1138"}],"curies":[{"name":"wp","href":"https:\/\/api.w.org\/{rel}","templated":true}]}}