{"id":23,"date":"2019-11-19T07:19:31","date_gmt":"2019-11-19T06:19:31","guid":{"rendered":"https:\/\/wasserwirt.stuck-marketing.at\/?page_id=23"},"modified":"2020-03-27T11:15:43","modified_gmt":"2020-03-27T10:15:43","slug":"leistungen","status":"publish","type":"page","link":"https:\/\/der-wasserwirt.at\/de\/leistungen\/","title":{"rendered":"Leistungen"},"content":{"rendered":"\t\t<div data-elementor-type=\"wp-page\" data-elementor-id=\"23\" class=\"elementor elementor-23\" data-elementor-post-type=\"page\">\n\t\t\t\t\t\t<section class=\"elementor-section elementor-top-section elementor-element elementor-element-d8d3a18 elementor-section-boxed elementor-section-height-default elementor-section-height-default\" data-id=\"d8d3a18\" data-element_type=\"section\" data-settings=\"{&quot;background_background&quot;:&quot;classic&quot;}\">\n\t\t\t\t\t\t<div class=\"elementor-container elementor-column-gap-default\">\n\t\t\t\t\t<div class=\"elementor-column elementor-col-100 elementor-top-column elementor-element elementor-element-dccc104\" data-id=\"dccc104\" data-element_type=\"column\">\n\t\t\t<div class=\"elementor-widget-wrap elementor-element-populated\">\n\t\t\t\t\t\t<div class=\"elementor-element elementor-element-1642e62 elementor-widget elementor-widget-heading\" data-id=\"1642e62\" data-element_type=\"widget\" data-widget_type=\"heading.default\">\n\t\t\t\t<div class=\"elementor-widget-container\">\n\t\t\t<h2 class=\"elementor-heading-title elementor-size-default\">LEISTUNGEN<\/h2>\t\t<\/div>\n\t\t\t\t<\/div>\n\t\t\t\t\t<\/div>\n\t\t<\/div>\n\t\t\t\t\t<\/div>\n\t\t<\/section>\n\t\t\t\t<section class=\"elementor-section elementor-top-section elementor-element elementor-element-3b7971f elementor-section-boxed elementor-section-height-default elementor-section-height-default\" data-id=\"3b7971f\" data-element_type=\"section\">\n\t\t\t\t\t\t<div class=\"elementor-container elementor-column-gap-default\">\n\t\t\t\t\t<div class=\"elementor-column elementor-col-33 elementor-top-column elementor-element elementor-element-b021955\" data-id=\"b021955\" data-element_type=\"column\">\n\t\t\t<div class=\"elementor-widget-wrap elementor-element-populated\">\n\t\t\t\t\t\t<div class=\"elementor-element elementor-element-2fffb50 elementor-position-top elementor-widget elementor-widget-image-box\" data-id=\"2fffb50\" data-element_type=\"widget\" data-widget_type=\"image-box.default\">\n\t\t\t\t<div class=\"elementor-widget-container\">\n\t\t\t<div class=\"elementor-image-box-wrapper\"><figure class=\"elementor-image-box-img\"><a href=\"\/de\/wasserwirtschaft-und-kulturtechnik\/\" tabindex=\"-1\"><img fetchpriority=\"high\" decoding=\"async\" width=\"640\" height=\"700\" src=\"https:\/\/der-wasserwirt.at\/wp-content\/uploads\/2020\/03\/Main-Wasserwirtschaft-Kulturtechnik.jpg\" class=\"attachment-large size-large wp-image-1448\" alt=\"\" srcset=\"https:\/\/der-wasserwirt.at\/wp-content\/uploads\/2020\/03\/Main-Wasserwirtschaft-Kulturtechnik.jpg 640w, https:\/\/der-wasserwirt.at\/wp-content\/uploads\/2020\/03\/Main-Wasserwirtschaft-Kulturtechnik-274x300.jpg 274w\" sizes=\"(max-width: 640px) 100vw, 640px\" \/><\/a><\/figure><div class=\"elementor-image-box-content\"><h3 class=\"elementor-image-box-title\"><a href=\"\/de\/wasserwirtschaft-und-kulturtechnik\/\">Wasserwirtschaft und Kulturtechnik<\/a><\/h3><p class=\"elementor-image-box-description\">Wir planen und warten sowie inspizieren Ihre Fischaufstiegshilfe, planen Lockstromdotationsbauwerke, f\u00fchren Abflussmessungen durch, haben die Gew\u00e4sser\u00f6kologische Bauaufsicht \u00fcber, etc.<\/p><\/div><\/div>\t\t<\/div>\n\t\t\t\t<\/div>\n\t\t\t\t\t<\/div>\n\t\t<\/div>\n\t\t\t\t<div class=\"elementor-column elementor-col-33 elementor-top-column elementor-element elementor-element-7738a9f\" data-id=\"7738a9f\" data-element_type=\"column\">\n\t\t\t<div class=\"elementor-widget-wrap elementor-element-populated\">\n\t\t\t\t\t\t<div class=\"elementor-element elementor-element-0496997 elementor-position-top elementor-widget elementor-widget-image-box\" data-id=\"0496997\" data-element_type=\"widget\" data-widget_type=\"image-box.default\">\n\t\t\t\t<div class=\"elementor-widget-container\">\n\t\t\t<div class=\"elementor-image-box-wrapper\"><figure class=\"elementor-image-box-img\"><a href=\"\/de\/forschung-und-entwicklung\/\" tabindex=\"-1\"><img decoding=\"async\" width=\"640\" height=\"700\" src=\"https:\/\/der-wasserwirt.at\/wp-content\/uploads\/2020\/03\/Main-Forschung-Entwicklung.jpg\" class=\"attachment-large size-large wp-image-1450\" alt=\"\" srcset=\"https:\/\/der-wasserwirt.at\/wp-content\/uploads\/2020\/03\/Main-Forschung-Entwicklung.jpg 640w, https:\/\/der-wasserwirt.at\/wp-content\/uploads\/2020\/03\/Main-Forschung-Entwicklung-274x300.jpg 274w\" sizes=\"(max-width: 640px) 100vw, 640px\" \/><\/a><\/figure><div class=\"elementor-image-box-content\"><h3 class=\"elementor-image-box-title\"><a href=\"\/de\/forschung-und-entwicklung\/\">Forschung und Entwicklung<\/a><\/h3><p class=\"elementor-image-box-description\">Innovation liegt uns am Herzen. Wir sind st\u00e4ndig neugierig und arbeiten an neuen Produkten und Verfahren, auch gerne gemeinsam mit Ihrem Unternehmen oder f\u00fcr Ihr Unternehmen. <\/p><\/div><\/div>\t\t<\/div>\n\t\t\t\t<\/div>\n\t\t\t\t\t<\/div>\n\t\t<\/div>\n\t\t\t\t<div class=\"elementor-column elementor-col-33 elementor-top-column elementor-element elementor-element-dd61783\" data-id=\"dd61783\" data-element_type=\"column\">\n\t\t\t<div class=\"elementor-widget-wrap elementor-element-populated\">\n\t\t\t\t\t\t<div class=\"elementor-element elementor-element-416dd0d elementor-position-top elementor-widget elementor-widget-image-box\" data-id=\"416dd0d\" data-element_type=\"widget\" data-widget_type=\"image-box.default\">\n\t\t\t\t<div class=\"elementor-widget-container\">\n\t\t\t<div class=\"elementor-image-box-wrapper\"><figure class=\"elementor-image-box-img\"><a href=\"\/de\/gewaesserschutz\/\" tabindex=\"-1\"><img decoding=\"async\" width=\"640\" height=\"700\" src=\"https:\/\/der-wasserwirt.at\/wp-content\/uploads\/2020\/03\/Main-Gewaesserschutz.jpg\" class=\"attachment-large size-large wp-image-1446\" alt=\"\" srcset=\"https:\/\/der-wasserwirt.at\/wp-content\/uploads\/2020\/03\/Main-Gewaesserschutz.jpg 640w, https:\/\/der-wasserwirt.at\/wp-content\/uploads\/2020\/03\/Main-Gewaesserschutz-274x300.jpg 274w\" sizes=\"(max-width: 640px) 100vw, 640px\" \/><\/a><\/figure><div class=\"elementor-image-box-content\"><h3 class=\"elementor-image-box-title\"><a href=\"\/de\/gewaesserschutz\/\">Gew\u00e4sserschutz<\/a><\/h3><p class=\"elementor-image-box-description\">Wir warten und inspizieren Ihre Abscheideanlagen und Gew\u00e4sserschutzanlagen. Au\u00dferdem schulen wir gerne Ihr Betriebspersonal f\u00fcr die Wartung von Abscheideanlagen.<\/p><\/div><\/div>\t\t<\/div>\n\t\t\t\t<\/div>\n\t\t\t\t\t<\/div>\n\t\t<\/div>\n\t\t\t\t\t<\/div>\n\t\t<\/section>\n\t\t\t\t<\/div>\n\t\t","protected":false},"excerpt":{"rendered":"<p>LEISTUNGEN Wasserwirtschaft und Kulturtechnik Wir planen und warten sowie inspizieren Ihre Fischaufstiegshilfe, planen Lockstromdotationsbauwerke, f\u00fchren Abflussmessungen durch, haben die Gew\u00e4sser\u00f6kologische Bauaufsicht \u00fcber, etc. Forschung und Entwicklung Innovation liegt uns am Herzen. Wir sind st\u00e4ndig neugierig und arbeiten an neuen Produkten und Verfahren, auch gerne gemeinsam mit Ihrem Unternehmen oder f\u00fcr Ihr Unternehmen. Gew\u00e4sserschutz Wir warten [&hellip;]<\/p>\n","protected":false},"author":2,"featured_media":0,"parent":0,"menu_order":0,"comment_status":"closed","ping_status":"closed","template":"elementor_header_footer","meta":{"footnotes":""},"yoast_head":"<!-- This site is optimized with the Yoast SEO plugin v22.4 - https:\/\/yoast.com\/wordpress\/plugins\/seo\/ -->\n<title>Leistungen von Der Wasserwirt &#8902; Der Wasserwirt<\/title>\n<meta name=\"description\" content=\"Ihr Partner in der Wasserwirtschaft und Kulturtechnik, Forschung und Entwicklung sowie im Gew\u00e4sserschutz in \u00d6sterreich, Deutschland und der Schweiz.\" \/>\n<meta name=\"robots\" content=\"index, follow, max-snippet:-1, max-image-preview:large, max-video-preview:-1\" \/>\n<link rel=\"canonical\" href=\"https:\/\/der-wasserwirt.at\/de\/leistungen\/\" \/>\n<meta property=\"og:locale\" content=\"de_DE\" \/>\n<meta property=\"og:type\" content=\"article\" \/>\n<meta property=\"og:title\" content=\"Leistungen von Der Wasserwirt &#8902; Der Wasserwirt\" \/>\n<meta property=\"og:description\" content=\"Ihr Partner in der Wasserwirtschaft und Kulturtechnik, Forschung und Entwicklung sowie im Gew\u00e4sserschutz in \u00d6sterreich, Deutschland und der Schweiz.\" \/>\n<meta property=\"og:url\" content=\"https:\/\/der-wasserwirt.at\/de\/leistungen\/\" \/>\n<meta property=\"og:site_name\" content=\"Der Wasserwirt\" \/>\n<meta property=\"article:modified_time\" content=\"2020-03-27T10:15:43+00:00\" \/>\n<meta property=\"og:image\" content=\"https:\/\/der-wasserwirt.at\/wp-content\/uploads\/2020\/03\/Main-Wasserwirtschaft-Kulturtechnik.jpg\" \/>\n<meta name=\"twitter:card\" content=\"summary_large_image\" \/>\n<script type=\"application\/ld+json\" class=\"yoast-schema-graph\">{\"@context\":\"https:\/\/schema.org\",\"@graph\":[{\"@type\":\"WebPage\",\"@id\":\"https:\/\/der-wasserwirt.at\/de\/leistungen\/\",\"url\":\"https:\/\/der-wasserwirt.at\/de\/leistungen\/\",\"name\":\"Leistungen von Der Wasserwirt &#8902; Der Wasserwirt\",\"isPartOf\":{\"@id\":\"https:\/\/der-wasserwirt.at\/de\/#website\"},\"primaryImageOfPage\":{\"@id\":\"https:\/\/der-wasserwirt.at\/de\/leistungen\/#primaryimage\"},\"image\":{\"@id\":\"https:\/\/der-wasserwirt.at\/de\/leistungen\/#primaryimage\"},\"thumbnailUrl\":\"https:\/\/der-wasserwirt.at\/wp-content\/uploads\/2020\/03\/Main-Wasserwirtschaft-Kulturtechnik.jpg\",\"datePublished\":\"2019-11-19T06:19:31+00:00\",\"dateModified\":\"2020-03-27T10:15:43+00:00\",\"description\":\"Ihr Partner in der Wasserwirtschaft und Kulturtechnik, Forschung und Entwicklung sowie im Gew\u00e4sserschutz in \u00d6sterreich, Deutschland und der Schweiz.\",\"breadcrumb\":{\"@id\":\"https:\/\/der-wasserwirt.at\/de\/leistungen\/#breadcrumb\"},\"inLanguage\":\"de\",\"potentialAction\":[{\"@type\":\"ReadAction\",\"target\":[\"https:\/\/der-wasserwirt.at\/de\/leistungen\/\"]}]},{\"@type\":\"ImageObject\",\"inLanguage\":\"de\",\"@id\":\"https:\/\/der-wasserwirt.at\/de\/leistungen\/#primaryimage\",\"url\":\"https:\/\/der-wasserwirt.at\/wp-content\/uploads\/2020\/03\/Main-Wasserwirtschaft-Kulturtechnik.jpg\",\"contentUrl\":\"https:\/\/der-wasserwirt.at\/wp-content\/uploads\/2020\/03\/Main-Wasserwirtschaft-Kulturtechnik.jpg\"},{\"@type\":\"BreadcrumbList\",\"@id\":\"https:\/\/der-wasserwirt.at\/de\/leistungen\/#breadcrumb\",\"itemListElement\":[{\"@type\":\"ListItem\",\"position\":1,\"name\":\"Startseite\",\"item\":\"https:\/\/der-wasserwirt.at\/de\/\"},{\"@type\":\"ListItem\",\"position\":2,\"name\":\"Leistungen\"}]},{\"@type\":\"WebSite\",\"@id\":\"https:\/\/der-wasserwirt.at\/de\/#website\",\"url\":\"https:\/\/der-wasserwirt.at\/de\/\",\"name\":\"Der Wasserwirt\",\"description\":\"Wasserwirtschaft - Kulturtechnik - Forschung\",\"publisher\":{\"@id\":\"https:\/\/der-wasserwirt.at\/de\/#organization\"},\"potentialAction\":[{\"@type\":\"SearchAction\",\"target\":{\"@type\":\"EntryPoint\",\"urlTemplate\":\"https:\/\/der-wasserwirt.at\/de\/?s={search_term_string}\"},\"query-input\":\"required name=search_term_string\"}],\"inLanguage\":\"de\"},{\"@type\":\"Organization\",\"@id\":\"https:\/\/der-wasserwirt.at\/de\/#organization\",\"name\":\"Der Wasserwirt\",\"url\":\"https:\/\/der-wasserwirt.at\/de\/\",\"logo\":{\"@type\":\"ImageObject\",\"inLanguage\":\"de\",\"@id\":\"https:\/\/der-wasserwirt.at\/de\/#\/schema\/logo\/image\/\",\"url\":\"https:\/\/der-wasserwirt.at\/wp-content\/uploads\/2019\/11\/Favicon-Der-Wasserwirt.png\",\"contentUrl\":\"https:\/\/der-wasserwirt.at\/wp-content\/uploads\/2019\/11\/Favicon-Der-Wasserwirt.png\",\"width\":512,\"height\":512,\"caption\":\"Der Wasserwirt\"},\"image\":{\"@id\":\"https:\/\/der-wasserwirt.at\/de\/#\/schema\/logo\/image\/\"}}]}<\/script>\n<!-- \/ Yoast SEO plugin. -->","yoast_head_json":{"title":"Leistungen von Der Wasserwirt &#8902; Der Wasserwirt","description":"Ihr Partner in der Wasserwirtschaft und Kulturtechnik, Forschung und Entwicklung sowie im Gew\u00e4sserschutz in \u00d6sterreich, Deutschland und der Schweiz.","robots":{"index":"index","follow":"follow","max-snippet":"max-snippet:-1","max-image-preview":"max-image-preview:large","max-video-preview":"max-video-preview:-1"},"canonical":"https:\/\/der-wasserwirt.at\/de\/leistungen\/","og_locale":"de_DE","og_type":"article","og_title":"Leistungen von Der Wasserwirt &#8902; Der Wasserwirt","og_description":"Ihr Partner in der Wasserwirtschaft und Kulturtechnik, Forschung und Entwicklung sowie im Gew\u00e4sserschutz in \u00d6sterreich, Deutschland und der Schweiz.","og_url":"https:\/\/der-wasserwirt.at\/de\/leistungen\/","og_site_name":"Der Wasserwirt","article_modified_time":"2020-03-27T10:15:43+00:00","og_image":[{"url":"https:\/\/der-wasserwirt.at\/wp-content\/uploads\/2020\/03\/Main-Wasserwirtschaft-Kulturtechnik.jpg"}],"twitter_card":"summary_large_image","schema":{"@context":"https:\/\/schema.org","@graph":[{"@type":"WebPage","@id":"https:\/\/der-wasserwirt.at\/de\/leistungen\/","url":"https:\/\/der-wasserwirt.at\/de\/leistungen\/","name":"Leistungen von Der Wasserwirt &#8902; Der Wasserwirt","isPartOf":{"@id":"https:\/\/der-wasserwirt.at\/de\/#website"},"primaryImageOfPage":{"@id":"https:\/\/der-wasserwirt.at\/de\/leistungen\/#primaryimage"},"image":{"@id":"https:\/\/der-wasserwirt.at\/de\/leistungen\/#primaryimage"},"thumbnailUrl":"https:\/\/der-wasserwirt.at\/wp-content\/uploads\/2020\/03\/Main-Wasserwirtschaft-Kulturtechnik.jpg","datePublished":"2019-11-19T06:19:31+00:00","dateModified":"2020-03-27T10:15:43+00:00","description":"Ihr Partner in der Wasserwirtschaft und Kulturtechnik, Forschung und Entwicklung sowie im Gew\u00e4sserschutz in \u00d6sterreich, Deutschland und der Schweiz.","breadcrumb":{"@id":"https:\/\/der-wasserwirt.at\/de\/leistungen\/#breadcrumb"},"inLanguage":"de","potentialAction":[{"@type":"ReadAction","target":["https:\/\/der-wasserwirt.at\/de\/leistungen\/"]}]},{"@type":"ImageObject","inLanguage":"de","@id":"https:\/\/der-wasserwirt.at\/de\/leistungen\/#primaryimage","url":"https:\/\/der-wasserwirt.at\/wp-content\/uploads\/2020\/03\/Main-Wasserwirtschaft-Kulturtechnik.jpg","contentUrl":"https:\/\/der-wasserwirt.at\/wp-content\/uploads\/2020\/03\/Main-Wasserwirtschaft-Kulturtechnik.jpg"},{"@type":"BreadcrumbList","@id":"https:\/\/der-wasserwirt.at\/de\/leistungen\/#breadcrumb","itemListElement":[{"@type":"ListItem","position":1,"name":"Startseite","item":"https:\/\/der-wasserwirt.at\/de\/"},{"@type":"ListItem","position":2,"name":"Leistungen"}]},{"@type":"WebSite","@id":"https:\/\/der-wasserwirt.at\/de\/#website","url":"https:\/\/der-wasserwirt.at\/de\/","name":"Der Wasserwirt","description":"Wasserwirtschaft - Kulturtechnik - Forschung","publisher":{"@id":"https:\/\/der-wasserwirt.at\/de\/#organization"},"potentialAction":[{"@type":"SearchAction","target":{"@type":"EntryPoint","urlTemplate":"https:\/\/der-wasserwirt.at\/de\/?s={search_term_string}"},"query-input":"required name=search_term_string"}],"inLanguage":"de"},{"@type":"Organization","@id":"https:\/\/der-wasserwirt.at\/de\/#organization","name":"Der Wasserwirt","url":"https:\/\/der-wasserwirt.at\/de\/","logo":{"@type":"ImageObject","inLanguage":"de","@id":"https:\/\/der-wasserwirt.at\/de\/#\/schema\/logo\/image\/","url":"https:\/\/der-wasserwirt.at\/wp-content\/uploads\/2019\/11\/Favicon-Der-Wasserwirt.png","contentUrl":"https:\/\/der-wasserwirt.at\/wp-content\/uploads\/2019\/11\/Favicon-Der-Wasserwirt.png","width":512,"height":512,"caption":"Der Wasserwirt"},"image":{"@id":"https:\/\/der-wasserwirt.at\/de\/#\/schema\/logo\/image\/"}}]}},"_links":{"self":[{"href":"https:\/\/der-wasserwirt.at\/de\/wp-json\/wp\/v2\/pages\/23"}],"collection":[{"href":"https:\/\/der-wasserwirt.at\/de\/wp-json\/wp\/v2\/pages"}],"about":[{"href":"https:\/\/der-wasserwirt.at\/de\/wp-json\/wp\/v2\/types\/page"}],"author":[{"embeddable":true,"href":"https:\/\/der-wasserwirt.at\/de\/wp-json\/wp\/v2\/users\/2"}],"replies":[{"embeddable":true,"href":"https:\/\/der-wasserwirt.at\/de\/wp-json\/wp\/v2\/comments?post=23"}],"version-history":[{"count":34,"href":"https:\/\/der-wasserwirt.at\/de\/wp-json\/wp\/v2\/pages\/23\/revisions"}],"predecessor-version":[{"id":2302,"href":"https:\/\/der-wasserwirt.at\/de\/wp-json\/wp\/v2\/pages\/23\/revisions\/2302"}],"wp:attachment":[{"href":"https:\/\/der-wasserwirt.at\/de\/wp-json\/wp\/v2\/media?parent=23"}],"curies":[{"name":"wp","href":"https:\/\/api.w.org\/{rel}","templated":true}]}}