{"id":3090,"date":"2024-04-09T11:10:30","date_gmt":"2024-04-09T09:10:30","guid":{"rendered":"https:\/\/der-wasserwirt.at\/?page_id=3090"},"modified":"2024-04-10T09:48:11","modified_gmt":"2024-04-10T07:48:11","slug":"fischerkennung","status":"publish","type":"page","link":"https:\/\/der-wasserwirt.at\/de\/fischerkennung\/","title":{"rendered":"WAWI Fischerkennung"},"content":{"rendered":"\t\t<div data-elementor-type=\"wp-page\" data-elementor-id=\"3090\" class=\"elementor elementor-3090\" data-elementor-post-type=\"page\">\n\t\t\t\t\t\t<section class=\"elementor-section elementor-top-section elementor-element elementor-element-9910fcc elementor-section-boxed elementor-section-height-default elementor-section-height-default\" data-id=\"9910fcc\" data-element_type=\"section\" data-settings=\"{&quot;background_background&quot;:&quot;classic&quot;}\">\n\t\t\t\t\t\t<div class=\"elementor-container elementor-column-gap-default\">\n\t\t\t\t\t<div class=\"elementor-column elementor-col-100 elementor-top-column elementor-element elementor-element-ca0ff6f\" data-id=\"ca0ff6f\" data-element_type=\"column\">\n\t\t\t<div class=\"elementor-widget-wrap elementor-element-populated\">\n\t\t\t\t\t\t<div class=\"elementor-element elementor-element-570cc60 elementor-widget elementor-widget-heading\" data-id=\"570cc60\" data-element_type=\"widget\" data-widget_type=\"heading.default\">\n\t\t\t\t<div class=\"elementor-widget-container\">\n\t\t\t<h2 class=\"elementor-heading-title elementor-size-default\"><a href=\"https:\/\/der-wasserwirt.at\/de\/fischerkennung\/\">Fischerkennung<\/a><\/h2>\t\t<\/div>\n\t\t\t\t<\/div>\n\t\t\t\t\t<\/div>\n\t\t<\/div>\n\t\t\t\t\t<\/div>\n\t\t<\/section>\n\t\t\t\t<section class=\"elementor-section elementor-top-section elementor-element elementor-element-1d568e7 elementor-section-boxed elementor-section-height-default elementor-section-height-default\" data-id=\"1d568e7\" data-element_type=\"section\">\n\t\t\t\t\t\t<div class=\"elementor-container elementor-column-gap-default\">\n\t\t\t\t\t<div class=\"elementor-column elementor-col-100 elementor-top-column elementor-element elementor-element-a1007d9\" data-id=\"a1007d9\" data-element_type=\"column\">\n\t\t\t<div class=\"elementor-widget-wrap elementor-element-populated\">\n\t\t\t\t\t\t<section class=\"elementor-section elementor-inner-section elementor-element elementor-element-25d6073 elementor-section-boxed elementor-section-height-default elementor-section-height-default\" data-id=\"25d6073\" data-element_type=\"section\">\n\t\t\t\t\t\t<div class=\"elementor-container elementor-column-gap-default\">\n\t\t\t\t\t<div class=\"elementor-column elementor-col-50 elementor-inner-column elementor-element elementor-element-88af341\" data-id=\"88af341\" data-element_type=\"column\">\n\t\t\t<div class=\"elementor-widget-wrap elementor-element-populated\">\n\t\t\t\t\t\t<div class=\"elementor-element elementor-element-43e53ee elementor-widget elementor-widget-gallery\" data-id=\"43e53ee\" data-element_type=\"widget\" data-settings=\"{&quot;columns&quot;:1,&quot;lazyload&quot;:&quot;yes&quot;,&quot;gallery_layout&quot;:&quot;grid&quot;,&quot;columns_tablet&quot;:2,&quot;columns_mobile&quot;:1,&quot;gap&quot;:{&quot;unit&quot;:&quot;px&quot;,&quot;size&quot;:10,&quot;sizes&quot;:[]},&quot;gap_tablet&quot;:{&quot;unit&quot;:&quot;px&quot;,&quot;size&quot;:10,&quot;sizes&quot;:[]},&quot;gap_mobile&quot;:{&quot;unit&quot;:&quot;px&quot;,&quot;size&quot;:10,&quot;sizes&quot;:[]},&quot;link_to&quot;:&quot;file&quot;,&quot;aspect_ratio&quot;:&quot;3:2&quot;,&quot;overlay_background&quot;:&quot;yes&quot;,&quot;content_hover_animation&quot;:&quot;fade-in&quot;}\" data-widget_type=\"gallery.default\">\n\t\t\t\t<div class=\"elementor-widget-container\">\n\t\t\t\t\t<div class=\"elementor-gallery__container\">\n\t\t\t\t\t\t\t<a class=\"e-gallery-item elementor-gallery-item elementor-animated-content\" href=\"https:\/\/der-wasserwirt.at\/wp-content\/uploads\/2024\/04\/camera-_-2022-10-25_145127.jpg\" data-elementor-open-lightbox=\"yes\" data-elementor-lightbox-slideshow=\"43e53ee\" data-elementor-lightbox-title=\"camera _ 2022-10-25_145127\" data-e-action-hash=\"#elementor-action%3Aaction%3Dlightbox%26settings%3DeyJpZCI6MzA5NSwidXJsIjoiaHR0cHM6XC9cL2Rlci13YXNzZXJ3aXJ0LmF0XC93cC1jb250ZW50XC91cGxvYWRzXC8yMDI0XC8wNFwvY2FtZXJhLV8tMjAyMi0xMC0yNV8xNDUxMjcuanBnIiwic2xpZGVzaG93IjoiNDNlNTNlZSJ9\">\n\t\t\t\t\t<div class=\"e-gallery-image elementor-gallery-item__image\" data-thumbnail=\"https:\/\/der-wasserwirt.at\/wp-content\/uploads\/2024\/04\/camera-_-2022-10-25_145127-300x169.jpg\" data-width=\"300\" data-height=\"169\" aria-label=\"\" role=\"img\" ><\/div>\n\t\t\t\t\t\t\t\t\t\t\t<div class=\"elementor-gallery-item__overlay\"><\/div>\n\t\t\t\t\t\t\t\t\t\t\t\t\t\t<\/a>\n\t\t\t\t\t\t\t<a class=\"e-gallery-item elementor-gallery-item elementor-animated-content\" href=\"https:\/\/der-wasserwirt.at\/wp-content\/uploads\/2024\/04\/mx10-27-139-53-_-2022-10-28_123511.jpg\" data-elementor-open-lightbox=\"yes\" data-elementor-lightbox-slideshow=\"43e53ee\" data-elementor-lightbox-title=\"mx10-27-139-53 _ 2022-10-28_123511\" data-e-action-hash=\"#elementor-action%3Aaction%3Dlightbox%26settings%3DeyJpZCI6MzA5NywidXJsIjoiaHR0cHM6XC9cL2Rlci13YXNzZXJ3aXJ0LmF0XC93cC1jb250ZW50XC91cGxvYWRzXC8yMDI0XC8wNFwvbXgxMC0yNy0xMzktNTMtXy0yMDIyLTEwLTI4XzEyMzUxMS5qcGciLCJzbGlkZXNob3ciOiI0M2U1M2VlIn0%3D\">\n\t\t\t\t\t<div class=\"e-gallery-image elementor-gallery-item__image\" data-thumbnail=\"https:\/\/der-wasserwirt.at\/wp-content\/uploads\/2024\/04\/mx10-27-139-53-_-2022-10-28_123511-300x169.jpg\" data-width=\"300\" data-height=\"169\" aria-label=\"\" role=\"img\" ><\/div>\n\t\t\t\t\t\t\t\t\t\t\t<div class=\"elementor-gallery-item__overlay\"><\/div>\n\t\t\t\t\t\t\t\t\t\t\t\t\t\t<\/a>\n\t\t\t\t\t\t\t<a class=\"e-gallery-item elementor-gallery-item elementor-animated-content\" href=\"https:\/\/der-wasserwirt.at\/wp-content\/uploads\/2024\/04\/mx10-27-139-53-_-2022-10-28_101059.jpg\" data-elementor-open-lightbox=\"yes\" data-elementor-lightbox-slideshow=\"43e53ee\" data-elementor-lightbox-title=\"mx10-27-139-53 _ 2022-10-28_101059\" data-e-action-hash=\"#elementor-action%3Aaction%3Dlightbox%26settings%3DeyJpZCI6MzA5OSwidXJsIjoiaHR0cHM6XC9cL2Rlci13YXNzZXJ3aXJ0LmF0XC93cC1jb250ZW50XC91cGxvYWRzXC8yMDI0XC8wNFwvbXgxMC0yNy0xMzktNTMtXy0yMDIyLTEwLTI4XzEwMTA1OS5qcGciLCJzbGlkZXNob3ciOiI0M2U1M2VlIn0%3D\">\n\t\t\t\t\t<div class=\"e-gallery-image elementor-gallery-item__image\" data-thumbnail=\"https:\/\/der-wasserwirt.at\/wp-content\/uploads\/2024\/04\/mx10-27-139-53-_-2022-10-28_101059-300x169.jpg\" data-width=\"300\" data-height=\"169\" aria-label=\"\" role=\"img\" ><\/div>\n\t\t\t\t\t\t\t\t\t\t\t<div class=\"elementor-gallery-item__overlay\"><\/div>\n\t\t\t\t\t\t\t\t\t\t\t\t\t\t<\/a>\n\t\t\t\t\t<\/div>\n\t\t\t<\/div>\n\t\t\t\t<\/div>\n\t\t\t\t\t<\/div>\n\t\t<\/div>\n\t\t\t\t<div class=\"elementor-column elementor-col-50 elementor-inner-column elementor-element elementor-element-16e8ee0\" data-id=\"16e8ee0\" data-element_type=\"column\">\n\t\t\t<div class=\"elementor-widget-wrap elementor-element-populated\">\n\t\t\t\t\t\t<div class=\"elementor-element elementor-element-8b521c0 elementor-widget elementor-widget-heading\" data-id=\"8b521c0\" data-element_type=\"widget\" data-widget_type=\"heading.default\">\n\t\t\t\t<div class=\"elementor-widget-container\">\n\t\t\t<h2 class=\"elementor-heading-title elementor-size-default\">Wawi Fischerkennung - resistivity counter<\/h2>\t\t<\/div>\n\t\t\t\t<\/div>\n\t\t\t\t<div class=\"elementor-element elementor-element-a65fe67 elementor-widget elementor-widget-text-editor\" data-id=\"a65fe67\" data-element_type=\"widget\" data-widget_type=\"text-editor.default\">\n\t\t\t\t<div class=\"elementor-widget-container\">\n\t\t\t\t\t\t\t<div class=\"panel-pane pane-entity-field pane-node-body\"><div class=\"pane-content\"><div class=\"field-body\"><p><span style=\"text-decoration: underline;\"><strong>Funktionsablauf<\/strong><\/span><\/p><ul><li>Die FLS wird mit einer Sensorik zur Fischerkennung (Durchgangswiderstandsmessung) ausgestattet.<\/li><li>Durchschwimmt ein Fisch (mehrere Individuen oder Schwarm) die Konstruktion, wird dies als Auf- oder Abstieg wahrgenommen, abh\u00e4ngig von der Bewegungsrichtung.<\/li><li>Sobald ein Fisch (mehrere Individuen oder Schwarm) die Konstruktion durchschwimmt, wird der Aufstieg der FLS eingeleitet.<\/li><li>Die Anzahl der H\u00fcbe kann bis zu 50% reduziert werden.<\/li><li>Die Daten werden mittels eigener Software erfasst und k\u00f6nnen digital ausgelesen werden -&gt; auch als Monitoringsystem anwendbar.<\/li><li>Die Datenerfassung kann mit der Steuervorrichtung der FLS kombiniert werden.<\/li><li>Das System kann mit einer oder mehreren Kameras ausgestattet werden, dadurch ist kein zus\u00e4tzliches Monitoringsystem notwendig.<\/li><\/ul><p>\u00a0<\/p><p><span style=\"text-decoration: underline;\"><strong>Vorteile des Systems<\/strong><\/span><\/p><ul><li>Standortangepasste Dimensionierung<\/li><li>Reduzierung der Anzahl der H\u00fcbe<\/li><li>Kombination mit allen FLS-Typen m\u00f6glich<\/li><li>Wartungsarm<\/li><li>Daten online einsehbar\/ auszulesen (Monitoring m\u00f6glich)<\/li><li>Keine Verletzungsgefahr f\u00fcr Organismen<\/li><\/ul><\/div><p>\u00a0<\/p><p><span style=\"text-decoration: underline;\"><strong>Ziele<\/strong><\/span><\/p><ul><li>Erg\u00e4nzt klassische Monitorings<\/li><li>Dauerhafte Aufzeichnung von Fischbewegungen<\/li><li>Reusenersatz<\/li><li>Fl\u00e4chendeckende Daten<\/li><li>Anlagenschonung und -optimierung der FLS<\/li><\/ul><p>\u00a0<\/p><\/div><\/div>\t\t\t\t\t\t<\/div>\n\t\t\t\t<\/div>\n\t\t\t\t\t<\/div>\n\t\t<\/div>\n\t\t\t\t\t<\/div>\n\t\t<\/section>\n\t\t\t\t\t<\/div>\n\t\t<\/div>\n\t\t\t\t\t<\/div>\n\t\t<\/section>\n\t\t\t\t<section class=\"elementor-section elementor-top-section elementor-element elementor-element-9228c88 elementor-section-boxed elementor-section-height-default elementor-section-height-default\" data-id=\"9228c88\" data-element_type=\"section\">\n\t\t\t\t\t\t<div class=\"elementor-container elementor-column-gap-default\">\n\t\t\t\t\t<div class=\"elementor-column elementor-col-100 elementor-top-column elementor-element elementor-element-7f231b9\" data-id=\"7f231b9\" data-element_type=\"column\">\n\t\t\t<div class=\"elementor-widget-wrap\">\n\t\t\t\t\t\t\t<\/div>\n\t\t<\/div>\n\t\t\t\t\t<\/div>\n\t\t<\/section>\n\t\t\t\t<section class=\"elementor-section elementor-top-section elementor-element elementor-element-2df729e elementor-section-boxed elementor-section-height-default elementor-section-height-default\" data-id=\"2df729e\" data-element_type=\"section\">\n\t\t\t\t\t\t<div class=\"elementor-container elementor-column-gap-default\">\n\t\t\t\t\t<div class=\"elementor-column elementor-col-100 elementor-top-column elementor-element elementor-element-80c4bf1\" data-id=\"80c4bf1\" data-element_type=\"column\">\n\t\t\t<div class=\"elementor-widget-wrap elementor-element-populated\">\n\t\t\t\t\t\t<div class=\"elementor-element elementor-element-ff9b654 elementor-align-right elementor-widget elementor-widget-button\" data-id=\"ff9b654\" data-element_type=\"widget\" data-widget_type=\"button.default\">\n\t\t\t\t<div class=\"elementor-widget-container\">\n\t\t\t\t\t<div class=\"elementor-button-wrapper\">\n\t\t\t<a class=\"elementor-button elementor-button-link elementor-size-md\" href=\"\/de\/wasserwirtschaft-und-kulturtechnik\/\">\n\t\t\t\t\t\t<span class=\"elementor-button-content-wrapper\">\n\t\t\t\t\t\t<span class=\"elementor-button-text\">Zur\u00fcck<\/span>\n\t\t<\/span>\n\t\t\t\t\t<\/a>\n\t\t<\/div>\n\t\t\t\t<\/div>\n\t\t\t\t<\/div>\n\t\t\t\t\t<\/div>\n\t\t<\/div>\n\t\t\t\t\t<\/div>\n\t\t<\/section>\n\t\t\t\t<\/div>\n\t\t","protected":false},"excerpt":{"rendered":"<p>Fischerkennung Wawi Fischerkennung &#8211; resistivity counter Funktionsablauf Die FLS wird mit einer Sensorik zur Fischerkennung (Durchgangswiderstandsmessung) ausgestattet. Durchschwimmt ein Fisch (mehrere Individuen oder Schwarm) die Konstruktion, wird dies als Auf- oder Abstieg wahrgenommen, abh\u00e4ngig von der Bewegungsrichtung. Sobald ein Fisch (mehrere Individuen oder Schwarm) die Konstruktion durchschwimmt, wird der Aufstieg der FLS eingeleitet. Die Anzahl [&hellip;]<\/p>\n","protected":false},"author":3,"featured_media":3097,"parent":0,"menu_order":0,"comment_status":"closed","ping_status":"closed","template":"","meta":{"footnotes":""},"yoast_head":"<!-- This site is optimized with the Yoast SEO plugin v22.4 - https:\/\/yoast.com\/wordpress\/plugins\/seo\/ -->\n<title>Planung &amp; Baubegleitung - Wasserwirtschaft &#8902; Der Wasserwirt<\/title>\n<meta name=\"description\" content=\"Das Team von der Wasserwirt \u00fcbernimmt die gesamte Planung und Baubegleitung f\u00fcr Projekte in der Wasserwirtschaft in \u00d6sterreich, Deutschland und der Schweiz. Die Fischerkennung ist ein Teil der Fischliftschleuse, kann aber auch f\u00fcr Monitoringzwecke eingesetzt werden.\" \/>\n<meta name=\"robots\" content=\"index, follow, max-snippet:-1, max-image-preview:large, max-video-preview:-1\" \/>\n<link rel=\"canonical\" href=\"https:\/\/der-wasserwirt.at\/de\/fischerkennung\/\" \/>\n<meta property=\"og:locale\" content=\"de_DE\" \/>\n<meta property=\"og:type\" content=\"article\" \/>\n<meta property=\"og:title\" content=\"Planung &amp; Baubegleitung - Wasserwirtschaft &#8902; Der Wasserwirt\" \/>\n<meta property=\"og:description\" content=\"Das Team von der Wasserwirt \u00fcbernimmt die gesamte Planung und Baubegleitung f\u00fcr Projekte in der Wasserwirtschaft in \u00d6sterreich, Deutschland und der Schweiz. Die Fischerkennung ist ein Teil der Fischliftschleuse, kann aber auch f\u00fcr Monitoringzwecke eingesetzt werden.\" \/>\n<meta property=\"og:url\" content=\"https:\/\/der-wasserwirt.at\/de\/fischerkennung\/\" \/>\n<meta property=\"og:site_name\" content=\"Der Wasserwirt\" \/>\n<meta property=\"article:modified_time\" content=\"2024-04-10T07:48:11+00:00\" \/>\n<meta property=\"og:image\" content=\"https:\/\/der-wasserwirt.at\/wp-content\/uploads\/2024\/04\/mx10-27-139-53-_-2022-10-28_123511.jpg\" \/>\n\t<meta property=\"og:image:width\" content=\"1278\" \/>\n\t<meta property=\"og:image:height\" content=\"718\" \/>\n\t<meta property=\"og:image:type\" content=\"image\/jpeg\" \/>\n<meta name=\"twitter:card\" content=\"summary_large_image\" \/>\n<meta name=\"twitter:label1\" content=\"Gesch\u00e4tzte Lesezeit\" \/>\n\t<meta name=\"twitter:data1\" content=\"1\u00a0Minute\" \/>\n<script type=\"application\/ld+json\" class=\"yoast-schema-graph\">{\"@context\":\"https:\/\/schema.org\",\"@graph\":[{\"@type\":\"WebPage\",\"@id\":\"https:\/\/der-wasserwirt.at\/de\/fischerkennung\/\",\"url\":\"https:\/\/der-wasserwirt.at\/de\/fischerkennung\/\",\"name\":\"Planung & Baubegleitung - Wasserwirtschaft &#8902; Der Wasserwirt\",\"isPartOf\":{\"@id\":\"https:\/\/der-wasserwirt.at\/de\/#website\"},\"primaryImageOfPage\":{\"@id\":\"https:\/\/der-wasserwirt.at\/de\/fischerkennung\/#primaryimage\"},\"image\":{\"@id\":\"https:\/\/der-wasserwirt.at\/de\/fischerkennung\/#primaryimage\"},\"thumbnailUrl\":\"https:\/\/der-wasserwirt.at\/wp-content\/uploads\/2024\/04\/mx10-27-139-53-_-2022-10-28_123511.jpg\",\"datePublished\":\"2024-04-09T09:10:30+00:00\",\"dateModified\":\"2024-04-10T07:48:11+00:00\",\"description\":\"Das Team von der Wasserwirt \u00fcbernimmt die gesamte Planung und Baubegleitung f\u00fcr Projekte in der Wasserwirtschaft in \u00d6sterreich, Deutschland und der Schweiz. Die Fischerkennung ist ein Teil der Fischliftschleuse, kann aber auch f\u00fcr Monitoringzwecke eingesetzt werden.\",\"breadcrumb\":{\"@id\":\"https:\/\/der-wasserwirt.at\/de\/fischerkennung\/#breadcrumb\"},\"inLanguage\":\"de\",\"potentialAction\":[{\"@type\":\"ReadAction\",\"target\":[\"https:\/\/der-wasserwirt.at\/de\/fischerkennung\/\"]}]},{\"@type\":\"ImageObject\",\"inLanguage\":\"de\",\"@id\":\"https:\/\/der-wasserwirt.at\/de\/fischerkennung\/#primaryimage\",\"url\":\"https:\/\/der-wasserwirt.at\/wp-content\/uploads\/2024\/04\/mx10-27-139-53-_-2022-10-28_123511.jpg\",\"contentUrl\":\"https:\/\/der-wasserwirt.at\/wp-content\/uploads\/2024\/04\/mx10-27-139-53-_-2022-10-28_123511.jpg\",\"width\":1278,\"height\":718},{\"@type\":\"BreadcrumbList\",\"@id\":\"https:\/\/der-wasserwirt.at\/de\/fischerkennung\/#breadcrumb\",\"itemListElement\":[{\"@type\":\"ListItem\",\"position\":1,\"name\":\"Startseite\",\"item\":\"https:\/\/der-wasserwirt.at\/de\/\"},{\"@type\":\"ListItem\",\"position\":2,\"name\":\"WAWI Fischerkennung\"}]},{\"@type\":\"WebSite\",\"@id\":\"https:\/\/der-wasserwirt.at\/de\/#website\",\"url\":\"https:\/\/der-wasserwirt.at\/de\/\",\"name\":\"Der Wasserwirt\",\"description\":\"Wasserwirtschaft - Kulturtechnik - Forschung\",\"publisher\":{\"@id\":\"https:\/\/der-wasserwirt.at\/de\/#organization\"},\"potentialAction\":[{\"@type\":\"SearchAction\",\"target\":{\"@type\":\"EntryPoint\",\"urlTemplate\":\"https:\/\/der-wasserwirt.at\/de\/?s={search_term_string}\"},\"query-input\":\"required name=search_term_string\"}],\"inLanguage\":\"de\"},{\"@type\":\"Organization\",\"@id\":\"https:\/\/der-wasserwirt.at\/de\/#organization\",\"name\":\"Der Wasserwirt\",\"url\":\"https:\/\/der-wasserwirt.at\/de\/\",\"logo\":{\"@type\":\"ImageObject\",\"inLanguage\":\"de\",\"@id\":\"https:\/\/der-wasserwirt.at\/de\/#\/schema\/logo\/image\/\",\"url\":\"https:\/\/der-wasserwirt.at\/wp-content\/uploads\/2019\/11\/Favicon-Der-Wasserwirt.png\",\"contentUrl\":\"https:\/\/der-wasserwirt.at\/wp-content\/uploads\/2019\/11\/Favicon-Der-Wasserwirt.png\",\"width\":512,\"height\":512,\"caption\":\"Der Wasserwirt\"},\"image\":{\"@id\":\"https:\/\/der-wasserwirt.at\/de\/#\/schema\/logo\/image\/\"}}]}<\/script>\n<!-- \/ Yoast SEO plugin. -->","yoast_head_json":{"title":"Planung & Baubegleitung - Wasserwirtschaft &#8902; Der Wasserwirt","description":"Das Team von der Wasserwirt \u00fcbernimmt die gesamte Planung und Baubegleitung f\u00fcr Projekte in der Wasserwirtschaft in \u00d6sterreich, Deutschland und der Schweiz. Die Fischerkennung ist ein Teil der Fischliftschleuse, kann aber auch f\u00fcr Monitoringzwecke eingesetzt werden.","robots":{"index":"index","follow":"follow","max-snippet":"max-snippet:-1","max-image-preview":"max-image-preview:large","max-video-preview":"max-video-preview:-1"},"canonical":"https:\/\/der-wasserwirt.at\/de\/fischerkennung\/","og_locale":"de_DE","og_type":"article","og_title":"Planung & Baubegleitung - Wasserwirtschaft &#8902; Der Wasserwirt","og_description":"Das Team von der Wasserwirt \u00fcbernimmt die gesamte Planung und Baubegleitung f\u00fcr Projekte in der Wasserwirtschaft in \u00d6sterreich, Deutschland und der Schweiz. Die Fischerkennung ist ein Teil der Fischliftschleuse, kann aber auch f\u00fcr Monitoringzwecke eingesetzt werden.","og_url":"https:\/\/der-wasserwirt.at\/de\/fischerkennung\/","og_site_name":"Der Wasserwirt","article_modified_time":"2024-04-10T07:48:11+00:00","og_image":[{"width":1278,"height":718,"url":"https:\/\/der-wasserwirt.at\/wp-content\/uploads\/2024\/04\/mx10-27-139-53-_-2022-10-28_123511.jpg","type":"image\/jpeg"}],"twitter_card":"summary_large_image","twitter_misc":{"Gesch\u00e4tzte Lesezeit":"1\u00a0Minute"},"schema":{"@context":"https:\/\/schema.org","@graph":[{"@type":"WebPage","@id":"https:\/\/der-wasserwirt.at\/de\/fischerkennung\/","url":"https:\/\/der-wasserwirt.at\/de\/fischerkennung\/","name":"Planung & Baubegleitung - Wasserwirtschaft &#8902; Der Wasserwirt","isPartOf":{"@id":"https:\/\/der-wasserwirt.at\/de\/#website"},"primaryImageOfPage":{"@id":"https:\/\/der-wasserwirt.at\/de\/fischerkennung\/#primaryimage"},"image":{"@id":"https:\/\/der-wasserwirt.at\/de\/fischerkennung\/#primaryimage"},"thumbnailUrl":"https:\/\/der-wasserwirt.at\/wp-content\/uploads\/2024\/04\/mx10-27-139-53-_-2022-10-28_123511.jpg","datePublished":"2024-04-09T09:10:30+00:00","dateModified":"2024-04-10T07:48:11+00:00","description":"Das Team von der Wasserwirt \u00fcbernimmt die gesamte Planung und Baubegleitung f\u00fcr Projekte in der Wasserwirtschaft in \u00d6sterreich, Deutschland und der Schweiz. Die Fischerkennung ist ein Teil der Fischliftschleuse, kann aber auch f\u00fcr Monitoringzwecke eingesetzt werden.","breadcrumb":{"@id":"https:\/\/der-wasserwirt.at\/de\/fischerkennung\/#breadcrumb"},"inLanguage":"de","potentialAction":[{"@type":"ReadAction","target":["https:\/\/der-wasserwirt.at\/de\/fischerkennung\/"]}]},{"@type":"ImageObject","inLanguage":"de","@id":"https:\/\/der-wasserwirt.at\/de\/fischerkennung\/#primaryimage","url":"https:\/\/der-wasserwirt.at\/wp-content\/uploads\/2024\/04\/mx10-27-139-53-_-2022-10-28_123511.jpg","contentUrl":"https:\/\/der-wasserwirt.at\/wp-content\/uploads\/2024\/04\/mx10-27-139-53-_-2022-10-28_123511.jpg","width":1278,"height":718},{"@type":"BreadcrumbList","@id":"https:\/\/der-wasserwirt.at\/de\/fischerkennung\/#breadcrumb","itemListElement":[{"@type":"ListItem","position":1,"name":"Startseite","item":"https:\/\/der-wasserwirt.at\/de\/"},{"@type":"ListItem","position":2,"name":"WAWI Fischerkennung"}]},{"@type":"WebSite","@id":"https:\/\/der-wasserwirt.at\/de\/#website","url":"https:\/\/der-wasserwirt.at\/de\/","name":"Der Wasserwirt","description":"Wasserwirtschaft - Kulturtechnik - Forschung","publisher":{"@id":"https:\/\/der-wasserwirt.at\/de\/#organization"},"potentialAction":[{"@type":"SearchAction","target":{"@type":"EntryPoint","urlTemplate":"https:\/\/der-wasserwirt.at\/de\/?s={search_term_string}"},"query-input":"required name=search_term_string"}],"inLanguage":"de"},{"@type":"Organization","@id":"https:\/\/der-wasserwirt.at\/de\/#organization","name":"Der Wasserwirt","url":"https:\/\/der-wasserwirt.at\/de\/","logo":{"@type":"ImageObject","inLanguage":"de","@id":"https:\/\/der-wasserwirt.at\/de\/#\/schema\/logo\/image\/","url":"https:\/\/der-wasserwirt.at\/wp-content\/uploads\/2019\/11\/Favicon-Der-Wasserwirt.png","contentUrl":"https:\/\/der-wasserwirt.at\/wp-content\/uploads\/2019\/11\/Favicon-Der-Wasserwirt.png","width":512,"height":512,"caption":"Der Wasserwirt"},"image":{"@id":"https:\/\/der-wasserwirt.at\/de\/#\/schema\/logo\/image\/"}}]}},"_links":{"self":[{"href":"https:\/\/der-wasserwirt.at\/de\/wp-json\/wp\/v2\/pages\/3090"}],"collection":[{"href":"https:\/\/der-wasserwirt.at\/de\/wp-json\/wp\/v2\/pages"}],"about":[{"href":"https:\/\/der-wasserwirt.at\/de\/wp-json\/wp\/v2\/types\/page"}],"author":[{"embeddable":true,"href":"https:\/\/der-wasserwirt.at\/de\/wp-json\/wp\/v2\/users\/3"}],"replies":[{"embeddable":true,"href":"https:\/\/der-wasserwirt.at\/de\/wp-json\/wp\/v2\/comments?post=3090"}],"version-history":[{"count":12,"href":"https:\/\/der-wasserwirt.at\/de\/wp-json\/wp\/v2\/pages\/3090\/revisions"}],"predecessor-version":[{"id":3139,"href":"https:\/\/der-wasserwirt.at\/de\/wp-json\/wp\/v2\/pages\/3090\/revisions\/3139"}],"wp:featuredmedia":[{"embeddable":true,"href":"https:\/\/der-wasserwirt.at\/de\/wp-json\/wp\/v2\/media\/3097"}],"wp:attachment":[{"href":"https:\/\/der-wasserwirt.at\/de\/wp-json\/wp\/v2\/media?parent=3090"}],"curies":[{"name":"wp","href":"https:\/\/api.w.org\/{rel}","templated":true}]}}