{"id":3221,"date":"2025-02-03T14:12:58","date_gmt":"2025-02-03T13:12:58","guid":{"rendered":"https:\/\/der-wasserwirt.at\/?page_id=3221"},"modified":"2025-02-03T15:51:16","modified_gmt":"2025-02-03T14:51:16","slug":"probenahmesystem","status":"publish","type":"page","link":"https:\/\/der-wasserwirt.at\/de\/probenahmesystem\/","title":{"rendered":"Probenahmesystem"},"content":{"rendered":"\t\t<div data-elementor-type=\"wp-page\" data-elementor-id=\"3221\" class=\"elementor elementor-3221\" data-elementor-post-type=\"page\">\n\t\t\t\t\t\t<section class=\"elementor-section elementor-top-section elementor-element elementor-element-8e2b454 elementor-section-boxed elementor-section-height-default elementor-section-height-default\" data-id=\"8e2b454\" data-element_type=\"section\" data-settings=\"{&quot;background_background&quot;:&quot;classic&quot;}\">\n\t\t\t\t\t\t<div class=\"elementor-container elementor-column-gap-default\">\n\t\t\t\t\t<div class=\"elementor-column elementor-col-100 elementor-top-column elementor-element elementor-element-92433bc\" data-id=\"92433bc\" data-element_type=\"column\">\n\t\t\t<div class=\"elementor-widget-wrap elementor-element-populated\">\n\t\t\t\t\t\t<div class=\"elementor-element elementor-element-40320ab elementor-widget elementor-widget-heading\" data-id=\"40320ab\" data-element_type=\"widget\" data-widget_type=\"heading.default\">\n\t\t\t\t<div class=\"elementor-widget-container\">\n\t\t\t<h2 class=\"elementor-heading-title elementor-size-default\">Probenahmesystem nach der Wasserwirt<\/h2>\t\t<\/div>\n\t\t\t\t<\/div>\n\t\t\t\t\t<\/div>\n\t\t<\/div>\n\t\t\t\t\t<\/div>\n\t\t<\/section>\n\t\t\t\t<section class=\"elementor-section elementor-top-section elementor-element elementor-element-0ec1544 elementor-section-boxed elementor-section-height-default elementor-section-height-default\" data-id=\"0ec1544\" data-element_type=\"section\">\n\t\t\t\t\t\t<div class=\"elementor-container elementor-column-gap-default\">\n\t\t\t\t\t<div class=\"elementor-column elementor-col-100 elementor-top-column elementor-element elementor-element-978c6fe\" data-id=\"978c6fe\" data-element_type=\"column\">\n\t\t\t<div class=\"elementor-widget-wrap elementor-element-populated\">\n\t\t\t\t\t\t<section class=\"elementor-section elementor-inner-section elementor-element elementor-element-6ede33e elementor-section-boxed elementor-section-height-default elementor-section-height-default\" data-id=\"6ede33e\" data-element_type=\"section\">\n\t\t\t\t\t\t<div class=\"elementor-container elementor-column-gap-default\">\n\t\t\t\t\t<div class=\"elementor-column elementor-col-100 elementor-inner-column elementor-element elementor-element-41824ba\" data-id=\"41824ba\" data-element_type=\"column\">\n\t\t\t<div class=\"elementor-widget-wrap elementor-element-populated\">\n\t\t\t\t\t\t<div class=\"elementor-element elementor-element-6ba7bcf elementor-widget elementor-widget-heading\" data-id=\"6ba7bcf\" data-element_type=\"widget\" data-widget_type=\"heading.default\">\n\t\t\t\t<div class=\"elementor-widget-container\">\n\t\t\t<h2 class=\"elementor-heading-title elementor-size-default\">Innovative Probenahmetechnik f\u00fcr saubere Gew\u00e4sser<\/h2>\t\t<\/div>\n\t\t\t\t<\/div>\n\t\t\t\t<div class=\"elementor-element elementor-element-02979a5 elementor-widget elementor-widget-text-editor\" data-id=\"02979a5\" data-element_type=\"widget\" data-widget_type=\"text-editor.default\">\n\t\t\t\t<div class=\"elementor-widget-container\">\n\t\t\t\t\t\t\t<p><strong>Pr\u00e4zise und energieunabh\u00e4ngige Erfassung von Schadstoffeintr\u00e4gen<\/strong><\/p><p>Unser patentiertes <strong>First Flush Probenahmesystem<\/strong> setzt neue Ma\u00dfst\u00e4be in der Gew\u00e4sser\u00fcberwachung. Es erm\u00f6glicht eine <strong>gesetzeskonforme, ereignisbasierte und repr\u00e4sentative Probenahme<\/strong> direkt w\u00e4hrend der ersten Niederschlagsphasen \u2013 dem sogenannten <strong>First Flush<\/strong>. In diesem Zeitraum treten die h\u00f6chsten Schadstoffkonzentrationen auf, sodass eine exakte Analyse der Eintr\u00e4ge in Oberfl\u00e4chengew\u00e4sser oder Grundwasser erm\u00f6glicht wird.<\/p><p>Das System ist vollst\u00e4ndig <strong>energieunabh\u00e4ngig<\/strong>. Es ist wartungsarm und ressourcenschonend und kann flexibel sowohl f\u00fcr den <strong>Zulauf als auch den Ablauf<\/strong> von Gew\u00e4sserschutzanlagen bzw. von Entw\u00e4sserungssystemen eingesetzt werden.<\/p><p>Dank der pr\u00e4zisen Erfassung und Darstellung des <strong>Schmutzfrachtenverlaufs<\/strong> liefert unser System die notwendigen Daten, um <strong>gesetzliche Vorgaben zu erf\u00fcllen, Umweltbelastungen zu minimieren und Gew\u00e4sserschutzma\u00dfnahmen zu optimieren<\/strong>.<\/p><p><strong>Unsere L\u00f6sung auf einen Blick<\/strong>:<\/p><ul><li><p><strong>Kalibrierte First Flush-(Zulauf) und Ablauf-Probenahme<\/strong>: Erfassung der schadstoffreichsten Abfl\u00fcsse aus Verkehrsfl\u00e4chen, Industrieanlagen und Siedlungsgebieten<\/p><\/li><li><p><strong>Energieunabh\u00e4ngig &amp; wartungsarm<\/strong>: Hydraulische Steuerung ohne externe Stromversorgung<\/p><\/li><li><p><strong>Automatische Probenahme<\/strong>: Flexibel einsetzbar je nach Bedarf<\/p><\/li><li><p><strong>Erfassung relevanter Parameter<\/strong>: Kohlenwasserstoffe, Schwermetalle, Mikroplastik, Reifenabrieb, PFAS, Pestizide und weitere Schadstoffe<\/p><\/li><li><p><strong>Monitoring &amp; Dokumentation<\/strong>: Pr\u00e4zise Verlaufsdaten f\u00fcr Umweltanalysen und regulatorische Nachweise<\/p><\/li><li><p><strong>Einsatzbereiche<\/strong>: Stra\u00dfen- und Schienenverkehr, Industrieanlagen, Gew\u00e4sserschutzanlagen<\/p><\/li><\/ul><p>Unser System liefert belastbare Daten f\u00fcr eine nachhaltige Gew\u00e4sserbewirtschaftung \u2013 <strong>pr\u00e4zise, effizient und zuverl\u00e4ssig<\/strong>.<\/p>\t\t\t\t\t\t<\/div>\n\t\t\t\t<\/div>\n\t\t\t\t<div class=\"elementor-element elementor-element-2b4e140 elementor-align-right elementor-widget elementor-widget-button\" data-id=\"2b4e140\" data-element_type=\"widget\" data-widget_type=\"button.default\">\n\t\t\t\t<div class=\"elementor-widget-container\">\n\t\t\t\t\t<div class=\"elementor-button-wrapper\">\n\t\t\t<a class=\"elementor-button elementor-button-link elementor-size-md\" href=\"\/de\/gewaesserschutz\/\">\n\t\t\t\t\t\t<span class=\"elementor-button-content-wrapper\">\n\t\t\t\t\t\t<span class=\"elementor-button-text\">Zur\u00fcck<\/span>\n\t\t<\/span>\n\t\t\t\t\t<\/a>\n\t\t<\/div>\n\t\t\t\t<\/div>\n\t\t\t\t<\/div>\n\t\t\t\t\t<\/div>\n\t\t<\/div>\n\t\t\t\t\t<\/div>\n\t\t<\/section>\n\t\t\t\t<div class=\"elementor-element elementor-element-a5563fa elementor-arrows-position-inside elementor-pagination-position-outside elementor-widget elementor-widget-image-carousel\" data-id=\"a5563fa\" data-element_type=\"widget\" data-settings=\"{&quot;slides_to_show&quot;:&quot;1&quot;,&quot;navigation&quot;:&quot;both&quot;,&quot;autoplay&quot;:&quot;yes&quot;,&quot;pause_on_hover&quot;:&quot;yes&quot;,&quot;pause_on_interaction&quot;:&quot;yes&quot;,&quot;autoplay_speed&quot;:5000,&quot;infinite&quot;:&quot;yes&quot;,&quot;effect&quot;:&quot;slide&quot;,&quot;speed&quot;:500}\" data-widget_type=\"image-carousel.default\">\n\t\t\t\t<div class=\"elementor-widget-container\">\n\t\t\t\t\t<div class=\"elementor-image-carousel-wrapper swiper\" dir=\"ltr\">\n\t\t\t<div class=\"elementor-image-carousel swiper-wrapper\" aria-live=\"off\">\n\t\t\t\t\t\t\t\t<div class=\"swiper-slide\" role=\"group\" aria-roledescription=\"slide\" aria-label=\"1 von 5\"><figure class=\"swiper-slide-inner\"><img decoding=\"async\" class=\"swiper-slide-image\" src=\"https:\/\/der-wasserwirt.at\/wp-content\/uploads\/2025\/02\/IMG_5297_02-1-scaled.jpg\" alt=\"Gesetzeskonformes Probenahmesystem\" \/><\/figure><\/div><div class=\"swiper-slide\" role=\"group\" aria-roledescription=\"slide\" aria-label=\"2 von 5\"><figure class=\"swiper-slide-inner\"><img decoding=\"async\" class=\"swiper-slide-image\" src=\"https:\/\/der-wasserwirt.at\/wp-content\/uploads\/2025\/02\/signal-2021-05-11-150315_003.jpeg\" alt=\"Probenahmesystem\" \/><\/figure><\/div><div class=\"swiper-slide\" role=\"group\" aria-roledescription=\"slide\" aria-label=\"3 von 5\"><figure class=\"swiper-slide-inner\"><img decoding=\"async\" class=\"swiper-slide-image\" src=\"https:\/\/der-wasserwirt.at\/wp-content\/uploads\/2025\/02\/signal-2022-06-14-225640_009.jpeg\" alt=\"Gew\u00e4sserschutzanlage\" \/><\/figure><\/div><div class=\"swiper-slide\" role=\"group\" aria-roledescription=\"slide\" aria-label=\"4 von 5\"><figure class=\"swiper-slide-inner\"><img decoding=\"async\" class=\"swiper-slide-image\" src=\"https:\/\/der-wasserwirt.at\/wp-content\/uploads\/2025\/02\/signal-2022-08-08-182214_010.jpeg\" alt=\"signal-2022-08-08-182214_010\" \/><\/figure><\/div><div class=\"swiper-slide\" role=\"group\" aria-roledescription=\"slide\" aria-label=\"5 von 5\"><figure class=\"swiper-slide-inner\"><img decoding=\"async\" class=\"swiper-slide-image\" src=\"https:\/\/der-wasserwirt.at\/wp-content\/uploads\/2025\/02\/signal-2023-02-27-123259_003.jpeg\" alt=\"signal-2023-02-27-123259_003\" \/><\/figure><\/div>\t\t\t<\/div>\n\t\t\t\t\t\t\t\t\t\t\t\t<div class=\"elementor-swiper-button elementor-swiper-button-prev\" role=\"button\" tabindex=\"0\">\n\t\t\t\t\t\t<i aria-hidden=\"true\" class=\"eicon-chevron-left\"><\/i>\t\t\t\t\t<\/div>\n\t\t\t\t\t<div class=\"elementor-swiper-button elementor-swiper-button-next\" role=\"button\" tabindex=\"0\">\n\t\t\t\t\t\t<i aria-hidden=\"true\" class=\"eicon-chevron-right\"><\/i>\t\t\t\t\t<\/div>\n\t\t\t\t\n\t\t\t\t\t\t\t\t\t<div class=\"swiper-pagination\"><\/div>\n\t\t\t\t\t\t\t\t\t<\/div>\n\t\t\t\t<\/div>\n\t\t\t\t<\/div>\n\t\t\t\t\t<\/div>\n\t\t<\/div>\n\t\t\t\t\t<\/div>\n\t\t<\/section>\n\t\t\t\t<\/div>\n\t\t","protected":false},"excerpt":{"rendered":"<p>Probenahmesystem nach der Wasserwirt Innovative Probenahmetechnik f\u00fcr saubere Gew\u00e4sser Pr\u00e4zise und energieunabh\u00e4ngige Erfassung von Schadstoffeintr\u00e4gen Unser patentiertes First Flush Probenahmesystem setzt neue Ma\u00dfst\u00e4be in der Gew\u00e4sser\u00fcberwachung. Es erm\u00f6glicht eine gesetzeskonforme, ereignisbasierte und repr\u00e4sentative Probenahme direkt w\u00e4hrend der ersten Niederschlagsphasen \u2013 dem sogenannten First Flush. In diesem Zeitraum treten die h\u00f6chsten Schadstoffkonzentrationen auf, sodass eine exakte [&hellip;]<\/p>\n","protected":false},"author":3,"featured_media":3228,"parent":0,"menu_order":0,"comment_status":"closed","ping_status":"closed","template":"","meta":{"footnotes":""},"yoast_head":"<!-- This site is optimized with the Yoast SEO plugin v22.4 - https:\/\/yoast.com\/wordpress\/plugins\/seo\/ -->\n<title>Probenahmesystem &#8902; Der Wasserwirt<\/title>\n<meta name=\"description\" content=\"Wir sind Ihr Partner f\u00fcr die Entnahme von Wasserproben! Durch dieses Probenahmesystem erfolgt eine gesetzeskonforme Probenahme.\" \/>\n<meta name=\"robots\" content=\"index, follow, max-snippet:-1, max-image-preview:large, max-video-preview:-1\" \/>\n<link rel=\"canonical\" href=\"https:\/\/der-wasserwirt.at\/de\/probenahmesystem\/\" \/>\n<meta property=\"og:locale\" content=\"de_DE\" \/>\n<meta property=\"og:type\" content=\"article\" \/>\n<meta property=\"og:title\" content=\"Probenahmesystem &#8902; Der Wasserwirt\" \/>\n<meta property=\"og:description\" content=\"Wir sind Ihr Partner f\u00fcr die Entnahme von Wasserproben! Durch dieses Probenahmesystem erfolgt eine gesetzeskonforme Probenahme.\" \/>\n<meta property=\"og:url\" content=\"https:\/\/der-wasserwirt.at\/de\/probenahmesystem\/\" \/>\n<meta property=\"og:site_name\" content=\"Der Wasserwirt\" \/>\n<meta property=\"article:modified_time\" content=\"2025-02-03T14:51:16+00:00\" \/>\n<meta property=\"og:image\" content=\"https:\/\/der-wasserwirt.at\/wp-content\/uploads\/2025\/02\/IMG_5297_02-scaled.jpg\" \/>\n\t<meta property=\"og:image:width\" content=\"2560\" \/>\n\t<meta property=\"og:image:height\" content=\"1519\" \/>\n\t<meta property=\"og:image:type\" content=\"image\/jpeg\" \/>\n<meta name=\"twitter:card\" content=\"summary_large_image\" \/>\n<meta name=\"twitter:label1\" content=\"Gesch\u00e4tzte Lesezeit\" \/>\n\t<meta name=\"twitter:data1\" content=\"3\u00a0Minuten\" \/>\n<script type=\"application\/ld+json\" class=\"yoast-schema-graph\">{\"@context\":\"https:\/\/schema.org\",\"@graph\":[{\"@type\":\"WebPage\",\"@id\":\"https:\/\/der-wasserwirt.at\/de\/probenahmesystem\/\",\"url\":\"https:\/\/der-wasserwirt.at\/de\/probenahmesystem\/\",\"name\":\"Probenahmesystem &#8902; Der Wasserwirt\",\"isPartOf\":{\"@id\":\"https:\/\/der-wasserwirt.at\/de\/#website\"},\"primaryImageOfPage\":{\"@id\":\"https:\/\/der-wasserwirt.at\/de\/probenahmesystem\/#primaryimage\"},\"image\":{\"@id\":\"https:\/\/der-wasserwirt.at\/de\/probenahmesystem\/#primaryimage\"},\"thumbnailUrl\":\"https:\/\/der-wasserwirt.at\/wp-content\/uploads\/2025\/02\/IMG_5297_02-scaled.jpg\",\"datePublished\":\"2025-02-03T13:12:58+00:00\",\"dateModified\":\"2025-02-03T14:51:16+00:00\",\"description\":\"Wir sind Ihr Partner f\u00fcr die Entnahme von Wasserproben! Durch dieses Probenahmesystem erfolgt eine gesetzeskonforme Probenahme.\",\"breadcrumb\":{\"@id\":\"https:\/\/der-wasserwirt.at\/de\/probenahmesystem\/#breadcrumb\"},\"inLanguage\":\"de\",\"potentialAction\":[{\"@type\":\"ReadAction\",\"target\":[\"https:\/\/der-wasserwirt.at\/de\/probenahmesystem\/\"]}]},{\"@type\":\"ImageObject\",\"inLanguage\":\"de\",\"@id\":\"https:\/\/der-wasserwirt.at\/de\/probenahmesystem\/#primaryimage\",\"url\":\"https:\/\/der-wasserwirt.at\/wp-content\/uploads\/2025\/02\/IMG_5297_02-scaled.jpg\",\"contentUrl\":\"https:\/\/der-wasserwirt.at\/wp-content\/uploads\/2025\/02\/IMG_5297_02-scaled.jpg\",\"width\":2560,\"height\":1519},{\"@type\":\"BreadcrumbList\",\"@id\":\"https:\/\/der-wasserwirt.at\/de\/probenahmesystem\/#breadcrumb\",\"itemListElement\":[{\"@type\":\"ListItem\",\"position\":1,\"name\":\"Startseite\",\"item\":\"https:\/\/der-wasserwirt.at\/de\/\"},{\"@type\":\"ListItem\",\"position\":2,\"name\":\"Probenahmesystem\"}]},{\"@type\":\"WebSite\",\"@id\":\"https:\/\/der-wasserwirt.at\/de\/#website\",\"url\":\"https:\/\/der-wasserwirt.at\/de\/\",\"name\":\"Der Wasserwirt\",\"description\":\"Wasserwirtschaft - Kulturtechnik - Forschung\",\"publisher\":{\"@id\":\"https:\/\/der-wasserwirt.at\/de\/#organization\"},\"potentialAction\":[{\"@type\":\"SearchAction\",\"target\":{\"@type\":\"EntryPoint\",\"urlTemplate\":\"https:\/\/der-wasserwirt.at\/de\/?s={search_term_string}\"},\"query-input\":\"required name=search_term_string\"}],\"inLanguage\":\"de\"},{\"@type\":\"Organization\",\"@id\":\"https:\/\/der-wasserwirt.at\/de\/#organization\",\"name\":\"Der Wasserwirt\",\"url\":\"https:\/\/der-wasserwirt.at\/de\/\",\"logo\":{\"@type\":\"ImageObject\",\"inLanguage\":\"de\",\"@id\":\"https:\/\/der-wasserwirt.at\/de\/#\/schema\/logo\/image\/\",\"url\":\"https:\/\/der-wasserwirt.at\/wp-content\/uploads\/2019\/11\/Favicon-Der-Wasserwirt.png\",\"contentUrl\":\"https:\/\/der-wasserwirt.at\/wp-content\/uploads\/2019\/11\/Favicon-Der-Wasserwirt.png\",\"width\":512,\"height\":512,\"caption\":\"Der Wasserwirt\"},\"image\":{\"@id\":\"https:\/\/der-wasserwirt.at\/de\/#\/schema\/logo\/image\/\"}}]}<\/script>\n<!-- \/ Yoast SEO plugin. -->","yoast_head_json":{"title":"Probenahmesystem &#8902; Der Wasserwirt","description":"Wir sind Ihr Partner f\u00fcr die Entnahme von Wasserproben! Durch dieses Probenahmesystem erfolgt eine gesetzeskonforme Probenahme.","robots":{"index":"index","follow":"follow","max-snippet":"max-snippet:-1","max-image-preview":"max-image-preview:large","max-video-preview":"max-video-preview:-1"},"canonical":"https:\/\/der-wasserwirt.at\/de\/probenahmesystem\/","og_locale":"de_DE","og_type":"article","og_title":"Probenahmesystem &#8902; Der Wasserwirt","og_description":"Wir sind Ihr Partner f\u00fcr die Entnahme von Wasserproben! Durch dieses Probenahmesystem erfolgt eine gesetzeskonforme Probenahme.","og_url":"https:\/\/der-wasserwirt.at\/de\/probenahmesystem\/","og_site_name":"Der Wasserwirt","article_modified_time":"2025-02-03T14:51:16+00:00","og_image":[{"width":2560,"height":1519,"url":"https:\/\/der-wasserwirt.at\/wp-content\/uploads\/2025\/02\/IMG_5297_02-scaled.jpg","type":"image\/jpeg"}],"twitter_card":"summary_large_image","twitter_misc":{"Gesch\u00e4tzte Lesezeit":"3\u00a0Minuten"},"schema":{"@context":"https:\/\/schema.org","@graph":[{"@type":"WebPage","@id":"https:\/\/der-wasserwirt.at\/de\/probenahmesystem\/","url":"https:\/\/der-wasserwirt.at\/de\/probenahmesystem\/","name":"Probenahmesystem &#8902; Der Wasserwirt","isPartOf":{"@id":"https:\/\/der-wasserwirt.at\/de\/#website"},"primaryImageOfPage":{"@id":"https:\/\/der-wasserwirt.at\/de\/probenahmesystem\/#primaryimage"},"image":{"@id":"https:\/\/der-wasserwirt.at\/de\/probenahmesystem\/#primaryimage"},"thumbnailUrl":"https:\/\/der-wasserwirt.at\/wp-content\/uploads\/2025\/02\/IMG_5297_02-scaled.jpg","datePublished":"2025-02-03T13:12:58+00:00","dateModified":"2025-02-03T14:51:16+00:00","description":"Wir sind Ihr Partner f\u00fcr die Entnahme von Wasserproben! Durch dieses Probenahmesystem erfolgt eine gesetzeskonforme Probenahme.","breadcrumb":{"@id":"https:\/\/der-wasserwirt.at\/de\/probenahmesystem\/#breadcrumb"},"inLanguage":"de","potentialAction":[{"@type":"ReadAction","target":["https:\/\/der-wasserwirt.at\/de\/probenahmesystem\/"]}]},{"@type":"ImageObject","inLanguage":"de","@id":"https:\/\/der-wasserwirt.at\/de\/probenahmesystem\/#primaryimage","url":"https:\/\/der-wasserwirt.at\/wp-content\/uploads\/2025\/02\/IMG_5297_02-scaled.jpg","contentUrl":"https:\/\/der-wasserwirt.at\/wp-content\/uploads\/2025\/02\/IMG_5297_02-scaled.jpg","width":2560,"height":1519},{"@type":"BreadcrumbList","@id":"https:\/\/der-wasserwirt.at\/de\/probenahmesystem\/#breadcrumb","itemListElement":[{"@type":"ListItem","position":1,"name":"Startseite","item":"https:\/\/der-wasserwirt.at\/de\/"},{"@type":"ListItem","position":2,"name":"Probenahmesystem"}]},{"@type":"WebSite","@id":"https:\/\/der-wasserwirt.at\/de\/#website","url":"https:\/\/der-wasserwirt.at\/de\/","name":"Der Wasserwirt","description":"Wasserwirtschaft - Kulturtechnik - Forschung","publisher":{"@id":"https:\/\/der-wasserwirt.at\/de\/#organization"},"potentialAction":[{"@type":"SearchAction","target":{"@type":"EntryPoint","urlTemplate":"https:\/\/der-wasserwirt.at\/de\/?s={search_term_string}"},"query-input":"required name=search_term_string"}],"inLanguage":"de"},{"@type":"Organization","@id":"https:\/\/der-wasserwirt.at\/de\/#organization","name":"Der Wasserwirt","url":"https:\/\/der-wasserwirt.at\/de\/","logo":{"@type":"ImageObject","inLanguage":"de","@id":"https:\/\/der-wasserwirt.at\/de\/#\/schema\/logo\/image\/","url":"https:\/\/der-wasserwirt.at\/wp-content\/uploads\/2019\/11\/Favicon-Der-Wasserwirt.png","contentUrl":"https:\/\/der-wasserwirt.at\/wp-content\/uploads\/2019\/11\/Favicon-Der-Wasserwirt.png","width":512,"height":512,"caption":"Der Wasserwirt"},"image":{"@id":"https:\/\/der-wasserwirt.at\/de\/#\/schema\/logo\/image\/"}}]}},"_links":{"self":[{"href":"https:\/\/der-wasserwirt.at\/de\/wp-json\/wp\/v2\/pages\/3221"}],"collection":[{"href":"https:\/\/der-wasserwirt.at\/de\/wp-json\/wp\/v2\/pages"}],"about":[{"href":"https:\/\/der-wasserwirt.at\/de\/wp-json\/wp\/v2\/types\/page"}],"author":[{"embeddable":true,"href":"https:\/\/der-wasserwirt.at\/de\/wp-json\/wp\/v2\/users\/3"}],"replies":[{"embeddable":true,"href":"https:\/\/der-wasserwirt.at\/de\/wp-json\/wp\/v2\/comments?post=3221"}],"version-history":[{"count":26,"href":"https:\/\/der-wasserwirt.at\/de\/wp-json\/wp\/v2\/pages\/3221\/revisions"}],"predecessor-version":[{"id":3265,"href":"https:\/\/der-wasserwirt.at\/de\/wp-json\/wp\/v2\/pages\/3221\/revisions\/3265"}],"wp:featuredmedia":[{"embeddable":true,"href":"https:\/\/der-wasserwirt.at\/de\/wp-json\/wp\/v2\/media\/3228"}],"wp:attachment":[{"href":"https:\/\/der-wasserwirt.at\/de\/wp-json\/wp\/v2\/media?parent=3221"}],"curies":[{"name":"wp","href":"https:\/\/api.w.org\/{rel}","templated":true}]}}