{"id":415,"date":"2020-02-11T12:49:33","date_gmt":"2020-02-11T11:49:33","guid":{"rendered":"https:\/\/wasserwirt.stuck-marketing.at\/?page_id=415"},"modified":"2020-03-27T11:13:28","modified_gmt":"2020-03-27T10:13:28","slug":"gewaesseroekologische-bauaufsicht","status":"publish","type":"page","link":"https:\/\/der-wasserwirt.at\/de\/gewaesseroekologische-bauaufsicht\/","title":{"rendered":"Gew\u00e4sser\u00f6kologische Bauaufsicht"},"content":{"rendered":"\t\t<div data-elementor-type=\"wp-page\" data-elementor-id=\"415\" class=\"elementor elementor-415\" data-elementor-post-type=\"page\">\n\t\t\t\t\t\t<section class=\"elementor-section elementor-top-section elementor-element elementor-element-1c2abc2 elementor-section-boxed elementor-section-height-default elementor-section-height-default\" data-id=\"1c2abc2\" data-element_type=\"section\" data-settings=\"{&quot;background_background&quot;:&quot;classic&quot;}\">\n\t\t\t\t\t\t<div class=\"elementor-container elementor-column-gap-default\">\n\t\t\t\t\t<div class=\"elementor-column elementor-col-100 elementor-top-column elementor-element elementor-element-2f7d6a0\" data-id=\"2f7d6a0\" data-element_type=\"column\">\n\t\t\t<div class=\"elementor-widget-wrap elementor-element-populated\">\n\t\t\t\t\t\t<div class=\"elementor-element elementor-element-0bddd67 elementor-widget elementor-widget-heading\" data-id=\"0bddd67\" data-element_type=\"widget\" data-widget_type=\"heading.default\">\n\t\t\t\t<div class=\"elementor-widget-container\">\n\t\t\t<h2 class=\"elementor-heading-title elementor-size-default\">Gew\u00e4sser\u00f6kologische Bauaufsicht<\/h2>\t\t<\/div>\n\t\t\t\t<\/div>\n\t\t\t\t\t<\/div>\n\t\t<\/div>\n\t\t\t\t\t<\/div>\n\t\t<\/section>\n\t\t\t\t<section class=\"elementor-section elementor-top-section elementor-element elementor-element-90d8102 elementor-section-boxed elementor-section-height-default elementor-section-height-default\" data-id=\"90d8102\" data-element_type=\"section\">\n\t\t\t\t\t\t<div class=\"elementor-container elementor-column-gap-default\">\n\t\t\t\t\t<div class=\"elementor-column elementor-col-100 elementor-top-column elementor-element elementor-element-4158137\" data-id=\"4158137\" data-element_type=\"column\">\n\t\t\t<div class=\"elementor-widget-wrap elementor-element-populated\">\n\t\t\t\t\t\t<section class=\"elementor-section elementor-inner-section elementor-element elementor-element-cdf8ea3 elementor-section-boxed elementor-section-height-default elementor-section-height-default\" data-id=\"cdf8ea3\" data-element_type=\"section\">\n\t\t\t\t\t\t<div class=\"elementor-container elementor-column-gap-default\">\n\t\t\t\t\t<div class=\"elementor-column elementor-col-50 elementor-inner-column elementor-element elementor-element-b9bbd06\" data-id=\"b9bbd06\" data-element_type=\"column\">\n\t\t\t<div class=\"elementor-widget-wrap elementor-element-populated\">\n\t\t\t\t\t\t<div class=\"elementor-element elementor-element-a1f5eae elementor-widget elementor-widget-image\" data-id=\"a1f5eae\" data-element_type=\"widget\" data-widget_type=\"image.default\">\n\t\t\t\t<div class=\"elementor-widget-container\">\n\t\t\t\t\t\t\t\t\t\t\t\t\t<img fetchpriority=\"high\" decoding=\"async\" width=\"768\" height=\"1365\" src=\"https:\/\/der-wasserwirt.at\/wp-content\/uploads\/2020\/03\/IMG-20191205-WA0004-768x1365.jpg\" class=\"attachment-medium_large size-medium_large wp-image-1144\" alt=\"\" srcset=\"https:\/\/der-wasserwirt.at\/wp-content\/uploads\/2020\/03\/IMG-20191205-WA0004-768x1365.jpg 768w, https:\/\/der-wasserwirt.at\/wp-content\/uploads\/2020\/03\/IMG-20191205-WA0004-169x300.jpg 169w, https:\/\/der-wasserwirt.at\/wp-content\/uploads\/2020\/03\/IMG-20191205-WA0004-576x1024.jpg 576w, https:\/\/der-wasserwirt.at\/wp-content\/uploads\/2020\/03\/IMG-20191205-WA0004-864x1536.jpg 864w, https:\/\/der-wasserwirt.at\/wp-content\/uploads\/2020\/03\/IMG-20191205-WA0004.jpg 900w\" sizes=\"(max-width: 768px) 100vw, 768px\" \/>\t\t\t\t\t\t\t\t\t\t\t\t\t<\/div>\n\t\t\t\t<\/div>\n\t\t\t\t\t<\/div>\n\t\t<\/div>\n\t\t\t\t<div class=\"elementor-column elementor-col-50 elementor-inner-column elementor-element elementor-element-e068f7b\" data-id=\"e068f7b\" data-element_type=\"column\">\n\t\t\t<div class=\"elementor-widget-wrap elementor-element-populated\">\n\t\t\t\t\t\t<div class=\"elementor-element elementor-element-ab59679 elementor-widget elementor-widget-heading\" data-id=\"ab59679\" data-element_type=\"widget\" data-widget_type=\"heading.default\">\n\t\t\t\t<div class=\"elementor-widget-container\">\n\t\t\t<h2 class=\"elementor-heading-title elementor-size-default\">Gew\u00e4sser\u00f6kologische Bauaufsicht<\/h2>\t\t<\/div>\n\t\t\t\t<\/div>\n\t\t\t\t<div class=\"elementor-element elementor-element-86fe279 elementor-widget elementor-widget-text-editor\" data-id=\"86fe279\" data-element_type=\"widget\" data-widget_type=\"text-editor.default\">\n\t\t\t\t<div class=\"elementor-widget-container\">\n\t\t\t\t\t\t\t<p>Wir f\u00fchren bei Vorschreibung der Beh\u00f6rde die gew\u00e4sser\u00f6kologische Bauaufsicht durch. Diese wird im Wasserrechtsbescheid von der Beh\u00f6rde zum Teil vorgeschrieben. Hierbei werden folgende T\u00e4tigkeiten durchgef\u00fchrt:<\/p>\n<ul>\n<li>W\u00f6chentliche Besichtigung der Baustelle und \u00dcberpr\u00fcfung der Baut\u00e4tigkeiten in Bezug auf die gew\u00e4sser\u00f6kologischen Bescheidauflagen<\/li>\n<li>Fotodokumentation<\/li>\n<li>Protokolle und Endbericht f\u00fcr Beh\u00f6rde<\/li>\n<li>Abstimmung mit der zust\u00e4ndigen Beh\u00f6rde<\/li>\n<\/ul>\t\t\t\t\t\t<\/div>\n\t\t\t\t<\/div>\n\t\t\t\t<div class=\"elementor-element elementor-element-6b90b38 elementor-align-right elementor-widget elementor-widget-button\" data-id=\"6b90b38\" data-element_type=\"widget\" data-widget_type=\"button.default\">\n\t\t\t\t<div class=\"elementor-widget-container\">\n\t\t\t\t\t<div class=\"elementor-button-wrapper\">\n\t\t\t<a class=\"elementor-button elementor-button-link elementor-size-md\" href=\"\/de\/wasserwirtschaft-und-kulturtechnik\/\">\n\t\t\t\t\t\t<span class=\"elementor-button-content-wrapper\">\n\t\t\t\t\t\t<span class=\"elementor-button-text\">Zur\u00fcck<\/span>\n\t\t<\/span>\n\t\t\t\t\t<\/a>\n\t\t<\/div>\n\t\t\t\t<\/div>\n\t\t\t\t<\/div>\n\t\t\t\t\t<\/div>\n\t\t<\/div>\n\t\t\t\t\t<\/div>\n\t\t<\/section>\n\t\t\t\t\t<\/div>\n\t\t<\/div>\n\t\t\t\t\t<\/div>\n\t\t<\/section>\n\t\t\t\t<\/div>\n\t\t","protected":false},"excerpt":{"rendered":"<p>Gew\u00e4sser\u00f6kologische Bauaufsicht Gew\u00e4sser\u00f6kologische Bauaufsicht Wir f\u00fchren bei Vorschreibung der Beh\u00f6rde die gew\u00e4sser\u00f6kologische Bauaufsicht durch. Diese wird im Wasserrechtsbescheid von der Beh\u00f6rde zum Teil vorgeschrieben. Hierbei werden folgende T\u00e4tigkeiten durchgef\u00fchrt: W\u00f6chentliche Besichtigung der Baustelle und \u00dcberpr\u00fcfung der Baut\u00e4tigkeiten in Bezug auf die gew\u00e4sser\u00f6kologischen Bescheidauflagen Fotodokumentation Protokolle und Endbericht f\u00fcr Beh\u00f6rde Abstimmung mit der zust\u00e4ndigen Beh\u00f6rde Zur\u00fcck<\/p>\n","protected":false},"author":2,"featured_media":0,"parent":0,"menu_order":0,"comment_status":"closed","ping_status":"closed","template":"","meta":{"footnotes":""},"yoast_head":"<!-- This site is optimized with the Yoast SEO plugin v22.4 - https:\/\/yoast.com\/wordpress\/plugins\/seo\/ -->\n<title>Gew\u00e4sser\u00f6kologische Bauaufsicht &#8902; Der Wasserwirt<\/title>\n<meta name=\"description\" content=\"Wir f\u00fchren bei Vorschreibung der Beh\u00f6rde die gew\u00e4sser\u00f6kologische Bauaufsicht durch. Wir sind Ihr kompetenter Partner in der Wasserwirtschaft.\" \/>\n<meta name=\"robots\" content=\"index, follow, max-snippet:-1, max-image-preview:large, max-video-preview:-1\" \/>\n<link rel=\"canonical\" href=\"https:\/\/der-wasserwirt.at\/de\/gewaesseroekologische-bauaufsicht\/\" \/>\n<meta property=\"og:locale\" content=\"de_DE\" \/>\n<meta property=\"og:type\" content=\"article\" \/>\n<meta property=\"og:title\" content=\"Gew\u00e4sser\u00f6kologische Bauaufsicht &#8902; Der Wasserwirt\" \/>\n<meta property=\"og:description\" content=\"Wir f\u00fchren bei Vorschreibung der Beh\u00f6rde die gew\u00e4sser\u00f6kologische Bauaufsicht durch. Wir sind Ihr kompetenter Partner in der Wasserwirtschaft.\" \/>\n<meta property=\"og:url\" content=\"https:\/\/der-wasserwirt.at\/de\/gewaesseroekologische-bauaufsicht\/\" \/>\n<meta property=\"og:site_name\" content=\"Der Wasserwirt\" \/>\n<meta property=\"article:modified_time\" content=\"2020-03-27T10:13:28+00:00\" \/>\n<meta property=\"og:image\" content=\"https:\/\/der-wasserwirt.at\/wp-content\/uploads\/2020\/03\/IMG-20191205-WA0004-768x1365.jpg\" \/>\n<meta name=\"twitter:card\" content=\"summary_large_image\" \/>\n<script type=\"application\/ld+json\" class=\"yoast-schema-graph\">{\"@context\":\"https:\/\/schema.org\",\"@graph\":[{\"@type\":\"WebPage\",\"@id\":\"https:\/\/der-wasserwirt.at\/de\/gewaesseroekologische-bauaufsicht\/\",\"url\":\"https:\/\/der-wasserwirt.at\/de\/gewaesseroekologische-bauaufsicht\/\",\"name\":\"Gew\u00e4sser\u00f6kologische Bauaufsicht &#8902; Der Wasserwirt\",\"isPartOf\":{\"@id\":\"https:\/\/der-wasserwirt.at\/de\/#website\"},\"primaryImageOfPage\":{\"@id\":\"https:\/\/der-wasserwirt.at\/de\/gewaesseroekologische-bauaufsicht\/#primaryimage\"},\"image\":{\"@id\":\"https:\/\/der-wasserwirt.at\/de\/gewaesseroekologische-bauaufsicht\/#primaryimage\"},\"thumbnailUrl\":\"https:\/\/der-wasserwirt.at\/wp-content\/uploads\/2020\/03\/IMG-20191205-WA0004-768x1365.jpg\",\"datePublished\":\"2020-02-11T11:49:33+00:00\",\"dateModified\":\"2020-03-27T10:13:28+00:00\",\"description\":\"Wir f\u00fchren bei Vorschreibung der Beh\u00f6rde die gew\u00e4sser\u00f6kologische Bauaufsicht durch. Wir sind Ihr kompetenter Partner in der Wasserwirtschaft.\",\"breadcrumb\":{\"@id\":\"https:\/\/der-wasserwirt.at\/de\/gewaesseroekologische-bauaufsicht\/#breadcrumb\"},\"inLanguage\":\"de\",\"potentialAction\":[{\"@type\":\"ReadAction\",\"target\":[\"https:\/\/der-wasserwirt.at\/de\/gewaesseroekologische-bauaufsicht\/\"]}]},{\"@type\":\"ImageObject\",\"inLanguage\":\"de\",\"@id\":\"https:\/\/der-wasserwirt.at\/de\/gewaesseroekologische-bauaufsicht\/#primaryimage\",\"url\":\"https:\/\/der-wasserwirt.at\/wp-content\/uploads\/2020\/03\/IMG-20191205-WA0004-768x1365.jpg\",\"contentUrl\":\"https:\/\/der-wasserwirt.at\/wp-content\/uploads\/2020\/03\/IMG-20191205-WA0004-768x1365.jpg\"},{\"@type\":\"BreadcrumbList\",\"@id\":\"https:\/\/der-wasserwirt.at\/de\/gewaesseroekologische-bauaufsicht\/#breadcrumb\",\"itemListElement\":[{\"@type\":\"ListItem\",\"position\":1,\"name\":\"Startseite\",\"item\":\"https:\/\/der-wasserwirt.at\/de\/\"},{\"@type\":\"ListItem\",\"position\":2,\"name\":\"Gew\u00e4sser\u00f6kologische Bauaufsicht\"}]},{\"@type\":\"WebSite\",\"@id\":\"https:\/\/der-wasserwirt.at\/de\/#website\",\"url\":\"https:\/\/der-wasserwirt.at\/de\/\",\"name\":\"Der Wasserwirt\",\"description\":\"Wasserwirtschaft - Kulturtechnik - Forschung\",\"publisher\":{\"@id\":\"https:\/\/der-wasserwirt.at\/de\/#organization\"},\"potentialAction\":[{\"@type\":\"SearchAction\",\"target\":{\"@type\":\"EntryPoint\",\"urlTemplate\":\"https:\/\/der-wasserwirt.at\/de\/?s={search_term_string}\"},\"query-input\":\"required name=search_term_string\"}],\"inLanguage\":\"de\"},{\"@type\":\"Organization\",\"@id\":\"https:\/\/der-wasserwirt.at\/de\/#organization\",\"name\":\"Der Wasserwirt\",\"url\":\"https:\/\/der-wasserwirt.at\/de\/\",\"logo\":{\"@type\":\"ImageObject\",\"inLanguage\":\"de\",\"@id\":\"https:\/\/der-wasserwirt.at\/de\/#\/schema\/logo\/image\/\",\"url\":\"https:\/\/der-wasserwirt.at\/wp-content\/uploads\/2019\/11\/Favicon-Der-Wasserwirt.png\",\"contentUrl\":\"https:\/\/der-wasserwirt.at\/wp-content\/uploads\/2019\/11\/Favicon-Der-Wasserwirt.png\",\"width\":512,\"height\":512,\"caption\":\"Der Wasserwirt\"},\"image\":{\"@id\":\"https:\/\/der-wasserwirt.at\/de\/#\/schema\/logo\/image\/\"}}]}<\/script>\n<!-- \/ Yoast SEO plugin. -->","yoast_head_json":{"title":"Gew\u00e4sser\u00f6kologische Bauaufsicht &#8902; Der Wasserwirt","description":"Wir f\u00fchren bei Vorschreibung der Beh\u00f6rde die gew\u00e4sser\u00f6kologische Bauaufsicht durch. Wir sind Ihr kompetenter Partner in der Wasserwirtschaft.","robots":{"index":"index","follow":"follow","max-snippet":"max-snippet:-1","max-image-preview":"max-image-preview:large","max-video-preview":"max-video-preview:-1"},"canonical":"https:\/\/der-wasserwirt.at\/de\/gewaesseroekologische-bauaufsicht\/","og_locale":"de_DE","og_type":"article","og_title":"Gew\u00e4sser\u00f6kologische Bauaufsicht &#8902; Der Wasserwirt","og_description":"Wir f\u00fchren bei Vorschreibung der Beh\u00f6rde die gew\u00e4sser\u00f6kologische Bauaufsicht durch. Wir sind Ihr kompetenter Partner in der Wasserwirtschaft.","og_url":"https:\/\/der-wasserwirt.at\/de\/gewaesseroekologische-bauaufsicht\/","og_site_name":"Der Wasserwirt","article_modified_time":"2020-03-27T10:13:28+00:00","og_image":[{"url":"https:\/\/der-wasserwirt.at\/wp-content\/uploads\/2020\/03\/IMG-20191205-WA0004-768x1365.jpg"}],"twitter_card":"summary_large_image","schema":{"@context":"https:\/\/schema.org","@graph":[{"@type":"WebPage","@id":"https:\/\/der-wasserwirt.at\/de\/gewaesseroekologische-bauaufsicht\/","url":"https:\/\/der-wasserwirt.at\/de\/gewaesseroekologische-bauaufsicht\/","name":"Gew\u00e4sser\u00f6kologische Bauaufsicht &#8902; Der Wasserwirt","isPartOf":{"@id":"https:\/\/der-wasserwirt.at\/de\/#website"},"primaryImageOfPage":{"@id":"https:\/\/der-wasserwirt.at\/de\/gewaesseroekologische-bauaufsicht\/#primaryimage"},"image":{"@id":"https:\/\/der-wasserwirt.at\/de\/gewaesseroekologische-bauaufsicht\/#primaryimage"},"thumbnailUrl":"https:\/\/der-wasserwirt.at\/wp-content\/uploads\/2020\/03\/IMG-20191205-WA0004-768x1365.jpg","datePublished":"2020-02-11T11:49:33+00:00","dateModified":"2020-03-27T10:13:28+00:00","description":"Wir f\u00fchren bei Vorschreibung der Beh\u00f6rde die gew\u00e4sser\u00f6kologische Bauaufsicht durch. Wir sind Ihr kompetenter Partner in der Wasserwirtschaft.","breadcrumb":{"@id":"https:\/\/der-wasserwirt.at\/de\/gewaesseroekologische-bauaufsicht\/#breadcrumb"},"inLanguage":"de","potentialAction":[{"@type":"ReadAction","target":["https:\/\/der-wasserwirt.at\/de\/gewaesseroekologische-bauaufsicht\/"]}]},{"@type":"ImageObject","inLanguage":"de","@id":"https:\/\/der-wasserwirt.at\/de\/gewaesseroekologische-bauaufsicht\/#primaryimage","url":"https:\/\/der-wasserwirt.at\/wp-content\/uploads\/2020\/03\/IMG-20191205-WA0004-768x1365.jpg","contentUrl":"https:\/\/der-wasserwirt.at\/wp-content\/uploads\/2020\/03\/IMG-20191205-WA0004-768x1365.jpg"},{"@type":"BreadcrumbList","@id":"https:\/\/der-wasserwirt.at\/de\/gewaesseroekologische-bauaufsicht\/#breadcrumb","itemListElement":[{"@type":"ListItem","position":1,"name":"Startseite","item":"https:\/\/der-wasserwirt.at\/de\/"},{"@type":"ListItem","position":2,"name":"Gew\u00e4sser\u00f6kologische Bauaufsicht"}]},{"@type":"WebSite","@id":"https:\/\/der-wasserwirt.at\/de\/#website","url":"https:\/\/der-wasserwirt.at\/de\/","name":"Der Wasserwirt","description":"Wasserwirtschaft - Kulturtechnik - Forschung","publisher":{"@id":"https:\/\/der-wasserwirt.at\/de\/#organization"},"potentialAction":[{"@type":"SearchAction","target":{"@type":"EntryPoint","urlTemplate":"https:\/\/der-wasserwirt.at\/de\/?s={search_term_string}"},"query-input":"required name=search_term_string"}],"inLanguage":"de"},{"@type":"Organization","@id":"https:\/\/der-wasserwirt.at\/de\/#organization","name":"Der Wasserwirt","url":"https:\/\/der-wasserwirt.at\/de\/","logo":{"@type":"ImageObject","inLanguage":"de","@id":"https:\/\/der-wasserwirt.at\/de\/#\/schema\/logo\/image\/","url":"https:\/\/der-wasserwirt.at\/wp-content\/uploads\/2019\/11\/Favicon-Der-Wasserwirt.png","contentUrl":"https:\/\/der-wasserwirt.at\/wp-content\/uploads\/2019\/11\/Favicon-Der-Wasserwirt.png","width":512,"height":512,"caption":"Der Wasserwirt"},"image":{"@id":"https:\/\/der-wasserwirt.at\/de\/#\/schema\/logo\/image\/"}}]}},"_links":{"self":[{"href":"https:\/\/der-wasserwirt.at\/de\/wp-json\/wp\/v2\/pages\/415"}],"collection":[{"href":"https:\/\/der-wasserwirt.at\/de\/wp-json\/wp\/v2\/pages"}],"about":[{"href":"https:\/\/der-wasserwirt.at\/de\/wp-json\/wp\/v2\/types\/page"}],"author":[{"embeddable":true,"href":"https:\/\/der-wasserwirt.at\/de\/wp-json\/wp\/v2\/users\/2"}],"replies":[{"embeddable":true,"href":"https:\/\/der-wasserwirt.at\/de\/wp-json\/wp\/v2\/comments?post=415"}],"version-history":[{"count":16,"href":"https:\/\/der-wasserwirt.at\/de\/wp-json\/wp\/v2\/pages\/415\/revisions"}],"predecessor-version":[{"id":2300,"href":"https:\/\/der-wasserwirt.at\/de\/wp-json\/wp\/v2\/pages\/415\/revisions\/2300"}],"wp:attachment":[{"href":"https:\/\/der-wasserwirt.at\/de\/wp-json\/wp\/v2\/media?parent=415"}],"curies":[{"name":"wp","href":"https:\/\/api.w.org\/{rel}","templated":true}]}}