{"id":419,"date":"2020-02-11T12:52:28","date_gmt":"2020-02-11T11:52:28","guid":{"rendered":"https:\/\/wasserwirt.stuck-marketing.at\/?page_id=419"},"modified":"2020-03-27T11:13:09","modified_gmt":"2020-03-27T10:13:09","slug":"gewasserokologie-monitoring","status":"publish","type":"page","link":"https:\/\/der-wasserwirt.at\/de\/gewasserokologie-monitoring\/","title":{"rendered":"Gew\u00e4sser\u00f6kologie und Monitoring"},"content":{"rendered":"\t\t<div data-elementor-type=\"wp-page\" data-elementor-id=\"419\" class=\"elementor elementor-419\" data-elementor-post-type=\"page\">\n\t\t\t\t\t\t<section class=\"elementor-section elementor-top-section elementor-element elementor-element-9910fcc elementor-section-boxed elementor-section-height-default elementor-section-height-default\" data-id=\"9910fcc\" data-element_type=\"section\" data-settings=\"{&quot;background_background&quot;:&quot;classic&quot;}\">\n\t\t\t\t\t\t<div class=\"elementor-container elementor-column-gap-default\">\n\t\t\t\t\t<div class=\"elementor-column elementor-col-100 elementor-top-column elementor-element elementor-element-ca0ff6f\" data-id=\"ca0ff6f\" data-element_type=\"column\">\n\t\t\t<div class=\"elementor-widget-wrap elementor-element-populated\">\n\t\t\t\t\t\t<div class=\"elementor-element elementor-element-570cc60 elementor-widget elementor-widget-heading\" data-id=\"570cc60\" data-element_type=\"widget\" data-widget_type=\"heading.default\">\n\t\t\t\t<div class=\"elementor-widget-container\">\n\t\t\t<h2 class=\"elementor-heading-title elementor-size-default\">Gew\u00e4sser\u00f6kologie und Monitoring<\/h2>\t\t<\/div>\n\t\t\t\t<\/div>\n\t\t\t\t\t<\/div>\n\t\t<\/div>\n\t\t\t\t\t<\/div>\n\t\t<\/section>\n\t\t\t\t<section class=\"elementor-section elementor-top-section elementor-element elementor-element-1d568e7 elementor-section-boxed elementor-section-height-default elementor-section-height-default\" data-id=\"1d568e7\" data-element_type=\"section\">\n\t\t\t\t\t\t<div class=\"elementor-container elementor-column-gap-default\">\n\t\t\t\t\t<div class=\"elementor-column elementor-col-100 elementor-top-column elementor-element elementor-element-a1007d9\" data-id=\"a1007d9\" data-element_type=\"column\">\n\t\t\t<div class=\"elementor-widget-wrap elementor-element-populated\">\n\t\t\t\t\t\t<section class=\"elementor-section elementor-inner-section elementor-element elementor-element-25d6073 elementor-section-boxed elementor-section-height-default elementor-section-height-default\" data-id=\"25d6073\" data-element_type=\"section\">\n\t\t\t\t\t\t<div class=\"elementor-container elementor-column-gap-default\">\n\t\t\t\t\t<div class=\"elementor-column elementor-col-50 elementor-inner-column elementor-element elementor-element-88af341\" data-id=\"88af341\" data-element_type=\"column\">\n\t\t\t<div class=\"elementor-widget-wrap elementor-element-populated\">\n\t\t\t\t\t\t<div class=\"elementor-element elementor-element-004d630 elementor-arrows-position-inside elementor-pagination-position-outside elementor-widget elementor-widget-image-carousel\" data-id=\"004d630\" data-element_type=\"widget\" data-settings=\"{&quot;slides_to_show&quot;:&quot;1&quot;,&quot;navigation&quot;:&quot;both&quot;,&quot;autoplay&quot;:&quot;yes&quot;,&quot;pause_on_hover&quot;:&quot;yes&quot;,&quot;pause_on_interaction&quot;:&quot;yes&quot;,&quot;autoplay_speed&quot;:5000,&quot;infinite&quot;:&quot;yes&quot;,&quot;effect&quot;:&quot;slide&quot;,&quot;speed&quot;:500}\" data-widget_type=\"image-carousel.default\">\n\t\t\t\t<div class=\"elementor-widget-container\">\n\t\t\t\t\t<div class=\"elementor-image-carousel-wrapper swiper\" dir=\"ltr\">\n\t\t\t<div class=\"elementor-image-carousel swiper-wrapper\" aria-live=\"off\">\n\t\t\t\t\t\t\t\t<div class=\"swiper-slide\" role=\"group\" aria-roledescription=\"slide\" aria-label=\"1 von 3\"><figure class=\"swiper-slide-inner\"><img decoding=\"async\" class=\"swiper-slide-image\" src=\"https:\/\/der-wasserwirt.at\/wp-content\/uploads\/2020\/03\/img_0322.jpg\" alt=\"img_0322\" \/><\/figure><\/div><div class=\"swiper-slide\" role=\"group\" aria-roledescription=\"slide\" aria-label=\"2 von 3\"><figure class=\"swiper-slide-inner\"><img decoding=\"async\" class=\"swiper-slide-image\" src=\"https:\/\/der-wasserwirt.at\/wp-content\/uploads\/2020\/03\/20151029_121447.jpg\" alt=\"20151029_121447\" \/><\/figure><\/div><div class=\"swiper-slide\" role=\"group\" aria-roledescription=\"slide\" aria-label=\"3 von 3\"><figure class=\"swiper-slide-inner\"><img decoding=\"async\" class=\"swiper-slide-image\" src=\"https:\/\/der-wasserwirt.at\/wp-content\/uploads\/2020\/03\/20150723_093941.jpg\" alt=\"20150723_093941\" \/><\/figure><\/div>\t\t\t<\/div>\n\t\t\t\t\t\t\t\t\t\t\t\t<div class=\"elementor-swiper-button elementor-swiper-button-prev\" role=\"button\" tabindex=\"0\">\n\t\t\t\t\t\t<i aria-hidden=\"true\" class=\"eicon-chevron-left\"><\/i>\t\t\t\t\t<\/div>\n\t\t\t\t\t<div class=\"elementor-swiper-button elementor-swiper-button-next\" role=\"button\" tabindex=\"0\">\n\t\t\t\t\t\t<i aria-hidden=\"true\" class=\"eicon-chevron-right\"><\/i>\t\t\t\t\t<\/div>\n\t\t\t\t\n\t\t\t\t\t\t\t\t\t<div class=\"swiper-pagination\"><\/div>\n\t\t\t\t\t\t\t\t\t<\/div>\n\t\t\t\t<\/div>\n\t\t\t\t<\/div>\n\t\t\t\t\t<\/div>\n\t\t<\/div>\n\t\t\t\t<div class=\"elementor-column elementor-col-50 elementor-inner-column elementor-element elementor-element-16e8ee0\" data-id=\"16e8ee0\" data-element_type=\"column\">\n\t\t\t<div class=\"elementor-widget-wrap elementor-element-populated\">\n\t\t\t\t\t\t<div class=\"elementor-element elementor-element-8b521c0 elementor-widget elementor-widget-heading\" data-id=\"8b521c0\" data-element_type=\"widget\" data-widget_type=\"heading.default\">\n\t\t\t\t<div class=\"elementor-widget-container\">\n\t\t\t<h2 class=\"elementor-heading-title elementor-size-default\">Gew\u00e4sser\u00f6kologie und Monitoring<\/h2>\t\t<\/div>\n\t\t\t\t<\/div>\n\t\t\t\t<div class=\"elementor-element elementor-element-a65fe67 elementor-widget elementor-widget-text-editor\" data-id=\"a65fe67\" data-element_type=\"widget\" data-widget_type=\"text-editor.default\">\n\t\t\t\t<div class=\"elementor-widget-container\">\n\t\t\t\t\t\t\t<div class=\"panel-pane pane-entity-field pane-node-body\"><div class=\"pane-content\"><div class=\"field-body\"><p>In diesem Bereich \u00fcbernehmen wir nachfolgende T\u00e4tigkeiten:<\/p><ul><li>Fisch\u00f6kologische Untersuchungen &#8211;\u00a0 Bestandsaufnahmen und fisch\u00f6kologische Zustandsbewertung<\/li><li>Fisch\u00f6kologische Beratung<\/li><li>Adaptierungen, Erstbetrieb, Monitoring, Funktions\u00fcberpr\u00fcfung und Wartung von Fischaufstiegshilfen<\/li><li>Befischungen und Reusenkontrollen in Fischaufstiegshilfen, Bau von Fischreusen<\/li><li>Dotationsmessungen und \u00dcberpr\u00fcfung von Restwasserstrecken bei Ausleitungskraftwerken<\/li><\/ul><\/div><\/div><\/div>\t\t\t\t\t\t<\/div>\n\t\t\t\t<\/div>\n\t\t\t\t<div class=\"elementor-element elementor-element-58718fa elementor-align-right elementor-widget elementor-widget-button\" data-id=\"58718fa\" data-element_type=\"widget\" data-widget_type=\"button.default\">\n\t\t\t\t<div class=\"elementor-widget-container\">\n\t\t\t\t\t<div class=\"elementor-button-wrapper\">\n\t\t\t<a class=\"elementor-button elementor-button-link elementor-size-md\" href=\"\/de\/wasserwirtschaft-und-kulturtechnik\/\">\n\t\t\t\t\t\t<span class=\"elementor-button-content-wrapper\">\n\t\t\t\t\t\t<span class=\"elementor-button-text\">Zur\u00fcck<\/span>\n\t\t<\/span>\n\t\t\t\t\t<\/a>\n\t\t<\/div>\n\t\t\t\t<\/div>\n\t\t\t\t<\/div>\n\t\t\t\t\t<\/div>\n\t\t<\/div>\n\t\t\t\t\t<\/div>\n\t\t<\/section>\n\t\t\t\t\t<\/div>\n\t\t<\/div>\n\t\t\t\t\t<\/div>\n\t\t<\/section>\n\t\t\t\t<\/div>\n\t\t","protected":false},"excerpt":{"rendered":"<p>Gew\u00e4sser\u00f6kologie und Monitoring Zur\u00fcck Weiter Gew\u00e4sser\u00f6kologie und Monitoring In diesem Bereich \u00fcbernehmen wir nachfolgende T\u00e4tigkeiten: Fisch\u00f6kologische Untersuchungen &#8211;&nbsp; Bestandsaufnahmen und fisch\u00f6kologische Zustandsbewertung Fisch\u00f6kologische Beratung Adaptierungen, Erstbetrieb, Monitoring, Funktions\u00fcberpr\u00fcfung und Wartung von Fischaufstiegshilfen Befischungen und Reusenkontrollen in Fischaufstiegshilfen, Bau von Fischreusen Dotationsmessungen und \u00dcberpr\u00fcfung von Restwasserstrecken bei Ausleitungskraftwerken Zur\u00fcck<\/p>\n","protected":false},"author":2,"featured_media":0,"parent":0,"menu_order":0,"comment_status":"closed","ping_status":"closed","template":"","meta":{"footnotes":""},"yoast_head":"<!-- This site is optimized with the Yoast SEO plugin v22.4 - https:\/\/yoast.com\/wordpress\/plugins\/seo\/ -->\n<title>Gew\u00e4sser\u00f6kologie und Monitoring &#8902; Der Wasserwirt<\/title>\n<meta name=\"description\" content=\"Fisch\u00f6kologische Untersuchungen, Fisch\u00f6kologische Beratung, Bau und Wartung von Fischaufstiegshilfen uvm. in ganz \u00d6sterreich, Deutschland und der Schweiz.\" \/>\n<meta name=\"robots\" content=\"index, follow, max-snippet:-1, max-image-preview:large, max-video-preview:-1\" \/>\n<link rel=\"canonical\" href=\"https:\/\/der-wasserwirt.at\/de\/gewasserokologie-monitoring\/\" \/>\n<meta property=\"og:locale\" content=\"de_DE\" \/>\n<meta property=\"og:type\" content=\"article\" \/>\n<meta property=\"og:title\" content=\"Gew\u00e4sser\u00f6kologie und Monitoring &#8902; Der Wasserwirt\" \/>\n<meta property=\"og:description\" content=\"Fisch\u00f6kologische Untersuchungen, Fisch\u00f6kologische Beratung, Bau und Wartung von Fischaufstiegshilfen uvm. in ganz \u00d6sterreich, Deutschland und der Schweiz.\" \/>\n<meta property=\"og:url\" content=\"https:\/\/der-wasserwirt.at\/de\/gewasserokologie-monitoring\/\" \/>\n<meta property=\"og:site_name\" content=\"Der Wasserwirt\" \/>\n<meta property=\"article:modified_time\" content=\"2020-03-27T10:13:09+00:00\" \/>\n<meta property=\"og:image\" content=\"https:\/\/der-wasserwirt.at\/wp-content\/uploads\/2020\/03\/img_0322.jpg\" \/>\n<meta name=\"twitter:card\" content=\"summary_large_image\" \/>\n<script type=\"application\/ld+json\" class=\"yoast-schema-graph\">{\"@context\":\"https:\/\/schema.org\",\"@graph\":[{\"@type\":\"WebPage\",\"@id\":\"https:\/\/der-wasserwirt.at\/de\/gewasserokologie-monitoring\/\",\"url\":\"https:\/\/der-wasserwirt.at\/de\/gewasserokologie-monitoring\/\",\"name\":\"Gew\u00e4sser\u00f6kologie und Monitoring &#8902; Der Wasserwirt\",\"isPartOf\":{\"@id\":\"https:\/\/der-wasserwirt.at\/de\/#website\"},\"primaryImageOfPage\":{\"@id\":\"https:\/\/der-wasserwirt.at\/de\/gewasserokologie-monitoring\/#primaryimage\"},\"image\":{\"@id\":\"https:\/\/der-wasserwirt.at\/de\/gewasserokologie-monitoring\/#primaryimage\"},\"thumbnailUrl\":\"https:\/\/der-wasserwirt.at\/wp-content\/uploads\/2020\/03\/img_0322.jpg\",\"datePublished\":\"2020-02-11T11:52:28+00:00\",\"dateModified\":\"2020-03-27T10:13:09+00:00\",\"description\":\"Fisch\u00f6kologische Untersuchungen, Fisch\u00f6kologische Beratung, Bau und Wartung von Fischaufstiegshilfen uvm. in ganz \u00d6sterreich, Deutschland und der Schweiz.\",\"breadcrumb\":{\"@id\":\"https:\/\/der-wasserwirt.at\/de\/gewasserokologie-monitoring\/#breadcrumb\"},\"inLanguage\":\"de\",\"potentialAction\":[{\"@type\":\"ReadAction\",\"target\":[\"https:\/\/der-wasserwirt.at\/de\/gewasserokologie-monitoring\/\"]}]},{\"@type\":\"ImageObject\",\"inLanguage\":\"de\",\"@id\":\"https:\/\/der-wasserwirt.at\/de\/gewasserokologie-monitoring\/#primaryimage\",\"url\":\"https:\/\/der-wasserwirt.at\/wp-content\/uploads\/2020\/03\/img_0322.jpg\",\"contentUrl\":\"https:\/\/der-wasserwirt.at\/wp-content\/uploads\/2020\/03\/img_0322.jpg\"},{\"@type\":\"BreadcrumbList\",\"@id\":\"https:\/\/der-wasserwirt.at\/de\/gewasserokologie-monitoring\/#breadcrumb\",\"itemListElement\":[{\"@type\":\"ListItem\",\"position\":1,\"name\":\"Startseite\",\"item\":\"https:\/\/der-wasserwirt.at\/de\/\"},{\"@type\":\"ListItem\",\"position\":2,\"name\":\"Gew\u00e4sser\u00f6kologie und Monitoring\"}]},{\"@type\":\"WebSite\",\"@id\":\"https:\/\/der-wasserwirt.at\/de\/#website\",\"url\":\"https:\/\/der-wasserwirt.at\/de\/\",\"name\":\"Der Wasserwirt\",\"description\":\"Wasserwirtschaft - Kulturtechnik - Forschung\",\"publisher\":{\"@id\":\"https:\/\/der-wasserwirt.at\/de\/#organization\"},\"potentialAction\":[{\"@type\":\"SearchAction\",\"target\":{\"@type\":\"EntryPoint\",\"urlTemplate\":\"https:\/\/der-wasserwirt.at\/de\/?s={search_term_string}\"},\"query-input\":\"required name=search_term_string\"}],\"inLanguage\":\"de\"},{\"@type\":\"Organization\",\"@id\":\"https:\/\/der-wasserwirt.at\/de\/#organization\",\"name\":\"Der Wasserwirt\",\"url\":\"https:\/\/der-wasserwirt.at\/de\/\",\"logo\":{\"@type\":\"ImageObject\",\"inLanguage\":\"de\",\"@id\":\"https:\/\/der-wasserwirt.at\/de\/#\/schema\/logo\/image\/\",\"url\":\"https:\/\/der-wasserwirt.at\/wp-content\/uploads\/2019\/11\/Favicon-Der-Wasserwirt.png\",\"contentUrl\":\"https:\/\/der-wasserwirt.at\/wp-content\/uploads\/2019\/11\/Favicon-Der-Wasserwirt.png\",\"width\":512,\"height\":512,\"caption\":\"Der Wasserwirt\"},\"image\":{\"@id\":\"https:\/\/der-wasserwirt.at\/de\/#\/schema\/logo\/image\/\"}}]}<\/script>\n<!-- \/ Yoast SEO plugin. -->","yoast_head_json":{"title":"Gew\u00e4sser\u00f6kologie und Monitoring &#8902; Der Wasserwirt","description":"Fisch\u00f6kologische Untersuchungen, Fisch\u00f6kologische Beratung, Bau und Wartung von Fischaufstiegshilfen uvm. in ganz \u00d6sterreich, Deutschland und der Schweiz.","robots":{"index":"index","follow":"follow","max-snippet":"max-snippet:-1","max-image-preview":"max-image-preview:large","max-video-preview":"max-video-preview:-1"},"canonical":"https:\/\/der-wasserwirt.at\/de\/gewasserokologie-monitoring\/","og_locale":"de_DE","og_type":"article","og_title":"Gew\u00e4sser\u00f6kologie und Monitoring &#8902; Der Wasserwirt","og_description":"Fisch\u00f6kologische Untersuchungen, Fisch\u00f6kologische Beratung, Bau und Wartung von Fischaufstiegshilfen uvm. in ganz \u00d6sterreich, Deutschland und der Schweiz.","og_url":"https:\/\/der-wasserwirt.at\/de\/gewasserokologie-monitoring\/","og_site_name":"Der Wasserwirt","article_modified_time":"2020-03-27T10:13:09+00:00","og_image":[{"url":"https:\/\/der-wasserwirt.at\/wp-content\/uploads\/2020\/03\/img_0322.jpg"}],"twitter_card":"summary_large_image","schema":{"@context":"https:\/\/schema.org","@graph":[{"@type":"WebPage","@id":"https:\/\/der-wasserwirt.at\/de\/gewasserokologie-monitoring\/","url":"https:\/\/der-wasserwirt.at\/de\/gewasserokologie-monitoring\/","name":"Gew\u00e4sser\u00f6kologie und Monitoring &#8902; Der Wasserwirt","isPartOf":{"@id":"https:\/\/der-wasserwirt.at\/de\/#website"},"primaryImageOfPage":{"@id":"https:\/\/der-wasserwirt.at\/de\/gewasserokologie-monitoring\/#primaryimage"},"image":{"@id":"https:\/\/der-wasserwirt.at\/de\/gewasserokologie-monitoring\/#primaryimage"},"thumbnailUrl":"https:\/\/der-wasserwirt.at\/wp-content\/uploads\/2020\/03\/img_0322.jpg","datePublished":"2020-02-11T11:52:28+00:00","dateModified":"2020-03-27T10:13:09+00:00","description":"Fisch\u00f6kologische Untersuchungen, Fisch\u00f6kologische Beratung, Bau und Wartung von Fischaufstiegshilfen uvm. in ganz \u00d6sterreich, Deutschland und der Schweiz.","breadcrumb":{"@id":"https:\/\/der-wasserwirt.at\/de\/gewasserokologie-monitoring\/#breadcrumb"},"inLanguage":"de","potentialAction":[{"@type":"ReadAction","target":["https:\/\/der-wasserwirt.at\/de\/gewasserokologie-monitoring\/"]}]},{"@type":"ImageObject","inLanguage":"de","@id":"https:\/\/der-wasserwirt.at\/de\/gewasserokologie-monitoring\/#primaryimage","url":"https:\/\/der-wasserwirt.at\/wp-content\/uploads\/2020\/03\/img_0322.jpg","contentUrl":"https:\/\/der-wasserwirt.at\/wp-content\/uploads\/2020\/03\/img_0322.jpg"},{"@type":"BreadcrumbList","@id":"https:\/\/der-wasserwirt.at\/de\/gewasserokologie-monitoring\/#breadcrumb","itemListElement":[{"@type":"ListItem","position":1,"name":"Startseite","item":"https:\/\/der-wasserwirt.at\/de\/"},{"@type":"ListItem","position":2,"name":"Gew\u00e4sser\u00f6kologie und Monitoring"}]},{"@type":"WebSite","@id":"https:\/\/der-wasserwirt.at\/de\/#website","url":"https:\/\/der-wasserwirt.at\/de\/","name":"Der Wasserwirt","description":"Wasserwirtschaft - Kulturtechnik - Forschung","publisher":{"@id":"https:\/\/der-wasserwirt.at\/de\/#organization"},"potentialAction":[{"@type":"SearchAction","target":{"@type":"EntryPoint","urlTemplate":"https:\/\/der-wasserwirt.at\/de\/?s={search_term_string}"},"query-input":"required name=search_term_string"}],"inLanguage":"de"},{"@type":"Organization","@id":"https:\/\/der-wasserwirt.at\/de\/#organization","name":"Der Wasserwirt","url":"https:\/\/der-wasserwirt.at\/de\/","logo":{"@type":"ImageObject","inLanguage":"de","@id":"https:\/\/der-wasserwirt.at\/de\/#\/schema\/logo\/image\/","url":"https:\/\/der-wasserwirt.at\/wp-content\/uploads\/2019\/11\/Favicon-Der-Wasserwirt.png","contentUrl":"https:\/\/der-wasserwirt.at\/wp-content\/uploads\/2019\/11\/Favicon-Der-Wasserwirt.png","width":512,"height":512,"caption":"Der Wasserwirt"},"image":{"@id":"https:\/\/der-wasserwirt.at\/de\/#\/schema\/logo\/image\/"}}]}},"_links":{"self":[{"href":"https:\/\/der-wasserwirt.at\/de\/wp-json\/wp\/v2\/pages\/419"}],"collection":[{"href":"https:\/\/der-wasserwirt.at\/de\/wp-json\/wp\/v2\/pages"}],"about":[{"href":"https:\/\/der-wasserwirt.at\/de\/wp-json\/wp\/v2\/types\/page"}],"author":[{"embeddable":true,"href":"https:\/\/der-wasserwirt.at\/de\/wp-json\/wp\/v2\/users\/2"}],"replies":[{"embeddable":true,"href":"https:\/\/der-wasserwirt.at\/de\/wp-json\/wp\/v2\/comments?post=419"}],"version-history":[{"count":15,"href":"https:\/\/der-wasserwirt.at\/de\/wp-json\/wp\/v2\/pages\/419\/revisions"}],"predecessor-version":[{"id":2265,"href":"https:\/\/der-wasserwirt.at\/de\/wp-json\/wp\/v2\/pages\/419\/revisions\/2265"}],"wp:attachment":[{"href":"https:\/\/der-wasserwirt.at\/de\/wp-json\/wp\/v2\/media?parent=419"}],"curies":[{"name":"wp","href":"https:\/\/api.w.org\/{rel}","templated":true}]}}