{"id":428,"date":"2020-02-11T13:16:09","date_gmt":"2020-02-11T12:16:09","guid":{"rendered":"https:\/\/wasserwirt.stuck-marketing.at\/?page_id=428"},"modified":"2024-06-14T11:38:54","modified_gmt":"2024-06-14T09:38:54","slug":"planung-von-enature","status":"publish","type":"page","link":"https:\/\/der-wasserwirt.at\/de\/planung-von-enature\/","title":{"rendered":"Planung von Enature"},"content":{"rendered":"\t\t<div data-elementor-type=\"wp-page\" data-elementor-id=\"428\" class=\"elementor elementor-428\" data-elementor-post-type=\"page\">\n\t\t\t\t\t\t<section class=\"elementor-section elementor-top-section elementor-element elementor-element-2a976b7 elementor-section-boxed elementor-section-height-default elementor-section-height-default\" data-id=\"2a976b7\" data-element_type=\"section\" data-settings=\"{&quot;background_background&quot;:&quot;classic&quot;}\">\n\t\t\t\t\t\t<div class=\"elementor-container elementor-column-gap-default\">\n\t\t\t\t\t<div class=\"elementor-column elementor-col-100 elementor-top-column elementor-element elementor-element-9df75a6\" data-id=\"9df75a6\" data-element_type=\"column\">\n\t\t\t<div class=\"elementor-widget-wrap elementor-element-populated\">\n\t\t\t\t\t\t<div class=\"elementor-element elementor-element-398bfd1 elementor-widget elementor-widget-heading\" data-id=\"398bfd1\" data-element_type=\"widget\" data-widget_type=\"heading.default\">\n\t\t\t\t<div class=\"elementor-widget-container\">\n\t\t\t<h2 class=\"elementor-heading-title elementor-size-default\">Planung von Enature<\/h2>\t\t<\/div>\n\t\t\t\t<\/div>\n\t\t\t\t\t<\/div>\n\t\t<\/div>\n\t\t\t\t\t<\/div>\n\t\t<\/section>\n\t\t\t\t<section class=\"elementor-section elementor-top-section elementor-element elementor-element-16c5cc6 elementor-section-boxed elementor-section-height-default elementor-section-height-default\" data-id=\"16c5cc6\" data-element_type=\"section\">\n\t\t\t\t\t\t<div class=\"elementor-container elementor-column-gap-default\">\n\t\t\t\t\t<div class=\"elementor-column elementor-col-100 elementor-top-column elementor-element elementor-element-eb2e6dc\" data-id=\"eb2e6dc\" data-element_type=\"column\">\n\t\t\t<div class=\"elementor-widget-wrap elementor-element-populated\">\n\t\t\t\t\t\t<section class=\"elementor-section elementor-inner-section elementor-element elementor-element-63f04f3 elementor-section-boxed elementor-section-height-default elementor-section-height-default\" data-id=\"63f04f3\" data-element_type=\"section\">\n\t\t\t\t\t\t<div class=\"elementor-container elementor-column-gap-default\">\n\t\t\t\t\t<div class=\"elementor-column elementor-col-50 elementor-inner-column elementor-element elementor-element-c8b20a8\" data-id=\"c8b20a8\" data-element_type=\"column\">\n\t\t\t<div class=\"elementor-widget-wrap elementor-element-populated\">\n\t\t\t\t\t\t<div class=\"elementor-element elementor-element-c5b426d elementor-widget elementor-widget-image\" data-id=\"c5b426d\" data-element_type=\"widget\" data-widget_type=\"image.default\">\n\t\t\t\t<div class=\"elementor-widget-container\">\n\t\t\t\t\t\t\t\t\t\t\t\t\t<img fetchpriority=\"high\" decoding=\"async\" width=\"414\" height=\"193\" src=\"https:\/\/der-wasserwirt.at\/wp-content\/uploads\/2020\/02\/enature-fishpass.jpg\" class=\"attachment-large size-large wp-image-432\" alt=\"\" srcset=\"https:\/\/der-wasserwirt.at\/wp-content\/uploads\/2020\/02\/enature-fishpass.jpg 414w, https:\/\/der-wasserwirt.at\/wp-content\/uploads\/2020\/02\/enature-fishpass-300x140.jpg 300w\" sizes=\"(max-width: 414px) 100vw, 414px\" \/>\t\t\t\t\t\t\t\t\t\t\t\t\t<\/div>\n\t\t\t\t<\/div>\n\t\t\t\t<div class=\"elementor-element elementor-element-44cedb7 elementor-widget elementor-widget-image\" data-id=\"44cedb7\" data-element_type=\"widget\" data-widget_type=\"image.default\">\n\t\t\t\t<div class=\"elementor-widget-container\">\n\t\t\t\t\t\t\t\t\t\t\t\t\t<img decoding=\"async\" width=\"768\" height=\"1024\" src=\"https:\/\/der-wasserwirt.at\/wp-content\/uploads\/2020\/02\/Enature-Obere-M\u00fchle-Lengnau-CH-768x1024.jpg\" class=\"attachment-medium_large size-medium_large wp-image-431\" alt=\"\" srcset=\"https:\/\/der-wasserwirt.at\/wp-content\/uploads\/2020\/02\/Enature-Obere-M\u00fchle-Lengnau-CH-768x1024.jpg 768w, https:\/\/der-wasserwirt.at\/wp-content\/uploads\/2020\/02\/Enature-Obere-M\u00fchle-Lengnau-CH-225x300.jpg 225w, https:\/\/der-wasserwirt.at\/wp-content\/uploads\/2020\/02\/Enature-Obere-M\u00fchle-Lengnau-CH-1152x1536.jpg 1152w, https:\/\/der-wasserwirt.at\/wp-content\/uploads\/2020\/02\/Enature-Obere-M\u00fchle-Lengnau-CH.jpg 1200w\" sizes=\"(max-width: 768px) 100vw, 768px\" \/>\t\t\t\t\t\t\t\t\t\t\t\t\t<\/div>\n\t\t\t\t<\/div>\n\t\t\t\t\t<\/div>\n\t\t<\/div>\n\t\t\t\t<div class=\"elementor-column elementor-col-50 elementor-inner-column elementor-element elementor-element-84abcf1\" data-id=\"84abcf1\" data-element_type=\"column\">\n\t\t\t<div class=\"elementor-widget-wrap elementor-element-populated\">\n\t\t\t\t\t\t<div class=\"elementor-element elementor-element-88323b9 elementor-widget elementor-widget-heading\" data-id=\"88323b9\" data-element_type=\"widget\" data-widget_type=\"heading.default\">\n\t\t\t\t<div class=\"elementor-widget-container\">\n\t\t\t<h2 class=\"elementor-heading-title elementor-size-default\">Planung von Enature Fishpass \/ Multistrukturschlitzpass (CH, Bayern)<\/h2>\t\t<\/div>\n\t\t\t\t<\/div>\n\t\t\t\t<div class=\"elementor-element elementor-element-bbe6d96 elementor-widget elementor-widget-text-editor\" data-id=\"bbe6d96\" data-element_type=\"widget\" data-widget_type=\"text-editor.default\">\n\t\t\t\t<div class=\"elementor-widget-container\">\n\t\t\t\t\t\t\t<p>Wir sind vom Enature\u00ae Fishpass Lizenzinhaber f\u00fcr die Schweiz und Bayern.<\/p>\n<p>Das System ist eine Weiterentwicklung des Schlitzpasses (Vertical Slot Pass) und dient zur Herstellung der Durchg\u00e4ngigkeit an Flie\u00dfgew\u00e4ssern. Diese Fischaufstiegshilfe kann bei unterschiedlichen Gew\u00e4ssertypen (mit unterschiedlicher Wasserf\u00fchrung) eingesetzt werden. Es ist ein Multistrukturschlitz (mehrfach angeordneter Schlitz) mit einer Abwechslung der Schlitzseite. Der Enature\u00ae Fishpass erm\u00f6glicht:<\/p>\n<ul>\n<li>Reduktion der Flie\u00dfgeschwindigkeit \u00e0 bis \u201325 %<\/li>\n<li>Reduktion des Wasserdurchflusses \u00e0 bis \u201340 %<\/li>\n<li>Definierte hydraulische Verh\u00e4ltnisse<\/li>\n<li>Standardisiertes Fertigteilsystem<\/li>\n<li>Geringe Bauzeit<\/li>\n<li>Geringer Platzbedarf<\/li>\n<p><br><\/p><\/ul>\n<p>Neuheiten der Fischaufstiegshilfe &#8211; System Enature\u00ae Fishpass:<\/p>\n<ul>\n<li>Ausbildung erh\u00f6hter Rauigkeit<\/li>\n<li>Reduzierte Flie\u00dfgeschwindigkeiten im Schlitz und Becken, Turbulenzen und Energiedissipation<\/li>\n<li>Verbesserter Fischaufstieg f\u00fcr schwimmschwache Arten und Juvenile<\/li>\n<li>Durchflussminimierung \u00e0 \u00d6konomischer Vorteil<\/li>\n<\/ul>\t\t\t\t\t\t<\/div>\n\t\t\t\t<\/div>\n\t\t\t\t<div class=\"elementor-element elementor-element-8ffe529 elementor-align-right elementor-widget elementor-widget-button\" data-id=\"8ffe529\" data-element_type=\"widget\" data-widget_type=\"button.default\">\n\t\t\t\t<div class=\"elementor-widget-container\">\n\t\t\t\t\t<div class=\"elementor-button-wrapper\">\n\t\t\t<a class=\"elementor-button elementor-button-link elementor-size-md\" href=\"\/de\/wasserwirtschaft-und-kulturtechnik\/\">\n\t\t\t\t\t\t<span class=\"elementor-button-content-wrapper\">\n\t\t\t\t\t\t<span class=\"elementor-button-text\">Zur\u00fcck<\/span>\n\t\t<\/span>\n\t\t\t\t\t<\/a>\n\t\t<\/div>\n\t\t\t\t<\/div>\n\t\t\t\t<\/div>\n\t\t\t\t\t<\/div>\n\t\t<\/div>\n\t\t\t\t\t<\/div>\n\t\t<\/section>\n\t\t\t\t\t<\/div>\n\t\t<\/div>\n\t\t\t\t\t<\/div>\n\t\t<\/section>\n\t\t\t\t<\/div>\n\t\t","protected":false},"excerpt":{"rendered":"<p>Planung von Enature Planung von Enature Fishpass \/ Multistrukturschlitzpass (CH, Bayern) Wir sind vom Enature\u00ae Fishpass Lizenzinhaber f\u00fcr die Schweiz und Bayern. Das System ist eine Weiterentwicklung des Schlitzpasses (Vertical Slot Pass) und dient zur Herstellung der Durchg\u00e4ngigkeit an Flie\u00dfgew\u00e4ssern. Diese Fischaufstiegshilfe kann bei unterschiedlichen Gew\u00e4ssertypen (mit unterschiedlicher Wasserf\u00fchrung) eingesetzt werden. Es ist ein Multistrukturschlitz [&hellip;]<\/p>\n","protected":false},"author":2,"featured_media":0,"parent":0,"menu_order":0,"comment_status":"closed","ping_status":"closed","template":"","meta":{"footnotes":""},"yoast_head":"<!-- This site is optimized with the Yoast SEO plugin v22.4 - https:\/\/yoast.com\/wordpress\/plugins\/seo\/ -->\n<title>Planung von Enature Schlitzpass &#8902; Der Wasserwirt<\/title>\n<meta name=\"description\" content=\"Wir sind vom Enature Fishpass Lizenzinhaber f\u00fcr die Schweiz und Bayern. Das System ist eine Weiterentwicklung des Schlitzpasses (Vertical Slot Pass).\" \/>\n<meta name=\"robots\" content=\"index, follow, max-snippet:-1, max-image-preview:large, max-video-preview:-1\" \/>\n<link rel=\"canonical\" href=\"https:\/\/der-wasserwirt.at\/de\/planung-von-enature\/\" \/>\n<meta property=\"og:locale\" content=\"de_DE\" \/>\n<meta property=\"og:type\" content=\"article\" \/>\n<meta property=\"og:title\" content=\"Planung von Enature Schlitzpass &#8902; Der Wasserwirt\" \/>\n<meta property=\"og:description\" content=\"Wir sind vom Enature Fishpass Lizenzinhaber f\u00fcr die Schweiz und Bayern. Das System ist eine Weiterentwicklung des Schlitzpasses (Vertical Slot Pass).\" \/>\n<meta property=\"og:url\" content=\"https:\/\/der-wasserwirt.at\/de\/planung-von-enature\/\" \/>\n<meta property=\"og:site_name\" content=\"Der Wasserwirt\" \/>\n<meta property=\"article:modified_time\" content=\"2024-06-14T09:38:54+00:00\" \/>\n<meta property=\"og:image\" content=\"https:\/\/der-wasserwirt.at\/wp-content\/uploads\/2020\/02\/enature-fishpass.jpg\" \/>\n<meta name=\"twitter:card\" content=\"summary_large_image\" \/>\n<meta name=\"twitter:label1\" content=\"Gesch\u00e4tzte Lesezeit\" \/>\n\t<meta name=\"twitter:data1\" content=\"2\u00a0Minuten\" \/>\n<script type=\"application\/ld+json\" class=\"yoast-schema-graph\">{\"@context\":\"https:\/\/schema.org\",\"@graph\":[{\"@type\":\"WebPage\",\"@id\":\"https:\/\/der-wasserwirt.at\/de\/planung-von-enature\/\",\"url\":\"https:\/\/der-wasserwirt.at\/de\/planung-von-enature\/\",\"name\":\"Planung von Enature Schlitzpass &#8902; Der Wasserwirt\",\"isPartOf\":{\"@id\":\"https:\/\/der-wasserwirt.at\/de\/#website\"},\"primaryImageOfPage\":{\"@id\":\"https:\/\/der-wasserwirt.at\/de\/planung-von-enature\/#primaryimage\"},\"image\":{\"@id\":\"https:\/\/der-wasserwirt.at\/de\/planung-von-enature\/#primaryimage\"},\"thumbnailUrl\":\"https:\/\/der-wasserwirt.at\/wp-content\/uploads\/2020\/02\/enature-fishpass.jpg\",\"datePublished\":\"2020-02-11T12:16:09+00:00\",\"dateModified\":\"2024-06-14T09:38:54+00:00\",\"description\":\"Wir sind vom Enature Fishpass Lizenzinhaber f\u00fcr die Schweiz und Bayern. Das System ist eine Weiterentwicklung des Schlitzpasses (Vertical Slot Pass).\",\"breadcrumb\":{\"@id\":\"https:\/\/der-wasserwirt.at\/de\/planung-von-enature\/#breadcrumb\"},\"inLanguage\":\"de\",\"potentialAction\":[{\"@type\":\"ReadAction\",\"target\":[\"https:\/\/der-wasserwirt.at\/de\/planung-von-enature\/\"]}]},{\"@type\":\"ImageObject\",\"inLanguage\":\"de\",\"@id\":\"https:\/\/der-wasserwirt.at\/de\/planung-von-enature\/#primaryimage\",\"url\":\"https:\/\/der-wasserwirt.at\/wp-content\/uploads\/2020\/02\/enature-fishpass.jpg\",\"contentUrl\":\"https:\/\/der-wasserwirt.at\/wp-content\/uploads\/2020\/02\/enature-fishpass.jpg\"},{\"@type\":\"BreadcrumbList\",\"@id\":\"https:\/\/der-wasserwirt.at\/de\/planung-von-enature\/#breadcrumb\",\"itemListElement\":[{\"@type\":\"ListItem\",\"position\":1,\"name\":\"Startseite\",\"item\":\"https:\/\/der-wasserwirt.at\/de\/\"},{\"@type\":\"ListItem\",\"position\":2,\"name\":\"Planung von Enature\"}]},{\"@type\":\"WebSite\",\"@id\":\"https:\/\/der-wasserwirt.at\/de\/#website\",\"url\":\"https:\/\/der-wasserwirt.at\/de\/\",\"name\":\"Der Wasserwirt\",\"description\":\"Wasserwirtschaft - Kulturtechnik - Forschung\",\"publisher\":{\"@id\":\"https:\/\/der-wasserwirt.at\/de\/#organization\"},\"potentialAction\":[{\"@type\":\"SearchAction\",\"target\":{\"@type\":\"EntryPoint\",\"urlTemplate\":\"https:\/\/der-wasserwirt.at\/de\/?s={search_term_string}\"},\"query-input\":\"required name=search_term_string\"}],\"inLanguage\":\"de\"},{\"@type\":\"Organization\",\"@id\":\"https:\/\/der-wasserwirt.at\/de\/#organization\",\"name\":\"Der Wasserwirt\",\"url\":\"https:\/\/der-wasserwirt.at\/de\/\",\"logo\":{\"@type\":\"ImageObject\",\"inLanguage\":\"de\",\"@id\":\"https:\/\/der-wasserwirt.at\/de\/#\/schema\/logo\/image\/\",\"url\":\"https:\/\/der-wasserwirt.at\/wp-content\/uploads\/2019\/11\/Favicon-Der-Wasserwirt.png\",\"contentUrl\":\"https:\/\/der-wasserwirt.at\/wp-content\/uploads\/2019\/11\/Favicon-Der-Wasserwirt.png\",\"width\":512,\"height\":512,\"caption\":\"Der Wasserwirt\"},\"image\":{\"@id\":\"https:\/\/der-wasserwirt.at\/de\/#\/schema\/logo\/image\/\"}}]}<\/script>\n<!-- \/ Yoast SEO plugin. -->","yoast_head_json":{"title":"Planung von Enature Schlitzpass &#8902; Der Wasserwirt","description":"Wir sind vom Enature Fishpass Lizenzinhaber f\u00fcr die Schweiz und Bayern. Das System ist eine Weiterentwicklung des Schlitzpasses (Vertical Slot Pass).","robots":{"index":"index","follow":"follow","max-snippet":"max-snippet:-1","max-image-preview":"max-image-preview:large","max-video-preview":"max-video-preview:-1"},"canonical":"https:\/\/der-wasserwirt.at\/de\/planung-von-enature\/","og_locale":"de_DE","og_type":"article","og_title":"Planung von Enature Schlitzpass &#8902; Der Wasserwirt","og_description":"Wir sind vom Enature Fishpass Lizenzinhaber f\u00fcr die Schweiz und Bayern. Das System ist eine Weiterentwicklung des Schlitzpasses (Vertical Slot Pass).","og_url":"https:\/\/der-wasserwirt.at\/de\/planung-von-enature\/","og_site_name":"Der Wasserwirt","article_modified_time":"2024-06-14T09:38:54+00:00","og_image":[{"url":"https:\/\/der-wasserwirt.at\/wp-content\/uploads\/2020\/02\/enature-fishpass.jpg"}],"twitter_card":"summary_large_image","twitter_misc":{"Gesch\u00e4tzte Lesezeit":"2\u00a0Minuten"},"schema":{"@context":"https:\/\/schema.org","@graph":[{"@type":"WebPage","@id":"https:\/\/der-wasserwirt.at\/de\/planung-von-enature\/","url":"https:\/\/der-wasserwirt.at\/de\/planung-von-enature\/","name":"Planung von Enature Schlitzpass &#8902; Der Wasserwirt","isPartOf":{"@id":"https:\/\/der-wasserwirt.at\/de\/#website"},"primaryImageOfPage":{"@id":"https:\/\/der-wasserwirt.at\/de\/planung-von-enature\/#primaryimage"},"image":{"@id":"https:\/\/der-wasserwirt.at\/de\/planung-von-enature\/#primaryimage"},"thumbnailUrl":"https:\/\/der-wasserwirt.at\/wp-content\/uploads\/2020\/02\/enature-fishpass.jpg","datePublished":"2020-02-11T12:16:09+00:00","dateModified":"2024-06-14T09:38:54+00:00","description":"Wir sind vom Enature Fishpass Lizenzinhaber f\u00fcr die Schweiz und Bayern. Das System ist eine Weiterentwicklung des Schlitzpasses (Vertical Slot Pass).","breadcrumb":{"@id":"https:\/\/der-wasserwirt.at\/de\/planung-von-enature\/#breadcrumb"},"inLanguage":"de","potentialAction":[{"@type":"ReadAction","target":["https:\/\/der-wasserwirt.at\/de\/planung-von-enature\/"]}]},{"@type":"ImageObject","inLanguage":"de","@id":"https:\/\/der-wasserwirt.at\/de\/planung-von-enature\/#primaryimage","url":"https:\/\/der-wasserwirt.at\/wp-content\/uploads\/2020\/02\/enature-fishpass.jpg","contentUrl":"https:\/\/der-wasserwirt.at\/wp-content\/uploads\/2020\/02\/enature-fishpass.jpg"},{"@type":"BreadcrumbList","@id":"https:\/\/der-wasserwirt.at\/de\/planung-von-enature\/#breadcrumb","itemListElement":[{"@type":"ListItem","position":1,"name":"Startseite","item":"https:\/\/der-wasserwirt.at\/de\/"},{"@type":"ListItem","position":2,"name":"Planung von Enature"}]},{"@type":"WebSite","@id":"https:\/\/der-wasserwirt.at\/de\/#website","url":"https:\/\/der-wasserwirt.at\/de\/","name":"Der Wasserwirt","description":"Wasserwirtschaft - Kulturtechnik - Forschung","publisher":{"@id":"https:\/\/der-wasserwirt.at\/de\/#organization"},"potentialAction":[{"@type":"SearchAction","target":{"@type":"EntryPoint","urlTemplate":"https:\/\/der-wasserwirt.at\/de\/?s={search_term_string}"},"query-input":"required name=search_term_string"}],"inLanguage":"de"},{"@type":"Organization","@id":"https:\/\/der-wasserwirt.at\/de\/#organization","name":"Der Wasserwirt","url":"https:\/\/der-wasserwirt.at\/de\/","logo":{"@type":"ImageObject","inLanguage":"de","@id":"https:\/\/der-wasserwirt.at\/de\/#\/schema\/logo\/image\/","url":"https:\/\/der-wasserwirt.at\/wp-content\/uploads\/2019\/11\/Favicon-Der-Wasserwirt.png","contentUrl":"https:\/\/der-wasserwirt.at\/wp-content\/uploads\/2019\/11\/Favicon-Der-Wasserwirt.png","width":512,"height":512,"caption":"Der Wasserwirt"},"image":{"@id":"https:\/\/der-wasserwirt.at\/de\/#\/schema\/logo\/image\/"}}]}},"_links":{"self":[{"href":"https:\/\/der-wasserwirt.at\/de\/wp-json\/wp\/v2\/pages\/428"}],"collection":[{"href":"https:\/\/der-wasserwirt.at\/de\/wp-json\/wp\/v2\/pages"}],"about":[{"href":"https:\/\/der-wasserwirt.at\/de\/wp-json\/wp\/v2\/types\/page"}],"author":[{"embeddable":true,"href":"https:\/\/der-wasserwirt.at\/de\/wp-json\/wp\/v2\/users\/2"}],"replies":[{"embeddable":true,"href":"https:\/\/der-wasserwirt.at\/de\/wp-json\/wp\/v2\/comments?post=428"}],"version-history":[{"count":22,"href":"https:\/\/der-wasserwirt.at\/de\/wp-json\/wp\/v2\/pages\/428\/revisions"}],"predecessor-version":[{"id":3211,"href":"https:\/\/der-wasserwirt.at\/de\/wp-json\/wp\/v2\/pages\/428\/revisions\/3211"}],"wp:attachment":[{"href":"https:\/\/der-wasserwirt.at\/de\/wp-json\/wp\/v2\/media?parent=428"}],"curies":[{"name":"wp","href":"https:\/\/api.w.org\/{rel}","templated":true}]}}