{"id":435,"date":"2020-02-11T13:25:28","date_gmt":"2020-02-11T12:25:28","guid":{"rendered":"https:\/\/wasserwirt.stuck-marketing.at\/?page_id=435"},"modified":"2020-03-27T11:18:25","modified_gmt":"2020-03-27T10:18:25","slug":"planung-von-fah","status":"publish","type":"page","link":"https:\/\/der-wasserwirt.at\/de\/planung-von-fah\/","title":{"rendered":"Planung von FAH"},"content":{"rendered":"\t\t<div data-elementor-type=\"wp-page\" data-elementor-id=\"435\" class=\"elementor elementor-435\" data-elementor-post-type=\"page\">\n\t\t\t\t\t\t<section class=\"elementor-section elementor-top-section elementor-element elementor-element-54b5c1e elementor-section-boxed elementor-section-height-default elementor-section-height-default\" data-id=\"54b5c1e\" data-element_type=\"section\" data-settings=\"{&quot;background_background&quot;:&quot;classic&quot;}\">\n\t\t\t\t\t\t<div class=\"elementor-container elementor-column-gap-default\">\n\t\t\t\t\t<div class=\"elementor-column elementor-col-100 elementor-top-column elementor-element elementor-element-9a6f690\" data-id=\"9a6f690\" data-element_type=\"column\">\n\t\t\t<div class=\"elementor-widget-wrap elementor-element-populated\">\n\t\t\t\t\t\t<div class=\"elementor-element elementor-element-d635ea3 elementor-widget elementor-widget-heading\" data-id=\"d635ea3\" data-element_type=\"widget\" data-widget_type=\"heading.default\">\n\t\t\t\t<div class=\"elementor-widget-container\">\n\t\t\t<h2 class=\"elementor-heading-title elementor-size-default\">Planung von Fischaufstiegshilfen (FAHs)<\/h2>\t\t<\/div>\n\t\t\t\t<\/div>\n\t\t\t\t\t<\/div>\n\t\t<\/div>\n\t\t\t\t\t<\/div>\n\t\t<\/section>\n\t\t\t\t<section class=\"elementor-section elementor-top-section elementor-element elementor-element-13692d0 elementor-section-boxed elementor-section-height-default elementor-section-height-default\" data-id=\"13692d0\" data-element_type=\"section\">\n\t\t\t\t\t\t<div class=\"elementor-container elementor-column-gap-default\">\n\t\t\t\t\t<div class=\"elementor-column elementor-col-100 elementor-top-column elementor-element elementor-element-c847902\" data-id=\"c847902\" data-element_type=\"column\">\n\t\t\t<div class=\"elementor-widget-wrap elementor-element-populated\">\n\t\t\t\t\t\t<section class=\"elementor-section elementor-inner-section elementor-element elementor-element-dcfff00 elementor-section-boxed elementor-section-height-default elementor-section-height-default\" data-id=\"dcfff00\" data-element_type=\"section\">\n\t\t\t\t\t\t<div class=\"elementor-container elementor-column-gap-default\">\n\t\t\t\t\t<div class=\"elementor-column elementor-col-50 elementor-inner-column elementor-element elementor-element-de4c879\" data-id=\"de4c879\" data-element_type=\"column\">\n\t\t\t<div class=\"elementor-widget-wrap elementor-element-populated\">\n\t\t\t\t\t\t<div class=\"elementor-element elementor-element-7d52b08 elementor-arrows-position-inside elementor-pagination-position-outside elementor-widget elementor-widget-image-carousel\" data-id=\"7d52b08\" data-element_type=\"widget\" data-settings=\"{&quot;slides_to_show&quot;:&quot;1&quot;,&quot;navigation&quot;:&quot;both&quot;,&quot;autoplay&quot;:&quot;yes&quot;,&quot;pause_on_hover&quot;:&quot;yes&quot;,&quot;pause_on_interaction&quot;:&quot;yes&quot;,&quot;autoplay_speed&quot;:5000,&quot;infinite&quot;:&quot;yes&quot;,&quot;effect&quot;:&quot;slide&quot;,&quot;speed&quot;:500}\" data-widget_type=\"image-carousel.default\">\n\t\t\t\t<div class=\"elementor-widget-container\">\n\t\t\t\t\t<div class=\"elementor-image-carousel-wrapper swiper\" dir=\"ltr\">\n\t\t\t<div class=\"elementor-image-carousel swiper-wrapper\" aria-live=\"off\">\n\t\t\t\t\t\t\t\t<div class=\"swiper-slide\" role=\"group\" aria-roledescription=\"slide\" aria-label=\"1 von 2\"><figure class=\"swiper-slide-inner\"><img decoding=\"async\" class=\"swiper-slide-image\" src=\"https:\/\/der-wasserwirt.at\/wp-content\/uploads\/2020\/02\/fah_grosswilfersdorf_2-1.jpg\" alt=\"fah_grosswilfersdorf_2\" \/><\/figure><\/div><div class=\"swiper-slide\" role=\"group\" aria-roledescription=\"slide\" aria-label=\"2 von 2\"><figure class=\"swiper-slide-inner\"><img decoding=\"async\" class=\"swiper-slide-image\" src=\"https:\/\/der-wasserwirt.at\/wp-content\/uploads\/2020\/02\/fah_nagele-1.jpg\" alt=\"fah_nagele\" \/><\/figure><\/div>\t\t\t<\/div>\n\t\t\t\t\t\t\t\t\t\t\t\t<div class=\"elementor-swiper-button elementor-swiper-button-prev\" role=\"button\" tabindex=\"0\">\n\t\t\t\t\t\t<i aria-hidden=\"true\" class=\"eicon-chevron-left\"><\/i>\t\t\t\t\t<\/div>\n\t\t\t\t\t<div class=\"elementor-swiper-button elementor-swiper-button-next\" role=\"button\" tabindex=\"0\">\n\t\t\t\t\t\t<i aria-hidden=\"true\" class=\"eicon-chevron-right\"><\/i>\t\t\t\t\t<\/div>\n\t\t\t\t\n\t\t\t\t\t\t\t\t\t<div class=\"swiper-pagination\"><\/div>\n\t\t\t\t\t\t\t\t\t<\/div>\n\t\t\t\t<\/div>\n\t\t\t\t<\/div>\n\t\t\t\t\t<\/div>\n\t\t<\/div>\n\t\t\t\t<div class=\"elementor-column elementor-col-50 elementor-inner-column elementor-element elementor-element-2e90e5d\" data-id=\"2e90e5d\" data-element_type=\"column\">\n\t\t\t<div class=\"elementor-widget-wrap elementor-element-populated\">\n\t\t\t\t\t\t<div class=\"elementor-element elementor-element-fd3a6c6 elementor-widget elementor-widget-heading\" data-id=\"fd3a6c6\" data-element_type=\"widget\" data-widget_type=\"heading.default\">\n\t\t\t\t<div class=\"elementor-widget-container\">\n\t\t\t<h2 class=\"elementor-heading-title elementor-size-default\">Planung von Fischaufstiegshilfen (FAHs)<\/h2>\t\t<\/div>\n\t\t\t\t<\/div>\n\t\t\t\t<div class=\"elementor-element elementor-element-9e58849 elementor-widget elementor-widget-text-editor\" data-id=\"9e58849\" data-element_type=\"widget\" data-widget_type=\"text-editor.default\">\n\t\t\t\t<div class=\"elementor-widget-container\">\n\t\t\t\t\t\t\t<p>Der Wasserwirt \u00fcbernimmt Planungs- und Baubegleitungst\u00e4tigkeiten f\u00fcr verschiedene wasserwirtschaftliche Projekte. Dazu z\u00e4hlen standardisierte Fischaufstiegshilfen laut dem \u201eLeitfaden zum Bau von Fischaufstiegshilfen (FAH)\u201c des Ministeriums f\u00fcr ein lebenswertes \u00d6sterreich. Neben \u00f6sterreichweiten Projekten \u00fcbernimmt Der Wasserwirt mittlerweile auch Planungst\u00e4tigkeiten f\u00fcr FAHs in der Schweiz, wie z.B. ein ca. 204 Meter langer enature(R)Fishpass des Kraftwerks Eglisau\/Glattfelden. Weiters hat Der Wasserwirt Planungs- und Baubegleitungst\u00e4tigkeiten f\u00fcr verschiedene Fischliftschleusenprojekte \u00fcbernommen, wie z.B. f\u00fcr den Fischlift Tiag in Treibach\/Althofen, f\u00fcr den Fischlift Leser im L\u00f6llinggraben, f\u00fcr den Fischlift Gmunden oder den Fischlift Partenstein. Bei der Fischliftschleuse handelt es sich um ein von uns entwickeltes und patentrechtlich gesch\u00fctztes System.<\/p><p>Unsere T\u00e4tigkeiten umfassen:<br \/>\u2022\u00a0\u00a0 \u00a0Wasserrechtliche Einreichplanung<br \/>\u2022\u00a0\u00a0 \u00a0Detailplanung<br \/>\u2022\u00a0\u00a0 \u00a0Baubegleitung<br \/>\u2022\u00a0\u00a0 \u00a0teilweise Produktlieferung<\/p><p>Zu den Produktlieferungen z\u00e4hlen:<\/p><p>\u2022\u00a0\u00a0 \u00a0Als Erfinder der Fischliftschleuse verkauft Der Wasserwirt dieses System.<br \/>\u2022\u00a0\u00a0 \u00a0Der Wasserwirt verf\u00fcgt \u00fcber die Verkaufslizenz des enature(R) Fishpass f\u00fcr die Schweiz.<\/p>\t\t\t\t\t\t<\/div>\n\t\t\t\t<\/div>\n\t\t\t\t<div class=\"elementor-element elementor-element-bb93ec0 elementor-align-right elementor-widget elementor-widget-button\" data-id=\"bb93ec0\" data-element_type=\"widget\" data-widget_type=\"button.default\">\n\t\t\t\t<div class=\"elementor-widget-container\">\n\t\t\t\t\t<div class=\"elementor-button-wrapper\">\n\t\t\t<a class=\"elementor-button elementor-button-link elementor-size-md\" href=\"\/de\/wasserwirtschaft-und-kulturtechnik\/\">\n\t\t\t\t\t\t<span class=\"elementor-button-content-wrapper\">\n\t\t\t\t\t\t<span class=\"elementor-button-text\">Zur\u00fcck<\/span>\n\t\t<\/span>\n\t\t\t\t\t<\/a>\n\t\t<\/div>\n\t\t\t\t<\/div>\n\t\t\t\t<\/div>\n\t\t\t\t\t<\/div>\n\t\t<\/div>\n\t\t\t\t\t<\/div>\n\t\t<\/section>\n\t\t\t\t\t<\/div>\n\t\t<\/div>\n\t\t\t\t\t<\/div>\n\t\t<\/section>\n\t\t\t\t<\/div>\n\t\t","protected":false},"excerpt":{"rendered":"<p>Planung von Fischaufstiegshilfen (FAHs) Zur\u00fcck Weiter Planung von Fischaufstiegshilfen (FAHs) Der Wasserwirt \u00fcbernimmt Planungs- und Baubegleitungst\u00e4tigkeiten f\u00fcr verschiedene wasserwirtschaftliche Projekte. Dazu z\u00e4hlen standardisierte Fischaufstiegshilfen laut dem \u201eLeitfaden zum Bau von Fischaufstiegshilfen (FAH)\u201c des Ministeriums f\u00fcr ein lebenswertes \u00d6sterreich. Neben \u00f6sterreichweiten Projekten \u00fcbernimmt Der Wasserwirt mittlerweile auch Planungst\u00e4tigkeiten f\u00fcr FAHs in der Schweiz, wie z.B. ein [&hellip;]<\/p>\n","protected":false},"author":2,"featured_media":0,"parent":0,"menu_order":0,"comment_status":"closed","ping_status":"closed","template":"","meta":{"footnotes":""},"yoast_head":"<!-- This site is optimized with the Yoast SEO plugin v22.4 - https:\/\/yoast.com\/wordpress\/plugins\/seo\/ -->\n<title>Planung von Fischaufstiegshilfen &#8902; Der Wasserwirt<\/title>\n<meta name=\"description\" content=\"Wir planen und entwicklen Fischaufstiegshilfen in ganz \u00d6sterreich, Deutschland und der Schweiz. Kontaktieren Sie uns f\u00fcr Ihr wasserwirtschafliches Projekt.\" \/>\n<meta name=\"robots\" content=\"index, follow, max-snippet:-1, max-image-preview:large, max-video-preview:-1\" \/>\n<link rel=\"canonical\" href=\"https:\/\/der-wasserwirt.at\/de\/planung-von-fah\/\" \/>\n<meta property=\"og:locale\" content=\"de_DE\" \/>\n<meta property=\"og:type\" content=\"article\" \/>\n<meta property=\"og:title\" content=\"Planung von Fischaufstiegshilfen &#8902; Der Wasserwirt\" \/>\n<meta property=\"og:description\" content=\"Wir planen und entwicklen Fischaufstiegshilfen in ganz \u00d6sterreich, Deutschland und der Schweiz. Kontaktieren Sie uns f\u00fcr Ihr wasserwirtschafliches Projekt.\" \/>\n<meta property=\"og:url\" content=\"https:\/\/der-wasserwirt.at\/de\/planung-von-fah\/\" \/>\n<meta property=\"og:site_name\" content=\"Der Wasserwirt\" \/>\n<meta property=\"article:modified_time\" content=\"2020-03-27T10:18:25+00:00\" \/>\n<meta property=\"og:image\" content=\"https:\/\/der-wasserwirt.at\/wp-content\/uploads\/2020\/02\/fah_grosswilfersdorf_2-1.jpg\" \/>\n<meta name=\"twitter:card\" content=\"summary_large_image\" \/>\n<meta name=\"twitter:label1\" content=\"Gesch\u00e4tzte Lesezeit\" \/>\n\t<meta name=\"twitter:data1\" content=\"1\u00a0Minute\" \/>\n<script type=\"application\/ld+json\" class=\"yoast-schema-graph\">{\"@context\":\"https:\/\/schema.org\",\"@graph\":[{\"@type\":\"WebPage\",\"@id\":\"https:\/\/der-wasserwirt.at\/de\/planung-von-fah\/\",\"url\":\"https:\/\/der-wasserwirt.at\/de\/planung-von-fah\/\",\"name\":\"Planung von Fischaufstiegshilfen &#8902; Der Wasserwirt\",\"isPartOf\":{\"@id\":\"https:\/\/der-wasserwirt.at\/de\/#website\"},\"primaryImageOfPage\":{\"@id\":\"https:\/\/der-wasserwirt.at\/de\/planung-von-fah\/#primaryimage\"},\"image\":{\"@id\":\"https:\/\/der-wasserwirt.at\/de\/planung-von-fah\/#primaryimage\"},\"thumbnailUrl\":\"https:\/\/der-wasserwirt.at\/wp-content\/uploads\/2020\/02\/fah_grosswilfersdorf_2-1.jpg\",\"datePublished\":\"2020-02-11T12:25:28+00:00\",\"dateModified\":\"2020-03-27T10:18:25+00:00\",\"description\":\"Wir planen und entwicklen Fischaufstiegshilfen in ganz \u00d6sterreich, Deutschland und der Schweiz. Kontaktieren Sie uns f\u00fcr Ihr wasserwirtschafliches Projekt.\",\"breadcrumb\":{\"@id\":\"https:\/\/der-wasserwirt.at\/de\/planung-von-fah\/#breadcrumb\"},\"inLanguage\":\"de\",\"potentialAction\":[{\"@type\":\"ReadAction\",\"target\":[\"https:\/\/der-wasserwirt.at\/de\/planung-von-fah\/\"]}]},{\"@type\":\"ImageObject\",\"inLanguage\":\"de\",\"@id\":\"https:\/\/der-wasserwirt.at\/de\/planung-von-fah\/#primaryimage\",\"url\":\"https:\/\/der-wasserwirt.at\/wp-content\/uploads\/2020\/02\/fah_grosswilfersdorf_2-1.jpg\",\"contentUrl\":\"https:\/\/der-wasserwirt.at\/wp-content\/uploads\/2020\/02\/fah_grosswilfersdorf_2-1.jpg\"},{\"@type\":\"BreadcrumbList\",\"@id\":\"https:\/\/der-wasserwirt.at\/de\/planung-von-fah\/#breadcrumb\",\"itemListElement\":[{\"@type\":\"ListItem\",\"position\":1,\"name\":\"Startseite\",\"item\":\"https:\/\/der-wasserwirt.at\/de\/\"},{\"@type\":\"ListItem\",\"position\":2,\"name\":\"Planung von FAH\"}]},{\"@type\":\"WebSite\",\"@id\":\"https:\/\/der-wasserwirt.at\/de\/#website\",\"url\":\"https:\/\/der-wasserwirt.at\/de\/\",\"name\":\"Der Wasserwirt\",\"description\":\"Wasserwirtschaft - Kulturtechnik - Forschung\",\"publisher\":{\"@id\":\"https:\/\/der-wasserwirt.at\/de\/#organization\"},\"potentialAction\":[{\"@type\":\"SearchAction\",\"target\":{\"@type\":\"EntryPoint\",\"urlTemplate\":\"https:\/\/der-wasserwirt.at\/de\/?s={search_term_string}\"},\"query-input\":\"required name=search_term_string\"}],\"inLanguage\":\"de\"},{\"@type\":\"Organization\",\"@id\":\"https:\/\/der-wasserwirt.at\/de\/#organization\",\"name\":\"Der Wasserwirt\",\"url\":\"https:\/\/der-wasserwirt.at\/de\/\",\"logo\":{\"@type\":\"ImageObject\",\"inLanguage\":\"de\",\"@id\":\"https:\/\/der-wasserwirt.at\/de\/#\/schema\/logo\/image\/\",\"url\":\"https:\/\/der-wasserwirt.at\/wp-content\/uploads\/2019\/11\/Favicon-Der-Wasserwirt.png\",\"contentUrl\":\"https:\/\/der-wasserwirt.at\/wp-content\/uploads\/2019\/11\/Favicon-Der-Wasserwirt.png\",\"width\":512,\"height\":512,\"caption\":\"Der Wasserwirt\"},\"image\":{\"@id\":\"https:\/\/der-wasserwirt.at\/de\/#\/schema\/logo\/image\/\"}}]}<\/script>\n<!-- \/ Yoast SEO plugin. -->","yoast_head_json":{"title":"Planung von Fischaufstiegshilfen &#8902; Der Wasserwirt","description":"Wir planen und entwicklen Fischaufstiegshilfen in ganz \u00d6sterreich, Deutschland und der Schweiz. Kontaktieren Sie uns f\u00fcr Ihr wasserwirtschafliches Projekt.","robots":{"index":"index","follow":"follow","max-snippet":"max-snippet:-1","max-image-preview":"max-image-preview:large","max-video-preview":"max-video-preview:-1"},"canonical":"https:\/\/der-wasserwirt.at\/de\/planung-von-fah\/","og_locale":"de_DE","og_type":"article","og_title":"Planung von Fischaufstiegshilfen &#8902; Der Wasserwirt","og_description":"Wir planen und entwicklen Fischaufstiegshilfen in ganz \u00d6sterreich, Deutschland und der Schweiz. Kontaktieren Sie uns f\u00fcr Ihr wasserwirtschafliches Projekt.","og_url":"https:\/\/der-wasserwirt.at\/de\/planung-von-fah\/","og_site_name":"Der Wasserwirt","article_modified_time":"2020-03-27T10:18:25+00:00","og_image":[{"url":"https:\/\/der-wasserwirt.at\/wp-content\/uploads\/2020\/02\/fah_grosswilfersdorf_2-1.jpg"}],"twitter_card":"summary_large_image","twitter_misc":{"Gesch\u00e4tzte Lesezeit":"1\u00a0Minute"},"schema":{"@context":"https:\/\/schema.org","@graph":[{"@type":"WebPage","@id":"https:\/\/der-wasserwirt.at\/de\/planung-von-fah\/","url":"https:\/\/der-wasserwirt.at\/de\/planung-von-fah\/","name":"Planung von Fischaufstiegshilfen &#8902; Der Wasserwirt","isPartOf":{"@id":"https:\/\/der-wasserwirt.at\/de\/#website"},"primaryImageOfPage":{"@id":"https:\/\/der-wasserwirt.at\/de\/planung-von-fah\/#primaryimage"},"image":{"@id":"https:\/\/der-wasserwirt.at\/de\/planung-von-fah\/#primaryimage"},"thumbnailUrl":"https:\/\/der-wasserwirt.at\/wp-content\/uploads\/2020\/02\/fah_grosswilfersdorf_2-1.jpg","datePublished":"2020-02-11T12:25:28+00:00","dateModified":"2020-03-27T10:18:25+00:00","description":"Wir planen und entwicklen Fischaufstiegshilfen in ganz \u00d6sterreich, Deutschland und der Schweiz. Kontaktieren Sie uns f\u00fcr Ihr wasserwirtschafliches Projekt.","breadcrumb":{"@id":"https:\/\/der-wasserwirt.at\/de\/planung-von-fah\/#breadcrumb"},"inLanguage":"de","potentialAction":[{"@type":"ReadAction","target":["https:\/\/der-wasserwirt.at\/de\/planung-von-fah\/"]}]},{"@type":"ImageObject","inLanguage":"de","@id":"https:\/\/der-wasserwirt.at\/de\/planung-von-fah\/#primaryimage","url":"https:\/\/der-wasserwirt.at\/wp-content\/uploads\/2020\/02\/fah_grosswilfersdorf_2-1.jpg","contentUrl":"https:\/\/der-wasserwirt.at\/wp-content\/uploads\/2020\/02\/fah_grosswilfersdorf_2-1.jpg"},{"@type":"BreadcrumbList","@id":"https:\/\/der-wasserwirt.at\/de\/planung-von-fah\/#breadcrumb","itemListElement":[{"@type":"ListItem","position":1,"name":"Startseite","item":"https:\/\/der-wasserwirt.at\/de\/"},{"@type":"ListItem","position":2,"name":"Planung von FAH"}]},{"@type":"WebSite","@id":"https:\/\/der-wasserwirt.at\/de\/#website","url":"https:\/\/der-wasserwirt.at\/de\/","name":"Der Wasserwirt","description":"Wasserwirtschaft - Kulturtechnik - Forschung","publisher":{"@id":"https:\/\/der-wasserwirt.at\/de\/#organization"},"potentialAction":[{"@type":"SearchAction","target":{"@type":"EntryPoint","urlTemplate":"https:\/\/der-wasserwirt.at\/de\/?s={search_term_string}"},"query-input":"required name=search_term_string"}],"inLanguage":"de"},{"@type":"Organization","@id":"https:\/\/der-wasserwirt.at\/de\/#organization","name":"Der Wasserwirt","url":"https:\/\/der-wasserwirt.at\/de\/","logo":{"@type":"ImageObject","inLanguage":"de","@id":"https:\/\/der-wasserwirt.at\/de\/#\/schema\/logo\/image\/","url":"https:\/\/der-wasserwirt.at\/wp-content\/uploads\/2019\/11\/Favicon-Der-Wasserwirt.png","contentUrl":"https:\/\/der-wasserwirt.at\/wp-content\/uploads\/2019\/11\/Favicon-Der-Wasserwirt.png","width":512,"height":512,"caption":"Der Wasserwirt"},"image":{"@id":"https:\/\/der-wasserwirt.at\/de\/#\/schema\/logo\/image\/"}}]}},"_links":{"self":[{"href":"https:\/\/der-wasserwirt.at\/de\/wp-json\/wp\/v2\/pages\/435"}],"collection":[{"href":"https:\/\/der-wasserwirt.at\/de\/wp-json\/wp\/v2\/pages"}],"about":[{"href":"https:\/\/der-wasserwirt.at\/de\/wp-json\/wp\/v2\/types\/page"}],"author":[{"embeddable":true,"href":"https:\/\/der-wasserwirt.at\/de\/wp-json\/wp\/v2\/users\/2"}],"replies":[{"embeddable":true,"href":"https:\/\/der-wasserwirt.at\/de\/wp-json\/wp\/v2\/comments?post=435"}],"version-history":[{"count":11,"href":"https:\/\/der-wasserwirt.at\/de\/wp-json\/wp\/v2\/pages\/435\/revisions"}],"predecessor-version":[{"id":2271,"href":"https:\/\/der-wasserwirt.at\/de\/wp-json\/wp\/v2\/pages\/435\/revisions\/2271"}],"wp:attachment":[{"href":"https:\/\/der-wasserwirt.at\/de\/wp-json\/wp\/v2\/media?parent=435"}],"curies":[{"name":"wp","href":"https:\/\/api.w.org\/{rel}","templated":true}]}}