{"id":442,"date":"2020-02-11T13:33:16","date_gmt":"2020-02-11T12:33:16","guid":{"rendered":"https:\/\/wasserwirt.stuck-marketing.at\/?page_id=442"},"modified":"2020-03-27T11:19:49","modified_gmt":"2020-03-27T10:19:49","slug":"planung-von-sonderbauwerken","status":"publish","type":"page","link":"https:\/\/der-wasserwirt.at\/de\/planung-von-sonderbauwerken\/","title":{"rendered":"Planung von Sonderbauwerken"},"content":{"rendered":"\t\t<div data-elementor-type=\"wp-page\" data-elementor-id=\"442\" class=\"elementor elementor-442\" data-elementor-post-type=\"page\">\n\t\t\t\t\t\t<section class=\"elementor-section elementor-top-section elementor-element elementor-element-3ce65e5 elementor-section-boxed elementor-section-height-default elementor-section-height-default\" data-id=\"3ce65e5\" data-element_type=\"section\" data-settings=\"{&quot;background_background&quot;:&quot;classic&quot;}\">\n\t\t\t\t\t\t<div class=\"elementor-container elementor-column-gap-default\">\n\t\t\t\t\t<div class=\"elementor-column elementor-col-100 elementor-top-column elementor-element elementor-element-7cc87da\" data-id=\"7cc87da\" data-element_type=\"column\">\n\t\t\t<div class=\"elementor-widget-wrap elementor-element-populated\">\n\t\t\t\t\t\t<div class=\"elementor-element elementor-element-64b7b24 elementor-widget elementor-widget-heading\" data-id=\"64b7b24\" data-element_type=\"widget\" data-widget_type=\"heading.default\">\n\t\t\t\t<div class=\"elementor-widget-container\">\n\t\t\t<h2 class=\"elementor-heading-title elementor-size-default\">Planung von Sonderbauwerken<\/h2>\t\t<\/div>\n\t\t\t\t<\/div>\n\t\t\t\t\t<\/div>\n\t\t<\/div>\n\t\t\t\t\t<\/div>\n\t\t<\/section>\n\t\t\t\t<section class=\"elementor-section elementor-top-section elementor-element elementor-element-0b74033 elementor-section-boxed elementor-section-height-default elementor-section-height-default\" data-id=\"0b74033\" data-element_type=\"section\">\n\t\t\t\t\t\t<div class=\"elementor-container elementor-column-gap-default\">\n\t\t\t\t\t<div class=\"elementor-column elementor-col-100 elementor-top-column elementor-element elementor-element-e531983\" data-id=\"e531983\" data-element_type=\"column\">\n\t\t\t<div class=\"elementor-widget-wrap elementor-element-populated\">\n\t\t\t\t\t\t<section class=\"elementor-section elementor-inner-section elementor-element elementor-element-a43ec49 elementor-section-boxed elementor-section-height-default elementor-section-height-default\" data-id=\"a43ec49\" data-element_type=\"section\">\n\t\t\t\t\t\t<div class=\"elementor-container elementor-column-gap-default\">\n\t\t\t\t\t<div class=\"elementor-column elementor-col-50 elementor-inner-column elementor-element elementor-element-210beec\" data-id=\"210beec\" data-element_type=\"column\">\n\t\t\t<div class=\"elementor-widget-wrap elementor-element-populated\">\n\t\t\t\t\t\t<div class=\"elementor-element elementor-element-53c2527 elementor-arrows-position-inside elementor-pagination-position-outside elementor-widget elementor-widget-image-carousel\" data-id=\"53c2527\" data-element_type=\"widget\" data-settings=\"{&quot;slides_to_show&quot;:&quot;1&quot;,&quot;navigation&quot;:&quot;both&quot;,&quot;autoplay&quot;:&quot;yes&quot;,&quot;pause_on_hover&quot;:&quot;yes&quot;,&quot;pause_on_interaction&quot;:&quot;yes&quot;,&quot;autoplay_speed&quot;:5000,&quot;infinite&quot;:&quot;yes&quot;,&quot;effect&quot;:&quot;slide&quot;,&quot;speed&quot;:500}\" data-widget_type=\"image-carousel.default\">\n\t\t\t\t<div class=\"elementor-widget-container\">\n\t\t\t\t\t<div class=\"elementor-image-carousel-wrapper swiper\" dir=\"ltr\">\n\t\t\t<div class=\"elementor-image-carousel swiper-wrapper\" aria-live=\"off\">\n\t\t\t\t\t\t\t\t<div class=\"swiper-slide\" role=\"group\" aria-roledescription=\"slide\" aria-label=\"1 von 6\"><figure class=\"swiper-slide-inner\"><img decoding=\"async\" class=\"swiper-slide-image\" src=\"https:\/\/der-wasserwirt.at\/wp-content\/uploads\/2020\/02\/img_2806-1.jpg\" alt=\"img_2806\" \/><\/figure><\/div><div class=\"swiper-slide\" role=\"group\" aria-roledescription=\"slide\" aria-label=\"2 von 6\"><figure class=\"swiper-slide-inner\"><img decoding=\"async\" class=\"swiper-slide-image\" src=\"https:\/\/der-wasserwirt.at\/wp-content\/uploads\/2020\/02\/img_2819.jpg\" alt=\"img_2819\" \/><\/figure><\/div><div class=\"swiper-slide\" role=\"group\" aria-roledescription=\"slide\" aria-label=\"3 von 6\"><figure class=\"swiper-slide-inner\"><img decoding=\"async\" class=\"swiper-slide-image\" src=\"https:\/\/der-wasserwirt.at\/wp-content\/uploads\/2020\/02\/img-20140625-wa0014.jpg\" alt=\"img-20140625-wa0014\" \/><\/figure><\/div><div class=\"swiper-slide\" role=\"group\" aria-roledescription=\"slide\" aria-label=\"4 von 6\"><figure class=\"swiper-slide-inner\"><img decoding=\"async\" class=\"swiper-slide-image\" src=\"https:\/\/der-wasserwirt.at\/wp-content\/uploads\/2020\/02\/kleinmuenchen_duesenanlage_leitbleche.jpg\" alt=\"kleinmuenchen_duesenanlage_leitbleche\" \/><\/figure><\/div><div class=\"swiper-slide\" role=\"group\" aria-roledescription=\"slide\" aria-label=\"5 von 6\"><figure class=\"swiper-slide-inner\"><img decoding=\"async\" class=\"swiper-slide-image\" src=\"https:\/\/der-wasserwirt.at\/wp-content\/uploads\/2020\/02\/skizze-1.png\" alt=\"skizze\" \/><\/figure><\/div><div class=\"swiper-slide\" role=\"group\" aria-roledescription=\"slide\" aria-label=\"6 von 6\"><figure class=\"swiper-slide-inner\"><img decoding=\"async\" class=\"swiper-slide-image\" src=\"https:\/\/der-wasserwirt.at\/wp-content\/uploads\/2020\/02\/skizze_grundriss.png\" alt=\"skizze_grundriss\" \/><\/figure><\/div>\t\t\t<\/div>\n\t\t\t\t\t\t\t\t\t\t\t\t<div class=\"elementor-swiper-button elementor-swiper-button-prev\" role=\"button\" tabindex=\"0\">\n\t\t\t\t\t\t<i aria-hidden=\"true\" class=\"eicon-chevron-left\"><\/i>\t\t\t\t\t<\/div>\n\t\t\t\t\t<div class=\"elementor-swiper-button elementor-swiper-button-next\" role=\"button\" tabindex=\"0\">\n\t\t\t\t\t\t<i aria-hidden=\"true\" class=\"eicon-chevron-right\"><\/i>\t\t\t\t\t<\/div>\n\t\t\t\t\n\t\t\t\t\t\t\t\t\t<div class=\"swiper-pagination\"><\/div>\n\t\t\t\t\t\t\t\t\t<\/div>\n\t\t\t\t<\/div>\n\t\t\t\t<\/div>\n\t\t\t\t\t<\/div>\n\t\t<\/div>\n\t\t\t\t<div class=\"elementor-column elementor-col-50 elementor-inner-column elementor-element elementor-element-05e7f97\" data-id=\"05e7f97\" data-element_type=\"column\">\n\t\t\t<div class=\"elementor-widget-wrap elementor-element-populated\">\n\t\t\t\t\t\t<div class=\"elementor-element elementor-element-f4a43d4 elementor-widget elementor-widget-heading\" data-id=\"f4a43d4\" data-element_type=\"widget\" data-widget_type=\"heading.default\">\n\t\t\t\t<div class=\"elementor-widget-container\">\n\t\t\t<h2 class=\"elementor-heading-title elementor-size-default\">Planung von Sonderbauwerken, wie z.B. Lockstromdotationsbauwerke<\/h2>\t\t<\/div>\n\t\t\t\t<\/div>\n\t\t\t\t<div class=\"elementor-element elementor-element-7acc471 elementor-widget elementor-widget-text-editor\" data-id=\"7acc471\" data-element_type=\"widget\" data-widget_type=\"text-editor.default\">\n\t\t\t\t<div class=\"elementor-widget-container\">\n\t\t\t\t\t\t\t<p>Wir planen auch Lockstromdotationsbauwerke, welche mit geringem Wasseranteil aus dem Oberwasser eines Kraftwerks im Einstiegsbereich einer Fischaufstiegshilfe eine hohe Leitstr\u00f6mung erzeugt. Wir \u00fcbernehmen hier:<\/p><ul><li>Einreichplanung und Auslegung des Lockstromdotationsbauwerks<\/li><li>Detailplanung Venturi-Gerinne und D\u00fcsenleitung<\/li><li>Produktlieferungen<\/li><li>Baubegleitung<\/li><\/ul><p>\u00a0<\/p><p><strong>Prinzip des Lockstromdotationsbauwerks<\/strong><\/p><p>Der Nachteil, der bisher verbreiteten Methoden zur Erh\u00f6hung des Lockstromes, wird bei dieser Methodik aufgehoben, indem der Ausstrom aus dem Fischpass nicht nur durch Wasser aus dem Oberwasser, sondern durch eine Str\u00f6mung aus dem Unterwasser verst\u00e4rkt wird. Damit stellt sich die Aufgabe, einen Durchfluss \u00fcber eine geringe Fallh\u00f6he aus dem Unterwasser der Turbine in den Auslaufbereich des Fischpasses zu f\u00f6rdern. Hierzu kann eine einfache, aber f\u00fcr diese Aufgabe bestens geeignete Wasserstrahl-Wasserpumpe benutzt werden, die ihr Strahl-Wasser aus dem Oberwasser bezieht.<\/p><p>Vor einer Querschnittsverengung \u00e4hnlich einer Venturi-D\u00fcse wird ein Freistrahl erzeugt, dessen Impuls an das umgebende Wasser \u00fcbertragen wird. Die von diesem produzierte Flie\u00dfgeschwindigkeit sorgt im engen Querschnitt daf\u00fcr, dass die Fische hier nicht in die falsche Richtung durchschwimmen. Die allm\u00e4hliche Aufweitung f\u00fchrt zu einer raschen Abnahme der Geschwindigkeit und verst\u00e4rkt auch die F\u00f6rderleistung und den \u201eWirkungsgrad\u201c dieser Lockstrompumpe.<\/p>\t\t\t\t\t\t<\/div>\n\t\t\t\t<\/div>\n\t\t\t\t<div class=\"elementor-element elementor-element-813bc24 elementor-align-right elementor-widget elementor-widget-button\" data-id=\"813bc24\" data-element_type=\"widget\" data-widget_type=\"button.default\">\n\t\t\t\t<div class=\"elementor-widget-container\">\n\t\t\t\t\t<div class=\"elementor-button-wrapper\">\n\t\t\t<a class=\"elementor-button elementor-button-link elementor-size-md\" href=\"\/de\/wasserwirtschaft-und-kulturtechnik\/\">\n\t\t\t\t\t\t<span class=\"elementor-button-content-wrapper\">\n\t\t\t\t\t\t<span class=\"elementor-button-text\">Zur\u00fcck<\/span>\n\t\t<\/span>\n\t\t\t\t\t<\/a>\n\t\t<\/div>\n\t\t\t\t<\/div>\n\t\t\t\t<\/div>\n\t\t\t\t\t<\/div>\n\t\t<\/div>\n\t\t\t\t\t<\/div>\n\t\t<\/section>\n\t\t\t\t\t<\/div>\n\t\t<\/div>\n\t\t\t\t\t<\/div>\n\t\t<\/section>\n\t\t\t\t<\/div>\n\t\t","protected":false},"excerpt":{"rendered":"<p>Planung von Sonderbauwerken Zur\u00fcck Weiter Planung von Sonderbauwerken, wie z.B. Lockstromdotationsbauwerke Wir planen auch Lockstromdotationsbauwerke, welche mit geringem Wasseranteil aus dem Oberwasser eines Kraftwerks im Einstiegsbereich einer Fischaufstiegshilfe eine hohe Leitstr\u00f6mung erzeugt. Wir \u00fcbernehmen hier: Einreichplanung und Auslegung des Lockstromdotationsbauwerks Detailplanung Venturi-Gerinne und D\u00fcsenleitung Produktlieferungen Baubegleitung Prinzip des Lockstromdotationsbauwerks Der Nachteil, der bisher verbreiteten Methoden [&hellip;]<\/p>\n","protected":false},"author":2,"featured_media":0,"parent":0,"menu_order":0,"comment_status":"closed","ping_status":"closed","template":"","meta":{"footnotes":""},"yoast_head":"<!-- This site is optimized with the Yoast SEO plugin v22.4 - https:\/\/yoast.com\/wordpress\/plugins\/seo\/ -->\n<title>Planung von Sonderbauwerken in der Wasserwirtschaft &#8902; Der Wasserwirt<\/title>\n<meta name=\"description\" content=\"Wir sind Ihr kompetenter Planer f\u00fcr Sonderbauwerke, wie z.B. Lockstromdotationsbauwerke, in \u00d6sterreich, Deutschland und der Schweiz.\" \/>\n<meta name=\"robots\" content=\"index, follow, max-snippet:-1, max-image-preview:large, max-video-preview:-1\" \/>\n<link rel=\"canonical\" href=\"https:\/\/der-wasserwirt.at\/de\/planung-von-sonderbauwerken\/\" \/>\n<meta property=\"og:locale\" content=\"de_DE\" \/>\n<meta property=\"og:type\" content=\"article\" \/>\n<meta property=\"og:title\" content=\"Planung von Sonderbauwerken in der Wasserwirtschaft &#8902; Der Wasserwirt\" \/>\n<meta property=\"og:description\" content=\"Wir sind Ihr kompetenter Planer f\u00fcr Sonderbauwerke, wie z.B. Lockstromdotationsbauwerke, in \u00d6sterreich, Deutschland und der Schweiz.\" \/>\n<meta property=\"og:url\" content=\"https:\/\/der-wasserwirt.at\/de\/planung-von-sonderbauwerken\/\" \/>\n<meta property=\"og:site_name\" content=\"Der Wasserwirt\" \/>\n<meta property=\"article:modified_time\" content=\"2020-03-27T10:19:49+00:00\" \/>\n<meta property=\"og:image\" content=\"https:\/\/der-wasserwirt.at\/wp-content\/uploads\/2020\/02\/img_2806-1.jpg\" \/>\n<meta name=\"twitter:card\" content=\"summary_large_image\" \/>\n<meta name=\"twitter:label1\" content=\"Gesch\u00e4tzte Lesezeit\" \/>\n\t<meta name=\"twitter:data1\" content=\"1\u00a0Minute\" \/>\n<script type=\"application\/ld+json\" class=\"yoast-schema-graph\">{\"@context\":\"https:\/\/schema.org\",\"@graph\":[{\"@type\":\"WebPage\",\"@id\":\"https:\/\/der-wasserwirt.at\/de\/planung-von-sonderbauwerken\/\",\"url\":\"https:\/\/der-wasserwirt.at\/de\/planung-von-sonderbauwerken\/\",\"name\":\"Planung von Sonderbauwerken in der Wasserwirtschaft &#8902; Der Wasserwirt\",\"isPartOf\":{\"@id\":\"https:\/\/der-wasserwirt.at\/de\/#website\"},\"primaryImageOfPage\":{\"@id\":\"https:\/\/der-wasserwirt.at\/de\/planung-von-sonderbauwerken\/#primaryimage\"},\"image\":{\"@id\":\"https:\/\/der-wasserwirt.at\/de\/planung-von-sonderbauwerken\/#primaryimage\"},\"thumbnailUrl\":\"https:\/\/der-wasserwirt.at\/wp-content\/uploads\/2020\/02\/img_2806-1.jpg\",\"datePublished\":\"2020-02-11T12:33:16+00:00\",\"dateModified\":\"2020-03-27T10:19:49+00:00\",\"description\":\"Wir sind Ihr kompetenter Planer f\u00fcr Sonderbauwerke, wie z.B. Lockstromdotationsbauwerke, in \u00d6sterreich, Deutschland und der Schweiz.\",\"breadcrumb\":{\"@id\":\"https:\/\/der-wasserwirt.at\/de\/planung-von-sonderbauwerken\/#breadcrumb\"},\"inLanguage\":\"de\",\"potentialAction\":[{\"@type\":\"ReadAction\",\"target\":[\"https:\/\/der-wasserwirt.at\/de\/planung-von-sonderbauwerken\/\"]}]},{\"@type\":\"ImageObject\",\"inLanguage\":\"de\",\"@id\":\"https:\/\/der-wasserwirt.at\/de\/planung-von-sonderbauwerken\/#primaryimage\",\"url\":\"https:\/\/der-wasserwirt.at\/wp-content\/uploads\/2020\/02\/img_2806-1.jpg\",\"contentUrl\":\"https:\/\/der-wasserwirt.at\/wp-content\/uploads\/2020\/02\/img_2806-1.jpg\"},{\"@type\":\"BreadcrumbList\",\"@id\":\"https:\/\/der-wasserwirt.at\/de\/planung-von-sonderbauwerken\/#breadcrumb\",\"itemListElement\":[{\"@type\":\"ListItem\",\"position\":1,\"name\":\"Startseite\",\"item\":\"https:\/\/der-wasserwirt.at\/de\/\"},{\"@type\":\"ListItem\",\"position\":2,\"name\":\"Planung von Sonderbauwerken\"}]},{\"@type\":\"WebSite\",\"@id\":\"https:\/\/der-wasserwirt.at\/de\/#website\",\"url\":\"https:\/\/der-wasserwirt.at\/de\/\",\"name\":\"Der Wasserwirt\",\"description\":\"Wasserwirtschaft - Kulturtechnik - Forschung\",\"publisher\":{\"@id\":\"https:\/\/der-wasserwirt.at\/de\/#organization\"},\"potentialAction\":[{\"@type\":\"SearchAction\",\"target\":{\"@type\":\"EntryPoint\",\"urlTemplate\":\"https:\/\/der-wasserwirt.at\/de\/?s={search_term_string}\"},\"query-input\":\"required name=search_term_string\"}],\"inLanguage\":\"de\"},{\"@type\":\"Organization\",\"@id\":\"https:\/\/der-wasserwirt.at\/de\/#organization\",\"name\":\"Der Wasserwirt\",\"url\":\"https:\/\/der-wasserwirt.at\/de\/\",\"logo\":{\"@type\":\"ImageObject\",\"inLanguage\":\"de\",\"@id\":\"https:\/\/der-wasserwirt.at\/de\/#\/schema\/logo\/image\/\",\"url\":\"https:\/\/der-wasserwirt.at\/wp-content\/uploads\/2019\/11\/Favicon-Der-Wasserwirt.png\",\"contentUrl\":\"https:\/\/der-wasserwirt.at\/wp-content\/uploads\/2019\/11\/Favicon-Der-Wasserwirt.png\",\"width\":512,\"height\":512,\"caption\":\"Der Wasserwirt\"},\"image\":{\"@id\":\"https:\/\/der-wasserwirt.at\/de\/#\/schema\/logo\/image\/\"}}]}<\/script>\n<!-- \/ Yoast SEO plugin. -->","yoast_head_json":{"title":"Planung von Sonderbauwerken in der Wasserwirtschaft &#8902; Der Wasserwirt","description":"Wir sind Ihr kompetenter Planer f\u00fcr Sonderbauwerke, wie z.B. Lockstromdotationsbauwerke, in \u00d6sterreich, Deutschland und der Schweiz.","robots":{"index":"index","follow":"follow","max-snippet":"max-snippet:-1","max-image-preview":"max-image-preview:large","max-video-preview":"max-video-preview:-1"},"canonical":"https:\/\/der-wasserwirt.at\/de\/planung-von-sonderbauwerken\/","og_locale":"de_DE","og_type":"article","og_title":"Planung von Sonderbauwerken in der Wasserwirtschaft &#8902; Der Wasserwirt","og_description":"Wir sind Ihr kompetenter Planer f\u00fcr Sonderbauwerke, wie z.B. Lockstromdotationsbauwerke, in \u00d6sterreich, Deutschland und der Schweiz.","og_url":"https:\/\/der-wasserwirt.at\/de\/planung-von-sonderbauwerken\/","og_site_name":"Der Wasserwirt","article_modified_time":"2020-03-27T10:19:49+00:00","og_image":[{"url":"https:\/\/der-wasserwirt.at\/wp-content\/uploads\/2020\/02\/img_2806-1.jpg"}],"twitter_card":"summary_large_image","twitter_misc":{"Gesch\u00e4tzte Lesezeit":"1\u00a0Minute"},"schema":{"@context":"https:\/\/schema.org","@graph":[{"@type":"WebPage","@id":"https:\/\/der-wasserwirt.at\/de\/planung-von-sonderbauwerken\/","url":"https:\/\/der-wasserwirt.at\/de\/planung-von-sonderbauwerken\/","name":"Planung von Sonderbauwerken in der Wasserwirtschaft &#8902; Der Wasserwirt","isPartOf":{"@id":"https:\/\/der-wasserwirt.at\/de\/#website"},"primaryImageOfPage":{"@id":"https:\/\/der-wasserwirt.at\/de\/planung-von-sonderbauwerken\/#primaryimage"},"image":{"@id":"https:\/\/der-wasserwirt.at\/de\/planung-von-sonderbauwerken\/#primaryimage"},"thumbnailUrl":"https:\/\/der-wasserwirt.at\/wp-content\/uploads\/2020\/02\/img_2806-1.jpg","datePublished":"2020-02-11T12:33:16+00:00","dateModified":"2020-03-27T10:19:49+00:00","description":"Wir sind Ihr kompetenter Planer f\u00fcr Sonderbauwerke, wie z.B. Lockstromdotationsbauwerke, in \u00d6sterreich, Deutschland und der Schweiz.","breadcrumb":{"@id":"https:\/\/der-wasserwirt.at\/de\/planung-von-sonderbauwerken\/#breadcrumb"},"inLanguage":"de","potentialAction":[{"@type":"ReadAction","target":["https:\/\/der-wasserwirt.at\/de\/planung-von-sonderbauwerken\/"]}]},{"@type":"ImageObject","inLanguage":"de","@id":"https:\/\/der-wasserwirt.at\/de\/planung-von-sonderbauwerken\/#primaryimage","url":"https:\/\/der-wasserwirt.at\/wp-content\/uploads\/2020\/02\/img_2806-1.jpg","contentUrl":"https:\/\/der-wasserwirt.at\/wp-content\/uploads\/2020\/02\/img_2806-1.jpg"},{"@type":"BreadcrumbList","@id":"https:\/\/der-wasserwirt.at\/de\/planung-von-sonderbauwerken\/#breadcrumb","itemListElement":[{"@type":"ListItem","position":1,"name":"Startseite","item":"https:\/\/der-wasserwirt.at\/de\/"},{"@type":"ListItem","position":2,"name":"Planung von Sonderbauwerken"}]},{"@type":"WebSite","@id":"https:\/\/der-wasserwirt.at\/de\/#website","url":"https:\/\/der-wasserwirt.at\/de\/","name":"Der Wasserwirt","description":"Wasserwirtschaft - Kulturtechnik - Forschung","publisher":{"@id":"https:\/\/der-wasserwirt.at\/de\/#organization"},"potentialAction":[{"@type":"SearchAction","target":{"@type":"EntryPoint","urlTemplate":"https:\/\/der-wasserwirt.at\/de\/?s={search_term_string}"},"query-input":"required name=search_term_string"}],"inLanguage":"de"},{"@type":"Organization","@id":"https:\/\/der-wasserwirt.at\/de\/#organization","name":"Der Wasserwirt","url":"https:\/\/der-wasserwirt.at\/de\/","logo":{"@type":"ImageObject","inLanguage":"de","@id":"https:\/\/der-wasserwirt.at\/de\/#\/schema\/logo\/image\/","url":"https:\/\/der-wasserwirt.at\/wp-content\/uploads\/2019\/11\/Favicon-Der-Wasserwirt.png","contentUrl":"https:\/\/der-wasserwirt.at\/wp-content\/uploads\/2019\/11\/Favicon-Der-Wasserwirt.png","width":512,"height":512,"caption":"Der Wasserwirt"},"image":{"@id":"https:\/\/der-wasserwirt.at\/de\/#\/schema\/logo\/image\/"}}]}},"_links":{"self":[{"href":"https:\/\/der-wasserwirt.at\/de\/wp-json\/wp\/v2\/pages\/442"}],"collection":[{"href":"https:\/\/der-wasserwirt.at\/de\/wp-json\/wp\/v2\/pages"}],"about":[{"href":"https:\/\/der-wasserwirt.at\/de\/wp-json\/wp\/v2\/types\/page"}],"author":[{"embeddable":true,"href":"https:\/\/der-wasserwirt.at\/de\/wp-json\/wp\/v2\/users\/2"}],"replies":[{"embeddable":true,"href":"https:\/\/der-wasserwirt.at\/de\/wp-json\/wp\/v2\/comments?post=442"}],"version-history":[{"count":17,"href":"https:\/\/der-wasserwirt.at\/de\/wp-json\/wp\/v2\/pages\/442\/revisions"}],"predecessor-version":[{"id":2272,"href":"https:\/\/der-wasserwirt.at\/de\/wp-json\/wp\/v2\/pages\/442\/revisions\/2272"}],"wp:attachment":[{"href":"https:\/\/der-wasserwirt.at\/de\/wp-json\/wp\/v2\/media?parent=442"}],"curies":[{"name":"wp","href":"https:\/\/api.w.org\/{rel}","templated":true}]}}