{"id":468,"date":"2020-02-11T13:57:40","date_gmt":"2020-02-11T12:57:40","guid":{"rendered":"https:\/\/wasserwirt.stuck-marketing.at\/?page_id=468"},"modified":"2020-03-27T11:12:00","modified_gmt":"2020-03-27T10:12:00","slug":"entwicklung-neuer-produkte-und-verfahren","status":"publish","type":"page","link":"https:\/\/der-wasserwirt.at\/de\/entwicklung-neuer-produkte-und-verfahren\/","title":{"rendered":"Entwicklung neuer Produkte und Verfahren"},"content":{"rendered":"\t\t<div data-elementor-type=\"wp-page\" data-elementor-id=\"468\" class=\"elementor elementor-468\" data-elementor-post-type=\"page\">\n\t\t\t\t\t\t<section class=\"elementor-section elementor-top-section elementor-element elementor-element-bb5aeca elementor-section-boxed elementor-section-height-default elementor-section-height-default\" data-id=\"bb5aeca\" data-element_type=\"section\" data-settings=\"{&quot;background_background&quot;:&quot;classic&quot;}\">\n\t\t\t\t\t\t<div class=\"elementor-container elementor-column-gap-default\">\n\t\t\t\t\t<div class=\"elementor-column elementor-col-100 elementor-top-column elementor-element elementor-element-d5de866\" data-id=\"d5de866\" data-element_type=\"column\">\n\t\t\t<div class=\"elementor-widget-wrap elementor-element-populated\">\n\t\t\t\t\t\t<div class=\"elementor-element elementor-element-bd0b25a elementor-widget elementor-widget-heading\" data-id=\"bd0b25a\" data-element_type=\"widget\" data-widget_type=\"heading.default\">\n\t\t\t\t<div class=\"elementor-widget-container\">\n\t\t\t<h2 class=\"elementor-heading-title elementor-size-default\">Entwicklung neuer Produkte und Verfahren<\/h2>\t\t<\/div>\n\t\t\t\t<\/div>\n\t\t\t\t\t<\/div>\n\t\t<\/div>\n\t\t\t\t\t<\/div>\n\t\t<\/section>\n\t\t\t\t<section class=\"elementor-section elementor-top-section elementor-element elementor-element-755cbff elementor-section-boxed elementor-section-height-default elementor-section-height-default\" data-id=\"755cbff\" data-element_type=\"section\">\n\t\t\t\t\t\t<div class=\"elementor-container elementor-column-gap-default\">\n\t\t\t\t\t<div class=\"elementor-column elementor-col-100 elementor-top-column elementor-element elementor-element-3a7a14f\" data-id=\"3a7a14f\" data-element_type=\"column\">\n\t\t\t<div class=\"elementor-widget-wrap elementor-element-populated\">\n\t\t\t\t\t\t<section class=\"elementor-section elementor-inner-section elementor-element elementor-element-98577fa elementor-section-boxed elementor-section-height-default elementor-section-height-default\" data-id=\"98577fa\" data-element_type=\"section\">\n\t\t\t\t\t\t<div class=\"elementor-container elementor-column-gap-default\">\n\t\t\t\t\t<div class=\"elementor-column elementor-col-50 elementor-inner-column elementor-element elementor-element-74d769a\" data-id=\"74d769a\" data-element_type=\"column\">\n\t\t\t<div class=\"elementor-widget-wrap elementor-element-populated\">\n\t\t\t\t\t\t<div class=\"elementor-element elementor-element-e4bc7a1 elementor-arrows-position-inside elementor-pagination-position-outside elementor-widget elementor-widget-image-carousel\" data-id=\"e4bc7a1\" data-element_type=\"widget\" data-settings=\"{&quot;slides_to_show&quot;:&quot;1&quot;,&quot;navigation&quot;:&quot;both&quot;,&quot;autoplay&quot;:&quot;yes&quot;,&quot;pause_on_hover&quot;:&quot;yes&quot;,&quot;pause_on_interaction&quot;:&quot;yes&quot;,&quot;autoplay_speed&quot;:5000,&quot;infinite&quot;:&quot;yes&quot;,&quot;effect&quot;:&quot;slide&quot;,&quot;speed&quot;:500}\" data-widget_type=\"image-carousel.default\">\n\t\t\t\t<div class=\"elementor-widget-container\">\n\t\t\t\t\t<div class=\"elementor-image-carousel-wrapper swiper\" dir=\"ltr\">\n\t\t\t<div class=\"elementor-image-carousel swiper-wrapper\" aria-live=\"off\">\n\t\t\t\t\t\t\t\t<div class=\"swiper-slide\" role=\"group\" aria-roledescription=\"slide\" aria-label=\"1 von 3\"><figure class=\"swiper-slide-inner\"><img decoding=\"async\" class=\"swiper-slide-image\" src=\"https:\/\/der-wasserwirt.at\/wp-content\/uploads\/2020\/02\/FE-Projekt-zum-Thema-Gischt-II.jpg\" alt=\"F&amp;E Projekt zum Thema Gischt II\" \/><\/figure><\/div><div class=\"swiper-slide\" role=\"group\" aria-roledescription=\"slide\" aria-label=\"2 von 3\"><figure class=\"swiper-slide-inner\"><img decoding=\"async\" class=\"swiper-slide-image\" src=\"https:\/\/der-wasserwirt.at\/wp-content\/uploads\/2020\/02\/FE-Projekt-zum-Thema-Gischt.jpg\" alt=\"F&amp;E Projekt zum Thema Gischt\" \/><\/figure><\/div><div class=\"swiper-slide\" role=\"group\" aria-roledescription=\"slide\" aria-label=\"3 von 3\"><figure class=\"swiper-slide-inner\"><img decoding=\"async\" class=\"swiper-slide-image\" src=\"https:\/\/der-wasserwirt.at\/wp-content\/uploads\/2020\/02\/Primus-Geistesblitz-2017-Platz-1.jpg\" alt=\"Primus Geistesblitz 2017 Platz 1\" \/><\/figure><\/div>\t\t\t<\/div>\n\t\t\t\t\t\t\t\t\t\t\t\t<div class=\"elementor-swiper-button elementor-swiper-button-prev\" role=\"button\" tabindex=\"0\">\n\t\t\t\t\t\t<i aria-hidden=\"true\" class=\"eicon-chevron-left\"><\/i>\t\t\t\t\t<\/div>\n\t\t\t\t\t<div class=\"elementor-swiper-button elementor-swiper-button-next\" role=\"button\" tabindex=\"0\">\n\t\t\t\t\t\t<i aria-hidden=\"true\" class=\"eicon-chevron-right\"><\/i>\t\t\t\t\t<\/div>\n\t\t\t\t\n\t\t\t\t\t\t\t\t\t<div class=\"swiper-pagination\"><\/div>\n\t\t\t\t\t\t\t\t\t<\/div>\n\t\t\t\t<\/div>\n\t\t\t\t<\/div>\n\t\t\t\t\t<\/div>\n\t\t<\/div>\n\t\t\t\t<div class=\"elementor-column elementor-col-50 elementor-inner-column elementor-element elementor-element-0e44713\" data-id=\"0e44713\" data-element_type=\"column\">\n\t\t\t<div class=\"elementor-widget-wrap elementor-element-populated\">\n\t\t\t\t\t\t<div class=\"elementor-element elementor-element-c06e545 elementor-widget elementor-widget-heading\" data-id=\"c06e545\" data-element_type=\"widget\" data-widget_type=\"heading.default\">\n\t\t\t\t<div class=\"elementor-widget-container\">\n\t\t\t<h2 class=\"elementor-heading-title elementor-size-default\">Entwicklung neuer Produkte und Verfahren<\/h2>\t\t<\/div>\n\t\t\t\t<\/div>\n\t\t\t\t<div class=\"elementor-element elementor-element-61b09b5 elementor-widget elementor-widget-text-editor\" data-id=\"61b09b5\" data-element_type=\"widget\" data-widget_type=\"text-editor.default\">\n\t\t\t\t<div class=\"elementor-widget-container\">\n\t\t\t\t\t\t\t<p>Wir unterst\u00fctzen Sie gerne bei der Erstellung der Einreichunterlagen von Forschungsprojekten bei der \u00d6sterreichischen Forschungsf\u00f6rderungsgemeinschaft (FFG).<\/p><ul><li>Unterst\u00fctzung bei der Erstellung der Einreichunterlagen<\/li><li>Unterst\u00fctzung bei der Erstellung der Zwischenberichte<\/li><li>Unterst\u00fctzung bei der Erstellung der Endberichte<\/li><li>Projektnachverfolgung<\/li><\/ul><p>\u00a0<\/p>\t\t\t\t\t\t<\/div>\n\t\t\t\t<\/div>\n\t\t\t\t<div class=\"elementor-element elementor-element-a1da6d3 elementor-align-right elementor-widget elementor-widget-button\" data-id=\"a1da6d3\" data-element_type=\"widget\" data-widget_type=\"button.default\">\n\t\t\t\t<div class=\"elementor-widget-container\">\n\t\t\t\t\t<div class=\"elementor-button-wrapper\">\n\t\t\t<a class=\"elementor-button elementor-button-link elementor-size-md\" href=\"\/de\/forschung-und-entwicklung\/\">\n\t\t\t\t\t\t<span class=\"elementor-button-content-wrapper\">\n\t\t\t\t\t\t<span class=\"elementor-button-text\">Zur\u00fcck<\/span>\n\t\t<\/span>\n\t\t\t\t\t<\/a>\n\t\t<\/div>\n\t\t\t\t<\/div>\n\t\t\t\t<\/div>\n\t\t\t\t\t<\/div>\n\t\t<\/div>\n\t\t\t\t\t<\/div>\n\t\t<\/section>\n\t\t\t\t\t<\/div>\n\t\t<\/div>\n\t\t\t\t\t<\/div>\n\t\t<\/section>\n\t\t\t\t<\/div>\n\t\t","protected":false},"excerpt":{"rendered":"<p>Entwicklung neuer Produkte und Verfahren Zur\u00fcck Weiter Entwicklung neuer Produkte und Verfahren Wir unterst\u00fctzen Sie gerne bei der Erstellung der Einreichunterlagen von Forschungsprojekten bei der \u00d6sterreichischen Forschungsf\u00f6rderungsgemeinschaft (FFG). Unterst\u00fctzung bei der Erstellung der Einreichunterlagen Unterst\u00fctzung bei der Erstellung der Zwischenberichte Unterst\u00fctzung bei der Erstellung der Endberichte Projektnachverfolgung Zur\u00fcck<\/p>\n","protected":false},"author":2,"featured_media":0,"parent":0,"menu_order":0,"comment_status":"closed","ping_status":"closed","template":"","meta":{"footnotes":""},"yoast_head":"<!-- This site is optimized with the Yoast SEO plugin v22.4 - https:\/\/yoast.com\/wordpress\/plugins\/seo\/ -->\n<title>Entwicklung neuer Produkte &amp; Verfahren &#8902; Der Wasserwirt<\/title>\n<meta name=\"description\" content=\"Wir entwickeln gemeinsam mit Ihnen neue Produkte und Verfahren in unterschiedlichen Bereichen in ganz \u00d6sterreich, Deutschland und der Schweiz.\" \/>\n<meta name=\"robots\" content=\"index, follow, max-snippet:-1, max-image-preview:large, max-video-preview:-1\" \/>\n<link rel=\"canonical\" href=\"https:\/\/der-wasserwirt.at\/de\/entwicklung-neuer-produkte-und-verfahren\/\" \/>\n<meta property=\"og:locale\" content=\"de_DE\" \/>\n<meta property=\"og:type\" content=\"article\" \/>\n<meta property=\"og:title\" content=\"Entwicklung neuer Produkte &amp; Verfahren &#8902; Der Wasserwirt\" \/>\n<meta property=\"og:description\" content=\"Wir entwickeln gemeinsam mit Ihnen neue Produkte und Verfahren in unterschiedlichen Bereichen in ganz \u00d6sterreich, Deutschland und der Schweiz.\" \/>\n<meta property=\"og:url\" content=\"https:\/\/der-wasserwirt.at\/de\/entwicklung-neuer-produkte-und-verfahren\/\" \/>\n<meta property=\"og:site_name\" content=\"Der Wasserwirt\" \/>\n<meta property=\"article:modified_time\" content=\"2020-03-27T10:12:00+00:00\" \/>\n<meta property=\"og:image\" content=\"https:\/\/der-wasserwirt.at\/wp-content\/uploads\/2020\/02\/FE-Projekt-zum-Thema-Gischt-II.jpg\" \/>\n<meta name=\"twitter:card\" content=\"summary_large_image\" \/>\n<script type=\"application\/ld+json\" class=\"yoast-schema-graph\">{\"@context\":\"https:\/\/schema.org\",\"@graph\":[{\"@type\":\"WebPage\",\"@id\":\"https:\/\/der-wasserwirt.at\/de\/entwicklung-neuer-produkte-und-verfahren\/\",\"url\":\"https:\/\/der-wasserwirt.at\/de\/entwicklung-neuer-produkte-und-verfahren\/\",\"name\":\"Entwicklung neuer Produkte & Verfahren &#8902; Der Wasserwirt\",\"isPartOf\":{\"@id\":\"https:\/\/der-wasserwirt.at\/de\/#website\"},\"primaryImageOfPage\":{\"@id\":\"https:\/\/der-wasserwirt.at\/de\/entwicklung-neuer-produkte-und-verfahren\/#primaryimage\"},\"image\":{\"@id\":\"https:\/\/der-wasserwirt.at\/de\/entwicklung-neuer-produkte-und-verfahren\/#primaryimage\"},\"thumbnailUrl\":\"https:\/\/der-wasserwirt.at\/wp-content\/uploads\/2020\/02\/FE-Projekt-zum-Thema-Gischt-II.jpg\",\"datePublished\":\"2020-02-11T12:57:40+00:00\",\"dateModified\":\"2020-03-27T10:12:00+00:00\",\"description\":\"Wir entwickeln gemeinsam mit Ihnen neue Produkte und Verfahren in unterschiedlichen Bereichen in ganz \u00d6sterreich, Deutschland und der Schweiz.\",\"breadcrumb\":{\"@id\":\"https:\/\/der-wasserwirt.at\/de\/entwicklung-neuer-produkte-und-verfahren\/#breadcrumb\"},\"inLanguage\":\"de\",\"potentialAction\":[{\"@type\":\"ReadAction\",\"target\":[\"https:\/\/der-wasserwirt.at\/de\/entwicklung-neuer-produkte-und-verfahren\/\"]}]},{\"@type\":\"ImageObject\",\"inLanguage\":\"de\",\"@id\":\"https:\/\/der-wasserwirt.at\/de\/entwicklung-neuer-produkte-und-verfahren\/#primaryimage\",\"url\":\"https:\/\/der-wasserwirt.at\/wp-content\/uploads\/2020\/02\/FE-Projekt-zum-Thema-Gischt-II.jpg\",\"contentUrl\":\"https:\/\/der-wasserwirt.at\/wp-content\/uploads\/2020\/02\/FE-Projekt-zum-Thema-Gischt-II.jpg\"},{\"@type\":\"BreadcrumbList\",\"@id\":\"https:\/\/der-wasserwirt.at\/de\/entwicklung-neuer-produkte-und-verfahren\/#breadcrumb\",\"itemListElement\":[{\"@type\":\"ListItem\",\"position\":1,\"name\":\"Startseite\",\"item\":\"https:\/\/der-wasserwirt.at\/de\/\"},{\"@type\":\"ListItem\",\"position\":2,\"name\":\"Entwicklung neuer Produkte und Verfahren\"}]},{\"@type\":\"WebSite\",\"@id\":\"https:\/\/der-wasserwirt.at\/de\/#website\",\"url\":\"https:\/\/der-wasserwirt.at\/de\/\",\"name\":\"Der Wasserwirt\",\"description\":\"Wasserwirtschaft - Kulturtechnik - Forschung\",\"publisher\":{\"@id\":\"https:\/\/der-wasserwirt.at\/de\/#organization\"},\"potentialAction\":[{\"@type\":\"SearchAction\",\"target\":{\"@type\":\"EntryPoint\",\"urlTemplate\":\"https:\/\/der-wasserwirt.at\/de\/?s={search_term_string}\"},\"query-input\":\"required name=search_term_string\"}],\"inLanguage\":\"de\"},{\"@type\":\"Organization\",\"@id\":\"https:\/\/der-wasserwirt.at\/de\/#organization\",\"name\":\"Der Wasserwirt\",\"url\":\"https:\/\/der-wasserwirt.at\/de\/\",\"logo\":{\"@type\":\"ImageObject\",\"inLanguage\":\"de\",\"@id\":\"https:\/\/der-wasserwirt.at\/de\/#\/schema\/logo\/image\/\",\"url\":\"https:\/\/der-wasserwirt.at\/wp-content\/uploads\/2019\/11\/Favicon-Der-Wasserwirt.png\",\"contentUrl\":\"https:\/\/der-wasserwirt.at\/wp-content\/uploads\/2019\/11\/Favicon-Der-Wasserwirt.png\",\"width\":512,\"height\":512,\"caption\":\"Der Wasserwirt\"},\"image\":{\"@id\":\"https:\/\/der-wasserwirt.at\/de\/#\/schema\/logo\/image\/\"}}]}<\/script>\n<!-- \/ Yoast SEO plugin. -->","yoast_head_json":{"title":"Entwicklung neuer Produkte & Verfahren &#8902; Der Wasserwirt","description":"Wir entwickeln gemeinsam mit Ihnen neue Produkte und Verfahren in unterschiedlichen Bereichen in ganz \u00d6sterreich, Deutschland und der Schweiz.","robots":{"index":"index","follow":"follow","max-snippet":"max-snippet:-1","max-image-preview":"max-image-preview:large","max-video-preview":"max-video-preview:-1"},"canonical":"https:\/\/der-wasserwirt.at\/de\/entwicklung-neuer-produkte-und-verfahren\/","og_locale":"de_DE","og_type":"article","og_title":"Entwicklung neuer Produkte & Verfahren &#8902; Der Wasserwirt","og_description":"Wir entwickeln gemeinsam mit Ihnen neue Produkte und Verfahren in unterschiedlichen Bereichen in ganz \u00d6sterreich, Deutschland und der Schweiz.","og_url":"https:\/\/der-wasserwirt.at\/de\/entwicklung-neuer-produkte-und-verfahren\/","og_site_name":"Der Wasserwirt","article_modified_time":"2020-03-27T10:12:00+00:00","og_image":[{"url":"https:\/\/der-wasserwirt.at\/wp-content\/uploads\/2020\/02\/FE-Projekt-zum-Thema-Gischt-II.jpg"}],"twitter_card":"summary_large_image","schema":{"@context":"https:\/\/schema.org","@graph":[{"@type":"WebPage","@id":"https:\/\/der-wasserwirt.at\/de\/entwicklung-neuer-produkte-und-verfahren\/","url":"https:\/\/der-wasserwirt.at\/de\/entwicklung-neuer-produkte-und-verfahren\/","name":"Entwicklung neuer Produkte & Verfahren &#8902; Der Wasserwirt","isPartOf":{"@id":"https:\/\/der-wasserwirt.at\/de\/#website"},"primaryImageOfPage":{"@id":"https:\/\/der-wasserwirt.at\/de\/entwicklung-neuer-produkte-und-verfahren\/#primaryimage"},"image":{"@id":"https:\/\/der-wasserwirt.at\/de\/entwicklung-neuer-produkte-und-verfahren\/#primaryimage"},"thumbnailUrl":"https:\/\/der-wasserwirt.at\/wp-content\/uploads\/2020\/02\/FE-Projekt-zum-Thema-Gischt-II.jpg","datePublished":"2020-02-11T12:57:40+00:00","dateModified":"2020-03-27T10:12:00+00:00","description":"Wir entwickeln gemeinsam mit Ihnen neue Produkte und Verfahren in unterschiedlichen Bereichen in ganz \u00d6sterreich, Deutschland und der Schweiz.","breadcrumb":{"@id":"https:\/\/der-wasserwirt.at\/de\/entwicklung-neuer-produkte-und-verfahren\/#breadcrumb"},"inLanguage":"de","potentialAction":[{"@type":"ReadAction","target":["https:\/\/der-wasserwirt.at\/de\/entwicklung-neuer-produkte-und-verfahren\/"]}]},{"@type":"ImageObject","inLanguage":"de","@id":"https:\/\/der-wasserwirt.at\/de\/entwicklung-neuer-produkte-und-verfahren\/#primaryimage","url":"https:\/\/der-wasserwirt.at\/wp-content\/uploads\/2020\/02\/FE-Projekt-zum-Thema-Gischt-II.jpg","contentUrl":"https:\/\/der-wasserwirt.at\/wp-content\/uploads\/2020\/02\/FE-Projekt-zum-Thema-Gischt-II.jpg"},{"@type":"BreadcrumbList","@id":"https:\/\/der-wasserwirt.at\/de\/entwicklung-neuer-produkte-und-verfahren\/#breadcrumb","itemListElement":[{"@type":"ListItem","position":1,"name":"Startseite","item":"https:\/\/der-wasserwirt.at\/de\/"},{"@type":"ListItem","position":2,"name":"Entwicklung neuer Produkte und Verfahren"}]},{"@type":"WebSite","@id":"https:\/\/der-wasserwirt.at\/de\/#website","url":"https:\/\/der-wasserwirt.at\/de\/","name":"Der Wasserwirt","description":"Wasserwirtschaft - Kulturtechnik - Forschung","publisher":{"@id":"https:\/\/der-wasserwirt.at\/de\/#organization"},"potentialAction":[{"@type":"SearchAction","target":{"@type":"EntryPoint","urlTemplate":"https:\/\/der-wasserwirt.at\/de\/?s={search_term_string}"},"query-input":"required name=search_term_string"}],"inLanguage":"de"},{"@type":"Organization","@id":"https:\/\/der-wasserwirt.at\/de\/#organization","name":"Der Wasserwirt","url":"https:\/\/der-wasserwirt.at\/de\/","logo":{"@type":"ImageObject","inLanguage":"de","@id":"https:\/\/der-wasserwirt.at\/de\/#\/schema\/logo\/image\/","url":"https:\/\/der-wasserwirt.at\/wp-content\/uploads\/2019\/11\/Favicon-Der-Wasserwirt.png","contentUrl":"https:\/\/der-wasserwirt.at\/wp-content\/uploads\/2019\/11\/Favicon-Der-Wasserwirt.png","width":512,"height":512,"caption":"Der Wasserwirt"},"image":{"@id":"https:\/\/der-wasserwirt.at\/de\/#\/schema\/logo\/image\/"}}]}},"_links":{"self":[{"href":"https:\/\/der-wasserwirt.at\/de\/wp-json\/wp\/v2\/pages\/468"}],"collection":[{"href":"https:\/\/der-wasserwirt.at\/de\/wp-json\/wp\/v2\/pages"}],"about":[{"href":"https:\/\/der-wasserwirt.at\/de\/wp-json\/wp\/v2\/types\/page"}],"author":[{"embeddable":true,"href":"https:\/\/der-wasserwirt.at\/de\/wp-json\/wp\/v2\/users\/2"}],"replies":[{"embeddable":true,"href":"https:\/\/der-wasserwirt.at\/de\/wp-json\/wp\/v2\/comments?post=468"}],"version-history":[{"count":15,"href":"https:\/\/der-wasserwirt.at\/de\/wp-json\/wp\/v2\/pages\/468\/revisions"}],"predecessor-version":[{"id":2263,"href":"https:\/\/der-wasserwirt.at\/de\/wp-json\/wp\/v2\/pages\/468\/revisions\/2263"}],"wp:attachment":[{"href":"https:\/\/der-wasserwirt.at\/de\/wp-json\/wp\/v2\/media?parent=468"}],"curies":[{"name":"wp","href":"https:\/\/api.w.org\/{rel}","templated":true}]}}