{"id":478,"date":"2020-02-11T14:23:39","date_gmt":"2020-02-11T13:23:39","guid":{"rendered":"https:\/\/wasserwirt.stuck-marketing.at\/?page_id=478"},"modified":"2020-03-27T11:09:21","modified_gmt":"2020-03-27T10:09:21","slug":"betreuung-von-abscheideanlagen","status":"publish","type":"page","link":"https:\/\/der-wasserwirt.at\/de\/betreuung-von-abscheideanlagen\/","title":{"rendered":"Betreuung von Abscheideanlagen"},"content":{"rendered":"\t\t<div data-elementor-type=\"wp-page\" data-elementor-id=\"478\" class=\"elementor elementor-478\" data-elementor-post-type=\"page\">\n\t\t\t\t\t\t<section class=\"elementor-section elementor-top-section elementor-element elementor-element-8e2b454 elementor-section-boxed elementor-section-height-default elementor-section-height-default\" data-id=\"8e2b454\" data-element_type=\"section\" data-settings=\"{&quot;background_background&quot;:&quot;classic&quot;}\">\n\t\t\t\t\t\t<div class=\"elementor-container elementor-column-gap-default\">\n\t\t\t\t\t<div class=\"elementor-column elementor-col-100 elementor-top-column elementor-element elementor-element-92433bc\" data-id=\"92433bc\" data-element_type=\"column\">\n\t\t\t<div class=\"elementor-widget-wrap elementor-element-populated\">\n\t\t\t\t\t\t<div class=\"elementor-element elementor-element-40320ab elementor-widget elementor-widget-heading\" data-id=\"40320ab\" data-element_type=\"widget\" data-widget_type=\"heading.default\">\n\t\t\t\t<div class=\"elementor-widget-container\">\n\t\t\t<h2 class=\"elementor-heading-title elementor-size-default\">Betreuung von Abscheideanlagen<\/h2>\t\t<\/div>\n\t\t\t\t<\/div>\n\t\t\t\t\t<\/div>\n\t\t<\/div>\n\t\t\t\t\t<\/div>\n\t\t<\/section>\n\t\t\t\t<section class=\"elementor-section elementor-top-section elementor-element elementor-element-0ec1544 elementor-section-boxed elementor-section-height-default elementor-section-height-default\" data-id=\"0ec1544\" data-element_type=\"section\">\n\t\t\t\t\t\t<div class=\"elementor-container elementor-column-gap-default\">\n\t\t\t\t\t<div class=\"elementor-column elementor-col-100 elementor-top-column elementor-element elementor-element-978c6fe\" data-id=\"978c6fe\" data-element_type=\"column\">\n\t\t\t<div class=\"elementor-widget-wrap elementor-element-populated\">\n\t\t\t\t\t\t<section class=\"elementor-section elementor-inner-section elementor-element elementor-element-6ede33e elementor-section-boxed elementor-section-height-default elementor-section-height-default\" data-id=\"6ede33e\" data-element_type=\"section\">\n\t\t\t\t\t\t<div class=\"elementor-container elementor-column-gap-default\">\n\t\t\t\t\t<div class=\"elementor-column elementor-col-50 elementor-inner-column elementor-element elementor-element-c68be47\" data-id=\"c68be47\" data-element_type=\"column\">\n\t\t\t<div class=\"elementor-widget-wrap elementor-element-populated\">\n\t\t\t\t\t\t<div class=\"elementor-element elementor-element-a5563fa elementor-arrows-position-inside elementor-pagination-position-outside elementor-widget elementor-widget-image-carousel\" data-id=\"a5563fa\" data-element_type=\"widget\" data-settings=\"{&quot;slides_to_show&quot;:&quot;1&quot;,&quot;navigation&quot;:&quot;both&quot;,&quot;autoplay&quot;:&quot;yes&quot;,&quot;pause_on_hover&quot;:&quot;yes&quot;,&quot;pause_on_interaction&quot;:&quot;yes&quot;,&quot;autoplay_speed&quot;:5000,&quot;infinite&quot;:&quot;yes&quot;,&quot;effect&quot;:&quot;slide&quot;,&quot;speed&quot;:500}\" data-widget_type=\"image-carousel.default\">\n\t\t\t\t<div class=\"elementor-widget-container\">\n\t\t\t\t\t<div class=\"elementor-image-carousel-wrapper swiper\" dir=\"ltr\">\n\t\t\t<div class=\"elementor-image-carousel swiper-wrapper\" aria-live=\"off\">\n\t\t\t\t\t\t\t\t<div class=\"swiper-slide\" role=\"group\" aria-roledescription=\"slide\" aria-label=\"1 von 5\"><figure class=\"swiper-slide-inner\"><img decoding=\"async\" class=\"swiper-slide-image\" src=\"https:\/\/der-wasserwirt.at\/wp-content\/uploads\/2020\/02\/img_7178.jpg\" alt=\"img_7178\" \/><\/figure><\/div><div class=\"swiper-slide\" role=\"group\" aria-roledescription=\"slide\" aria-label=\"2 von 5\"><figure class=\"swiper-slide-inner\"><img decoding=\"async\" class=\"swiper-slide-image\" src=\"https:\/\/der-wasserwirt.at\/wp-content\/uploads\/2020\/02\/img_8133.jpg\" alt=\"img_8133\" \/><\/figure><\/div><div class=\"swiper-slide\" role=\"group\" aria-roledescription=\"slide\" aria-label=\"3 von 5\"><figure class=\"swiper-slide-inner\"><img decoding=\"async\" class=\"swiper-slide-image\" src=\"https:\/\/der-wasserwirt.at\/wp-content\/uploads\/2020\/02\/Mineral\u00f6labscheider-Wartung-1.jpg\" alt=\"Mineral\u00f6labscheider-Wartung-(1)\" \/><\/figure><\/div><div class=\"swiper-slide\" role=\"group\" aria-roledescription=\"slide\" aria-label=\"4 von 5\"><figure class=\"swiper-slide-inner\"><img decoding=\"async\" class=\"swiper-slide-image\" src=\"https:\/\/der-wasserwirt.at\/wp-content\/uploads\/2020\/02\/Mineral\u00f6labscheider-Wartung-2.jpg\" alt=\"Mineral\u00f6labscheider-Wartung-(2)\" \/><\/figure><\/div><div class=\"swiper-slide\" role=\"group\" aria-roledescription=\"slide\" aria-label=\"5 von 5\"><figure class=\"swiper-slide-inner\"><img decoding=\"async\" class=\"swiper-slide-image\" src=\"https:\/\/der-wasserwirt.at\/wp-content\/uploads\/2020\/02\/temperatur-nrw.jpg\" alt=\"temperatur-nrw\" \/><\/figure><\/div>\t\t\t<\/div>\n\t\t\t\t\t\t\t\t\t\t\t\t<div class=\"elementor-swiper-button elementor-swiper-button-prev\" role=\"button\" tabindex=\"0\">\n\t\t\t\t\t\t<i aria-hidden=\"true\" class=\"eicon-chevron-left\"><\/i>\t\t\t\t\t<\/div>\n\t\t\t\t\t<div class=\"elementor-swiper-button elementor-swiper-button-next\" role=\"button\" tabindex=\"0\">\n\t\t\t\t\t\t<i aria-hidden=\"true\" class=\"eicon-chevron-right\"><\/i>\t\t\t\t\t<\/div>\n\t\t\t\t\n\t\t\t\t\t\t\t\t\t<div class=\"swiper-pagination\"><\/div>\n\t\t\t\t\t\t\t\t\t<\/div>\n\t\t\t\t<\/div>\n\t\t\t\t<\/div>\n\t\t\t\t\t<\/div>\n\t\t<\/div>\n\t\t\t\t<div class=\"elementor-column elementor-col-50 elementor-inner-column elementor-element elementor-element-41824ba\" data-id=\"41824ba\" data-element_type=\"column\">\n\t\t\t<div class=\"elementor-widget-wrap elementor-element-populated\">\n\t\t\t\t\t\t<div class=\"elementor-element elementor-element-6ba7bcf elementor-widget elementor-widget-heading\" data-id=\"6ba7bcf\" data-element_type=\"widget\" data-widget_type=\"heading.default\">\n\t\t\t\t<div class=\"elementor-widget-container\">\n\t\t\t<h2 class=\"elementor-heading-title elementor-size-default\">Betreuung von Abscheideanlagen<\/h2>\t\t<\/div>\n\t\t\t\t<\/div>\n\t\t\t\t<div class=\"elementor-element elementor-element-02979a5 elementor-widget elementor-widget-text-editor\" data-id=\"02979a5\" data-element_type=\"widget\" data-widget_type=\"text-editor.default\">\n\t\t\t\t<div class=\"elementor-widget-container\">\n\t\t\t\t\t\t\t<p>Wir k\u00f6nnen Ihnen ein Gesamtpaket anbieten!<\/p><ul><li>Optische Begutachtung des Anlagenzustands<\/li><li>\u00dcberpr\u00fcfung des Zustands Koaleszendabscheiders<\/li><li>Reinigung des Koaleszensabscheiders<\/li><li>\u00dcberpr\u00fcfung der Funktionalit\u00e4t des Schwimmersystems<\/li><li>Beprobung des Ablaufs, sowie Analyse der Proben auf Einhaltung der Auflagen zu best. Parametern lt. Bewilligungsbescheid<\/li><li>Berichtslegung (auf Wunsch auch direkter Versand des Berichts an die zust\u00e4ndige Beh\u00f6rde)<\/li><li>Organisation der Entsorgung des Anlageninhalts<\/li><\/ul><p>\u00a0<\/p><p>Die Analyse der Proben wird in Zusammenarbeit mit einem Partner durchgef\u00fchrt.<\/p>\t\t\t\t\t\t<\/div>\n\t\t\t\t<\/div>\n\t\t\t\t<div class=\"elementor-element elementor-element-2b4e140 elementor-align-right elementor-widget elementor-widget-button\" data-id=\"2b4e140\" data-element_type=\"widget\" data-widget_type=\"button.default\">\n\t\t\t\t<div class=\"elementor-widget-container\">\n\t\t\t\t\t<div class=\"elementor-button-wrapper\">\n\t\t\t<a class=\"elementor-button elementor-button-link elementor-size-md\" href=\"\/de\/gewaesserschutz\/\">\n\t\t\t\t\t\t<span class=\"elementor-button-content-wrapper\">\n\t\t\t\t\t\t<span class=\"elementor-button-text\">Zur\u00fcck<\/span>\n\t\t<\/span>\n\t\t\t\t\t<\/a>\n\t\t<\/div>\n\t\t\t\t<\/div>\n\t\t\t\t<\/div>\n\t\t\t\t\t<\/div>\n\t\t<\/div>\n\t\t\t\t\t<\/div>\n\t\t<\/section>\n\t\t\t\t\t<\/div>\n\t\t<\/div>\n\t\t\t\t\t<\/div>\n\t\t<\/section>\n\t\t\t\t<\/div>\n\t\t","protected":false},"excerpt":{"rendered":"<p>Betreuung von Abscheideanlagen Zur\u00fcck Weiter Betreuung von Abscheideanlagen Wir k\u00f6nnen Ihnen ein Gesamtpaket anbieten! Optische Begutachtung des Anlagenzustands \u00dcberpr\u00fcfung des Zustands Koaleszendabscheiders Reinigung des Koaleszensabscheiders \u00dcberpr\u00fcfung der Funktionalit\u00e4t des Schwimmersystems Beprobung des Ablaufs, sowie Analyse der Proben auf Einhaltung der Auflagen zu best. Parametern lt. Bewilligungsbescheid Berichtslegung (auf Wunsch auch direkter Versand des Berichts an [&hellip;]<\/p>\n","protected":false},"author":2,"featured_media":0,"parent":0,"menu_order":0,"comment_status":"closed","ping_status":"closed","template":"","meta":{"footnotes":""},"yoast_head":"<!-- This site is optimized with the Yoast SEO plugin v22.4 - https:\/\/yoast.com\/wordpress\/plugins\/seo\/ -->\n<title>Betreuung von Abscheideanlagen &#8902; Der Wasserwirt<\/title>\n<meta name=\"description\" content=\"Wir sind Ihr Partner f\u00fcr die Betreuung von Abschiedeanlagen in ganz \u00d6sterreich, Deutschland und der Schweiz.\" \/>\n<meta name=\"robots\" content=\"index, follow, max-snippet:-1, max-image-preview:large, max-video-preview:-1\" \/>\n<link rel=\"canonical\" href=\"https:\/\/der-wasserwirt.at\/de\/betreuung-von-abscheideanlagen\/\" \/>\n<meta property=\"og:locale\" content=\"de_DE\" \/>\n<meta property=\"og:type\" content=\"article\" \/>\n<meta property=\"og:title\" content=\"Betreuung von Abscheideanlagen &#8902; Der Wasserwirt\" \/>\n<meta property=\"og:description\" content=\"Wir sind Ihr Partner f\u00fcr die Betreuung von Abschiedeanlagen in ganz \u00d6sterreich, Deutschland und der Schweiz.\" \/>\n<meta property=\"og:url\" content=\"https:\/\/der-wasserwirt.at\/de\/betreuung-von-abscheideanlagen\/\" \/>\n<meta property=\"og:site_name\" content=\"Der Wasserwirt\" \/>\n<meta property=\"article:modified_time\" content=\"2020-03-27T10:09:21+00:00\" \/>\n<meta property=\"og:image\" content=\"https:\/\/der-wasserwirt.at\/wp-content\/uploads\/2020\/02\/img_7178.jpg\" \/>\n<meta name=\"twitter:card\" content=\"summary_large_image\" \/>\n<script type=\"application\/ld+json\" class=\"yoast-schema-graph\">{\"@context\":\"https:\/\/schema.org\",\"@graph\":[{\"@type\":\"WebPage\",\"@id\":\"https:\/\/der-wasserwirt.at\/de\/betreuung-von-abscheideanlagen\/\",\"url\":\"https:\/\/der-wasserwirt.at\/de\/betreuung-von-abscheideanlagen\/\",\"name\":\"Betreuung von Abscheideanlagen &#8902; Der Wasserwirt\",\"isPartOf\":{\"@id\":\"https:\/\/der-wasserwirt.at\/de\/#website\"},\"primaryImageOfPage\":{\"@id\":\"https:\/\/der-wasserwirt.at\/de\/betreuung-von-abscheideanlagen\/#primaryimage\"},\"image\":{\"@id\":\"https:\/\/der-wasserwirt.at\/de\/betreuung-von-abscheideanlagen\/#primaryimage\"},\"thumbnailUrl\":\"https:\/\/der-wasserwirt.at\/wp-content\/uploads\/2020\/02\/img_7178.jpg\",\"datePublished\":\"2020-02-11T13:23:39+00:00\",\"dateModified\":\"2020-03-27T10:09:21+00:00\",\"description\":\"Wir sind Ihr Partner f\u00fcr die Betreuung von Abschiedeanlagen in ganz \u00d6sterreich, Deutschland und der Schweiz.\",\"breadcrumb\":{\"@id\":\"https:\/\/der-wasserwirt.at\/de\/betreuung-von-abscheideanlagen\/#breadcrumb\"},\"inLanguage\":\"de\",\"potentialAction\":[{\"@type\":\"ReadAction\",\"target\":[\"https:\/\/der-wasserwirt.at\/de\/betreuung-von-abscheideanlagen\/\"]}]},{\"@type\":\"ImageObject\",\"inLanguage\":\"de\",\"@id\":\"https:\/\/der-wasserwirt.at\/de\/betreuung-von-abscheideanlagen\/#primaryimage\",\"url\":\"https:\/\/der-wasserwirt.at\/wp-content\/uploads\/2020\/02\/img_7178.jpg\",\"contentUrl\":\"https:\/\/der-wasserwirt.at\/wp-content\/uploads\/2020\/02\/img_7178.jpg\"},{\"@type\":\"BreadcrumbList\",\"@id\":\"https:\/\/der-wasserwirt.at\/de\/betreuung-von-abscheideanlagen\/#breadcrumb\",\"itemListElement\":[{\"@type\":\"ListItem\",\"position\":1,\"name\":\"Startseite\",\"item\":\"https:\/\/der-wasserwirt.at\/de\/\"},{\"@type\":\"ListItem\",\"position\":2,\"name\":\"Betreuung von Abscheideanlagen\"}]},{\"@type\":\"WebSite\",\"@id\":\"https:\/\/der-wasserwirt.at\/de\/#website\",\"url\":\"https:\/\/der-wasserwirt.at\/de\/\",\"name\":\"Der Wasserwirt\",\"description\":\"Wasserwirtschaft - Kulturtechnik - Forschung\",\"publisher\":{\"@id\":\"https:\/\/der-wasserwirt.at\/de\/#organization\"},\"potentialAction\":[{\"@type\":\"SearchAction\",\"target\":{\"@type\":\"EntryPoint\",\"urlTemplate\":\"https:\/\/der-wasserwirt.at\/de\/?s={search_term_string}\"},\"query-input\":\"required name=search_term_string\"}],\"inLanguage\":\"de\"},{\"@type\":\"Organization\",\"@id\":\"https:\/\/der-wasserwirt.at\/de\/#organization\",\"name\":\"Der Wasserwirt\",\"url\":\"https:\/\/der-wasserwirt.at\/de\/\",\"logo\":{\"@type\":\"ImageObject\",\"inLanguage\":\"de\",\"@id\":\"https:\/\/der-wasserwirt.at\/de\/#\/schema\/logo\/image\/\",\"url\":\"https:\/\/der-wasserwirt.at\/wp-content\/uploads\/2019\/11\/Favicon-Der-Wasserwirt.png\",\"contentUrl\":\"https:\/\/der-wasserwirt.at\/wp-content\/uploads\/2019\/11\/Favicon-Der-Wasserwirt.png\",\"width\":512,\"height\":512,\"caption\":\"Der Wasserwirt\"},\"image\":{\"@id\":\"https:\/\/der-wasserwirt.at\/de\/#\/schema\/logo\/image\/\"}}]}<\/script>\n<!-- \/ Yoast SEO plugin. -->","yoast_head_json":{"title":"Betreuung von Abscheideanlagen &#8902; Der Wasserwirt","description":"Wir sind Ihr Partner f\u00fcr die Betreuung von Abschiedeanlagen in ganz \u00d6sterreich, Deutschland und der Schweiz.","robots":{"index":"index","follow":"follow","max-snippet":"max-snippet:-1","max-image-preview":"max-image-preview:large","max-video-preview":"max-video-preview:-1"},"canonical":"https:\/\/der-wasserwirt.at\/de\/betreuung-von-abscheideanlagen\/","og_locale":"de_DE","og_type":"article","og_title":"Betreuung von Abscheideanlagen &#8902; Der Wasserwirt","og_description":"Wir sind Ihr Partner f\u00fcr die Betreuung von Abschiedeanlagen in ganz \u00d6sterreich, Deutschland und der Schweiz.","og_url":"https:\/\/der-wasserwirt.at\/de\/betreuung-von-abscheideanlagen\/","og_site_name":"Der Wasserwirt","article_modified_time":"2020-03-27T10:09:21+00:00","og_image":[{"url":"https:\/\/der-wasserwirt.at\/wp-content\/uploads\/2020\/02\/img_7178.jpg"}],"twitter_card":"summary_large_image","schema":{"@context":"https:\/\/schema.org","@graph":[{"@type":"WebPage","@id":"https:\/\/der-wasserwirt.at\/de\/betreuung-von-abscheideanlagen\/","url":"https:\/\/der-wasserwirt.at\/de\/betreuung-von-abscheideanlagen\/","name":"Betreuung von Abscheideanlagen &#8902; Der Wasserwirt","isPartOf":{"@id":"https:\/\/der-wasserwirt.at\/de\/#website"},"primaryImageOfPage":{"@id":"https:\/\/der-wasserwirt.at\/de\/betreuung-von-abscheideanlagen\/#primaryimage"},"image":{"@id":"https:\/\/der-wasserwirt.at\/de\/betreuung-von-abscheideanlagen\/#primaryimage"},"thumbnailUrl":"https:\/\/der-wasserwirt.at\/wp-content\/uploads\/2020\/02\/img_7178.jpg","datePublished":"2020-02-11T13:23:39+00:00","dateModified":"2020-03-27T10:09:21+00:00","description":"Wir sind Ihr Partner f\u00fcr die Betreuung von Abschiedeanlagen in ganz \u00d6sterreich, Deutschland und der Schweiz.","breadcrumb":{"@id":"https:\/\/der-wasserwirt.at\/de\/betreuung-von-abscheideanlagen\/#breadcrumb"},"inLanguage":"de","potentialAction":[{"@type":"ReadAction","target":["https:\/\/der-wasserwirt.at\/de\/betreuung-von-abscheideanlagen\/"]}]},{"@type":"ImageObject","inLanguage":"de","@id":"https:\/\/der-wasserwirt.at\/de\/betreuung-von-abscheideanlagen\/#primaryimage","url":"https:\/\/der-wasserwirt.at\/wp-content\/uploads\/2020\/02\/img_7178.jpg","contentUrl":"https:\/\/der-wasserwirt.at\/wp-content\/uploads\/2020\/02\/img_7178.jpg"},{"@type":"BreadcrumbList","@id":"https:\/\/der-wasserwirt.at\/de\/betreuung-von-abscheideanlagen\/#breadcrumb","itemListElement":[{"@type":"ListItem","position":1,"name":"Startseite","item":"https:\/\/der-wasserwirt.at\/de\/"},{"@type":"ListItem","position":2,"name":"Betreuung von Abscheideanlagen"}]},{"@type":"WebSite","@id":"https:\/\/der-wasserwirt.at\/de\/#website","url":"https:\/\/der-wasserwirt.at\/de\/","name":"Der Wasserwirt","description":"Wasserwirtschaft - Kulturtechnik - Forschung","publisher":{"@id":"https:\/\/der-wasserwirt.at\/de\/#organization"},"potentialAction":[{"@type":"SearchAction","target":{"@type":"EntryPoint","urlTemplate":"https:\/\/der-wasserwirt.at\/de\/?s={search_term_string}"},"query-input":"required name=search_term_string"}],"inLanguage":"de"},{"@type":"Organization","@id":"https:\/\/der-wasserwirt.at\/de\/#organization","name":"Der Wasserwirt","url":"https:\/\/der-wasserwirt.at\/de\/","logo":{"@type":"ImageObject","inLanguage":"de","@id":"https:\/\/der-wasserwirt.at\/de\/#\/schema\/logo\/image\/","url":"https:\/\/der-wasserwirt.at\/wp-content\/uploads\/2019\/11\/Favicon-Der-Wasserwirt.png","contentUrl":"https:\/\/der-wasserwirt.at\/wp-content\/uploads\/2019\/11\/Favicon-Der-Wasserwirt.png","width":512,"height":512,"caption":"Der Wasserwirt"},"image":{"@id":"https:\/\/der-wasserwirt.at\/de\/#\/schema\/logo\/image\/"}}]}},"_links":{"self":[{"href":"https:\/\/der-wasserwirt.at\/de\/wp-json\/wp\/v2\/pages\/478"}],"collection":[{"href":"https:\/\/der-wasserwirt.at\/de\/wp-json\/wp\/v2\/pages"}],"about":[{"href":"https:\/\/der-wasserwirt.at\/de\/wp-json\/wp\/v2\/types\/page"}],"author":[{"embeddable":true,"href":"https:\/\/der-wasserwirt.at\/de\/wp-json\/wp\/v2\/users\/2"}],"replies":[{"embeddable":true,"href":"https:\/\/der-wasserwirt.at\/de\/wp-json\/wp\/v2\/comments?post=478"}],"version-history":[{"count":15,"href":"https:\/\/der-wasserwirt.at\/de\/wp-json\/wp\/v2\/pages\/478\/revisions"}],"predecessor-version":[{"id":2261,"href":"https:\/\/der-wasserwirt.at\/de\/wp-json\/wp\/v2\/pages\/478\/revisions\/2261"}],"wp:attachment":[{"href":"https:\/\/der-wasserwirt.at\/de\/wp-json\/wp\/v2\/media?parent=478"}],"curies":[{"name":"wp","href":"https:\/\/api.w.org\/{rel}","templated":true}]}}