{"id":486,"date":"2020-02-11T14:32:47","date_gmt":"2020-02-11T13:32:47","guid":{"rendered":"https:\/\/wasserwirt.stuck-marketing.at\/?page_id=486"},"modified":"2020-03-27T11:23:03","modified_gmt":"2020-03-27T10:23:03","slug":"wartung-von-gewaesserschutzanlagen","status":"publish","type":"page","link":"https:\/\/der-wasserwirt.at\/de\/wartung-von-gewaesserschutzanlagen\/","title":{"rendered":"Wartung von Gew\u00e4sserschutzanlagen"},"content":{"rendered":"\t\t<div data-elementor-type=\"wp-page\" data-elementor-id=\"486\" class=\"elementor elementor-486\" data-elementor-post-type=\"page\">\n\t\t\t\t\t\t<section class=\"elementor-section elementor-top-section elementor-element elementor-element-3fd4982 elementor-section-boxed elementor-section-height-default elementor-section-height-default\" data-id=\"3fd4982\" data-element_type=\"section\" data-settings=\"{&quot;background_background&quot;:&quot;classic&quot;}\">\n\t\t\t\t\t\t<div class=\"elementor-container elementor-column-gap-default\">\n\t\t\t\t\t<div class=\"elementor-column elementor-col-100 elementor-top-column elementor-element elementor-element-40e19cc\" data-id=\"40e19cc\" data-element_type=\"column\">\n\t\t\t<div class=\"elementor-widget-wrap elementor-element-populated\">\n\t\t\t\t\t\t<div class=\"elementor-element elementor-element-3e2e9c8 elementor-widget elementor-widget-heading\" data-id=\"3e2e9c8\" data-element_type=\"widget\" data-widget_type=\"heading.default\">\n\t\t\t\t<div class=\"elementor-widget-container\">\n\t\t\t<h2 class=\"elementor-heading-title elementor-size-default\">Wartung von Gew\u00e4sserschutzanlagen<\/h2>\t\t<\/div>\n\t\t\t\t<\/div>\n\t\t\t\t\t<\/div>\n\t\t<\/div>\n\t\t\t\t\t<\/div>\n\t\t<\/section>\n\t\t\t\t<section class=\"elementor-section elementor-top-section elementor-element elementor-element-369243d elementor-section-boxed elementor-section-height-default elementor-section-height-default\" data-id=\"369243d\" data-element_type=\"section\">\n\t\t\t\t\t\t<div class=\"elementor-container elementor-column-gap-default\">\n\t\t\t\t\t<div class=\"elementor-column elementor-col-100 elementor-top-column elementor-element elementor-element-ba1ae2d\" data-id=\"ba1ae2d\" data-element_type=\"column\">\n\t\t\t<div class=\"elementor-widget-wrap elementor-element-populated\">\n\t\t\t\t\t\t<section class=\"elementor-section elementor-inner-section elementor-element elementor-element-599d19a elementor-section-boxed elementor-section-height-default elementor-section-height-default\" data-id=\"599d19a\" data-element_type=\"section\">\n\t\t\t\t\t\t<div class=\"elementor-container elementor-column-gap-default\">\n\t\t\t\t\t<div class=\"elementor-column elementor-col-50 elementor-inner-column elementor-element elementor-element-259ed38\" data-id=\"259ed38\" data-element_type=\"column\">\n\t\t\t<div class=\"elementor-widget-wrap elementor-element-populated\">\n\t\t\t\t\t\t<div class=\"elementor-element elementor-element-7013021 elementor-arrows-position-inside elementor-pagination-position-outside elementor-widget elementor-widget-image-carousel\" data-id=\"7013021\" data-element_type=\"widget\" data-settings=\"{&quot;slides_to_show&quot;:&quot;1&quot;,&quot;navigation&quot;:&quot;both&quot;,&quot;autoplay&quot;:&quot;yes&quot;,&quot;pause_on_hover&quot;:&quot;yes&quot;,&quot;pause_on_interaction&quot;:&quot;yes&quot;,&quot;autoplay_speed&quot;:5000,&quot;infinite&quot;:&quot;yes&quot;,&quot;effect&quot;:&quot;slide&quot;,&quot;speed&quot;:500}\" data-widget_type=\"image-carousel.default\">\n\t\t\t\t<div class=\"elementor-widget-container\">\n\t\t\t\t\t<div class=\"elementor-image-carousel-wrapper swiper\" dir=\"ltr\">\n\t\t\t<div class=\"elementor-image-carousel swiper-wrapper\" aria-live=\"off\">\n\t\t\t\t\t\t\t\t<div class=\"swiper-slide\" role=\"group\" aria-roledescription=\"slide\" aria-label=\"1 von 6\"><figure class=\"swiper-slide-inner\"><img decoding=\"async\" class=\"swiper-slide-image\" src=\"https:\/\/der-wasserwirt.at\/wp-content\/uploads\/2020\/02\/1373358952377.jpg\" alt=\"1373358952377\" \/><\/figure><\/div><div class=\"swiper-slide\" role=\"group\" aria-roledescription=\"slide\" aria-label=\"2 von 6\"><figure class=\"swiper-slide-inner\"><img decoding=\"async\" class=\"swiper-slide-image\" src=\"https:\/\/der-wasserwirt.at\/wp-content\/uploads\/2020\/02\/1373360779191-1536x2048.jpg\" alt=\"1373360779191\" \/><\/figure><\/div><div class=\"swiper-slide\" role=\"group\" aria-roledescription=\"slide\" aria-label=\"3 von 6\"><figure class=\"swiper-slide-inner\"><img decoding=\"async\" class=\"swiper-slide-image\" src=\"https:\/\/der-wasserwirt.at\/wp-content\/uploads\/2020\/02\/1373365613821-1536x2048.jpg\" alt=\"1373365613821\" \/><\/figure><\/div><div class=\"swiper-slide\" role=\"group\" aria-roledescription=\"slide\" aria-label=\"4 von 6\"><figure class=\"swiper-slide-inner\"><img decoding=\"async\" class=\"swiper-slide-image\" src=\"https:\/\/der-wasserwirt.at\/wp-content\/uploads\/2020\/02\/1373375024137-1536x2048.jpg\" alt=\"1373375024137\" \/><\/figure><\/div><div class=\"swiper-slide\" role=\"group\" aria-roledescription=\"slide\" aria-label=\"5 von 6\"><figure class=\"swiper-slide-inner\"><img decoding=\"async\" class=\"swiper-slide-image\" src=\"https:\/\/der-wasserwirt.at\/wp-content\/uploads\/2020\/02\/1373381759261-1536x2048.jpg\" alt=\"1373381759261\" \/><\/figure><\/div><div class=\"swiper-slide\" role=\"group\" aria-roledescription=\"slide\" aria-label=\"6 von 6\"><figure class=\"swiper-slide-inner\"><img decoding=\"async\" class=\"swiper-slide-image\" src=\"https:\/\/der-wasserwirt.at\/wp-content\/uploads\/2020\/02\/Wartung-Gew\u00e4sserschutzanlage.jpg\" alt=\"Wartung Gew\u00e4sserschutzanlage\" \/><\/figure><\/div>\t\t\t<\/div>\n\t\t\t\t\t\t\t\t\t\t\t\t<div class=\"elementor-swiper-button elementor-swiper-button-prev\" role=\"button\" tabindex=\"0\">\n\t\t\t\t\t\t<i aria-hidden=\"true\" class=\"eicon-chevron-left\"><\/i>\t\t\t\t\t<\/div>\n\t\t\t\t\t<div class=\"elementor-swiper-button elementor-swiper-button-next\" role=\"button\" tabindex=\"0\">\n\t\t\t\t\t\t<i aria-hidden=\"true\" class=\"eicon-chevron-right\"><\/i>\t\t\t\t\t<\/div>\n\t\t\t\t\n\t\t\t\t\t\t\t\t\t<div class=\"swiper-pagination\"><\/div>\n\t\t\t\t\t\t\t\t\t<\/div>\n\t\t\t\t<\/div>\n\t\t\t\t<\/div>\n\t\t\t\t\t<\/div>\n\t\t<\/div>\n\t\t\t\t<div class=\"elementor-column elementor-col-50 elementor-inner-column elementor-element elementor-element-823867a\" data-id=\"823867a\" data-element_type=\"column\">\n\t\t\t<div class=\"elementor-widget-wrap elementor-element-populated\">\n\t\t\t\t\t\t<div class=\"elementor-element elementor-element-eb3b5a3 elementor-widget elementor-widget-heading\" data-id=\"eb3b5a3\" data-element_type=\"widget\" data-widget_type=\"heading.default\">\n\t\t\t\t<div class=\"elementor-widget-container\">\n\t\t\t<h2 class=\"elementor-heading-title elementor-size-default\">Wartung von Gew\u00e4sserschutzanlagen<\/h2>\t\t<\/div>\n\t\t\t\t<\/div>\n\t\t\t\t<div class=\"elementor-element elementor-element-b1ea71b elementor-widget elementor-widget-text-editor\" data-id=\"b1ea71b\" data-element_type=\"widget\" data-widget_type=\"text-editor.default\">\n\t\t\t\t<div class=\"elementor-widget-container\">\n\t\t\t\t\t\t\t<p>Wir \u00fcbernehmen die Wartung von Gew\u00e4sserschutzanlagen.<\/p><p>Im Zuge der Wartung werden folgende T\u00e4tigkeiten durchgef\u00fchrt:<\/p><p><strong>Absetzbecken:<\/strong><\/p><ul><li>Kontrolle des Zulaufes hinsichtlich Verschmutzung<\/li><li>Funktionskontrolle der selbstt\u00e4tigen Verschlusseinrichtung (Zulaufverschluss falls vorhanden)<\/li><li>Kontrolle der Funktionalit\u00e4t der Entlastungseinrichtungen<\/li><li>Feststellen der Schlammschichtst\u00e4rke<\/li><li>Kontrolle des Zulaufes in das Bodenfilterbecken<\/li><li>Funktionskontrolle der Absperrschieber bzw. Klappen<\/li><\/ul><p>\u00a0<\/p><p><strong>Filterbecken:<\/strong><\/p><ul><li>Kontrolle des Zu- und Ablaufbereiches<\/li><li>Kontrolle des Bodenfilters (Kontrolle auf Verschlammung der Filterschichten)<\/li><li>Kontrolle der Durchl\u00e4ssigkeit der Filterschichten (Wenn erforderlich werden Durchl\u00e4ssigkeitsversuche im Filterbecken durchgef\u00fchrt. Diese werden gesondert verrechnet.)<\/li><li>B\u00f6schungskontrolle<\/li><li>Vegetationskontrolle bis zur maximalen Wasserstandsh\u00f6he des Bodenfilterbeckens<\/li><li>Vegetationskontrolle au\u00dferhalb der Wasserstandsh\u00f6he<\/li><li>Funktionskontrolle der Absperrschieber und mechanischen Einbauteile<\/li><li>Funktionskontrolle der Entlastungseinrichtungen<\/li><li>Funktionskontrolle der Drainagen<\/li><li>Aufzeichnung der aktuellen Wasserst\u00e4nde in den Becken<\/li><\/ul><p>\u00a0<\/p><p><strong>Ausleitungsbauwerk (z.B. Mulden und Sch\u00f6nungsbecken):<\/strong><\/p><ul><li>Kontrolle auf Erosion<\/li><li>Kontrolle auf Kolkerscheinungen<\/li><li>Kontrolle auf Verlegungen und Anlandungen<\/li><li>Kontrolle der R\u00fcckstauklappe sowie den technischen Einbauteilen<\/li><\/ul><p>\u00a0<\/p><p>Die T\u00e4tigkeiten werden folglich in einem Bericht zusammengefasst.<\/p><p>\u00a0<\/p>\t\t\t\t\t\t<\/div>\n\t\t\t\t<\/div>\n\t\t\t\t<div class=\"elementor-element elementor-element-378047d elementor-align-right elementor-widget elementor-widget-button\" data-id=\"378047d\" data-element_type=\"widget\" data-widget_type=\"button.default\">\n\t\t\t\t<div class=\"elementor-widget-container\">\n\t\t\t\t\t<div class=\"elementor-button-wrapper\">\n\t\t\t<a class=\"elementor-button elementor-button-link elementor-size-md\" href=\"\/de\/gewaesserschutz\/\">\n\t\t\t\t\t\t<span class=\"elementor-button-content-wrapper\">\n\t\t\t\t\t\t<span class=\"elementor-button-text\">Zur\u00fcck<\/span>\n\t\t<\/span>\n\t\t\t\t\t<\/a>\n\t\t<\/div>\n\t\t\t\t<\/div>\n\t\t\t\t<\/div>\n\t\t\t\t\t<\/div>\n\t\t<\/div>\n\t\t\t\t\t<\/div>\n\t\t<\/section>\n\t\t\t\t\t<\/div>\n\t\t<\/div>\n\t\t\t\t\t<\/div>\n\t\t<\/section>\n\t\t\t\t<\/div>\n\t\t","protected":false},"excerpt":{"rendered":"<p>Wartung von Gew\u00e4sserschutzanlagen Zur\u00fcck Weiter Wartung von Gew\u00e4sserschutzanlagen Wir \u00fcbernehmen die Wartung von Gew\u00e4sserschutzanlagen. Im Zuge der Wartung werden folgende T\u00e4tigkeiten durchgef\u00fchrt: Absetzbecken: Kontrolle des Zulaufes hinsichtlich Verschmutzung Funktionskontrolle der selbstt\u00e4tigen Verschlusseinrichtung (Zulaufverschluss falls vorhanden) Kontrolle der Funktionalit\u00e4t der Entlastungseinrichtungen Feststellen der Schlammschichtst\u00e4rke Kontrolle des Zulaufes in das Bodenfilterbecken Funktionskontrolle der Absperrschieber bzw. Klappen Filterbecken: [&hellip;]<\/p>\n","protected":false},"author":2,"featured_media":0,"parent":0,"menu_order":0,"comment_status":"closed","ping_status":"closed","template":"","meta":{"footnotes":""},"yoast_head":"<!-- This site is optimized with the Yoast SEO plugin v22.4 - https:\/\/yoast.com\/wordpress\/plugins\/seo\/ -->\n<title>Wartung von Gew\u00e4sserschutzanlagen &#8902; Der Wasserwirt<\/title>\n<meta name=\"description\" content=\"Wir warten Ihre Gew\u00e4sserschutzanlagen in \u00d6sterreich, Deutschland und der Schweiz. Wir \u00fcbernehmen die gesamte Wartung von Gew\u00e4sserschutzanlagen.\" \/>\n<meta name=\"robots\" content=\"index, follow, max-snippet:-1, max-image-preview:large, max-video-preview:-1\" \/>\n<link rel=\"canonical\" href=\"https:\/\/der-wasserwirt.at\/de\/wartung-von-gewaesserschutzanlagen\/\" \/>\n<meta property=\"og:locale\" content=\"de_DE\" \/>\n<meta property=\"og:type\" content=\"article\" \/>\n<meta property=\"og:title\" content=\"Wartung von Gew\u00e4sserschutzanlagen &#8902; Der Wasserwirt\" \/>\n<meta property=\"og:description\" content=\"Wir warten Ihre Gew\u00e4sserschutzanlagen in \u00d6sterreich, Deutschland und der Schweiz. Wir \u00fcbernehmen die gesamte Wartung von Gew\u00e4sserschutzanlagen.\" \/>\n<meta property=\"og:url\" content=\"https:\/\/der-wasserwirt.at\/de\/wartung-von-gewaesserschutzanlagen\/\" \/>\n<meta property=\"og:site_name\" content=\"Der Wasserwirt\" \/>\n<meta property=\"article:modified_time\" content=\"2020-03-27T10:23:03+00:00\" \/>\n<meta property=\"og:image\" content=\"https:\/\/der-wasserwirt.at\/wp-content\/uploads\/2020\/02\/1373358952377.jpg\" \/>\n<meta name=\"twitter:card\" content=\"summary_large_image\" \/>\n<meta name=\"twitter:label1\" content=\"Gesch\u00e4tzte Lesezeit\" \/>\n\t<meta name=\"twitter:data1\" content=\"1\u00a0Minute\" \/>\n<script type=\"application\/ld+json\" class=\"yoast-schema-graph\">{\"@context\":\"https:\/\/schema.org\",\"@graph\":[{\"@type\":\"WebPage\",\"@id\":\"https:\/\/der-wasserwirt.at\/de\/wartung-von-gewaesserschutzanlagen\/\",\"url\":\"https:\/\/der-wasserwirt.at\/de\/wartung-von-gewaesserschutzanlagen\/\",\"name\":\"Wartung von Gew\u00e4sserschutzanlagen &#8902; Der Wasserwirt\",\"isPartOf\":{\"@id\":\"https:\/\/der-wasserwirt.at\/de\/#website\"},\"primaryImageOfPage\":{\"@id\":\"https:\/\/der-wasserwirt.at\/de\/wartung-von-gewaesserschutzanlagen\/#primaryimage\"},\"image\":{\"@id\":\"https:\/\/der-wasserwirt.at\/de\/wartung-von-gewaesserschutzanlagen\/#primaryimage\"},\"thumbnailUrl\":\"https:\/\/der-wasserwirt.at\/wp-content\/uploads\/2020\/02\/1373358952377.jpg\",\"datePublished\":\"2020-02-11T13:32:47+00:00\",\"dateModified\":\"2020-03-27T10:23:03+00:00\",\"description\":\"Wir warten Ihre Gew\u00e4sserschutzanlagen in \u00d6sterreich, Deutschland und der Schweiz. Wir \u00fcbernehmen die gesamte Wartung von Gew\u00e4sserschutzanlagen.\",\"breadcrumb\":{\"@id\":\"https:\/\/der-wasserwirt.at\/de\/wartung-von-gewaesserschutzanlagen\/#breadcrumb\"},\"inLanguage\":\"de\",\"potentialAction\":[{\"@type\":\"ReadAction\",\"target\":[\"https:\/\/der-wasserwirt.at\/de\/wartung-von-gewaesserschutzanlagen\/\"]}]},{\"@type\":\"ImageObject\",\"inLanguage\":\"de\",\"@id\":\"https:\/\/der-wasserwirt.at\/de\/wartung-von-gewaesserschutzanlagen\/#primaryimage\",\"url\":\"https:\/\/der-wasserwirt.at\/wp-content\/uploads\/2020\/02\/1373358952377.jpg\",\"contentUrl\":\"https:\/\/der-wasserwirt.at\/wp-content\/uploads\/2020\/02\/1373358952377.jpg\"},{\"@type\":\"BreadcrumbList\",\"@id\":\"https:\/\/der-wasserwirt.at\/de\/wartung-von-gewaesserschutzanlagen\/#breadcrumb\",\"itemListElement\":[{\"@type\":\"ListItem\",\"position\":1,\"name\":\"Startseite\",\"item\":\"https:\/\/der-wasserwirt.at\/de\/\"},{\"@type\":\"ListItem\",\"position\":2,\"name\":\"Wartung von Gew\u00e4sserschutzanlagen\"}]},{\"@type\":\"WebSite\",\"@id\":\"https:\/\/der-wasserwirt.at\/de\/#website\",\"url\":\"https:\/\/der-wasserwirt.at\/de\/\",\"name\":\"Der Wasserwirt\",\"description\":\"Wasserwirtschaft - Kulturtechnik - Forschung\",\"publisher\":{\"@id\":\"https:\/\/der-wasserwirt.at\/de\/#organization\"},\"potentialAction\":[{\"@type\":\"SearchAction\",\"target\":{\"@type\":\"EntryPoint\",\"urlTemplate\":\"https:\/\/der-wasserwirt.at\/de\/?s={search_term_string}\"},\"query-input\":\"required name=search_term_string\"}],\"inLanguage\":\"de\"},{\"@type\":\"Organization\",\"@id\":\"https:\/\/der-wasserwirt.at\/de\/#organization\",\"name\":\"Der Wasserwirt\",\"url\":\"https:\/\/der-wasserwirt.at\/de\/\",\"logo\":{\"@type\":\"ImageObject\",\"inLanguage\":\"de\",\"@id\":\"https:\/\/der-wasserwirt.at\/de\/#\/schema\/logo\/image\/\",\"url\":\"https:\/\/der-wasserwirt.at\/wp-content\/uploads\/2019\/11\/Favicon-Der-Wasserwirt.png\",\"contentUrl\":\"https:\/\/der-wasserwirt.at\/wp-content\/uploads\/2019\/11\/Favicon-Der-Wasserwirt.png\",\"width\":512,\"height\":512,\"caption\":\"Der Wasserwirt\"},\"image\":{\"@id\":\"https:\/\/der-wasserwirt.at\/de\/#\/schema\/logo\/image\/\"}}]}<\/script>\n<!-- \/ Yoast SEO plugin. -->","yoast_head_json":{"title":"Wartung von Gew\u00e4sserschutzanlagen &#8902; Der Wasserwirt","description":"Wir warten Ihre Gew\u00e4sserschutzanlagen in \u00d6sterreich, Deutschland und der Schweiz. Wir \u00fcbernehmen die gesamte Wartung von Gew\u00e4sserschutzanlagen.","robots":{"index":"index","follow":"follow","max-snippet":"max-snippet:-1","max-image-preview":"max-image-preview:large","max-video-preview":"max-video-preview:-1"},"canonical":"https:\/\/der-wasserwirt.at\/de\/wartung-von-gewaesserschutzanlagen\/","og_locale":"de_DE","og_type":"article","og_title":"Wartung von Gew\u00e4sserschutzanlagen &#8902; Der Wasserwirt","og_description":"Wir warten Ihre Gew\u00e4sserschutzanlagen in \u00d6sterreich, Deutschland und der Schweiz. Wir \u00fcbernehmen die gesamte Wartung von Gew\u00e4sserschutzanlagen.","og_url":"https:\/\/der-wasserwirt.at\/de\/wartung-von-gewaesserschutzanlagen\/","og_site_name":"Der Wasserwirt","article_modified_time":"2020-03-27T10:23:03+00:00","og_image":[{"url":"https:\/\/der-wasserwirt.at\/wp-content\/uploads\/2020\/02\/1373358952377.jpg"}],"twitter_card":"summary_large_image","twitter_misc":{"Gesch\u00e4tzte Lesezeit":"1\u00a0Minute"},"schema":{"@context":"https:\/\/schema.org","@graph":[{"@type":"WebPage","@id":"https:\/\/der-wasserwirt.at\/de\/wartung-von-gewaesserschutzanlagen\/","url":"https:\/\/der-wasserwirt.at\/de\/wartung-von-gewaesserschutzanlagen\/","name":"Wartung von Gew\u00e4sserschutzanlagen &#8902; Der Wasserwirt","isPartOf":{"@id":"https:\/\/der-wasserwirt.at\/de\/#website"},"primaryImageOfPage":{"@id":"https:\/\/der-wasserwirt.at\/de\/wartung-von-gewaesserschutzanlagen\/#primaryimage"},"image":{"@id":"https:\/\/der-wasserwirt.at\/de\/wartung-von-gewaesserschutzanlagen\/#primaryimage"},"thumbnailUrl":"https:\/\/der-wasserwirt.at\/wp-content\/uploads\/2020\/02\/1373358952377.jpg","datePublished":"2020-02-11T13:32:47+00:00","dateModified":"2020-03-27T10:23:03+00:00","description":"Wir warten Ihre Gew\u00e4sserschutzanlagen in \u00d6sterreich, Deutschland und der Schweiz. Wir \u00fcbernehmen die gesamte Wartung von Gew\u00e4sserschutzanlagen.","breadcrumb":{"@id":"https:\/\/der-wasserwirt.at\/de\/wartung-von-gewaesserschutzanlagen\/#breadcrumb"},"inLanguage":"de","potentialAction":[{"@type":"ReadAction","target":["https:\/\/der-wasserwirt.at\/de\/wartung-von-gewaesserschutzanlagen\/"]}]},{"@type":"ImageObject","inLanguage":"de","@id":"https:\/\/der-wasserwirt.at\/de\/wartung-von-gewaesserschutzanlagen\/#primaryimage","url":"https:\/\/der-wasserwirt.at\/wp-content\/uploads\/2020\/02\/1373358952377.jpg","contentUrl":"https:\/\/der-wasserwirt.at\/wp-content\/uploads\/2020\/02\/1373358952377.jpg"},{"@type":"BreadcrumbList","@id":"https:\/\/der-wasserwirt.at\/de\/wartung-von-gewaesserschutzanlagen\/#breadcrumb","itemListElement":[{"@type":"ListItem","position":1,"name":"Startseite","item":"https:\/\/der-wasserwirt.at\/de\/"},{"@type":"ListItem","position":2,"name":"Wartung von Gew\u00e4sserschutzanlagen"}]},{"@type":"WebSite","@id":"https:\/\/der-wasserwirt.at\/de\/#website","url":"https:\/\/der-wasserwirt.at\/de\/","name":"Der Wasserwirt","description":"Wasserwirtschaft - Kulturtechnik - Forschung","publisher":{"@id":"https:\/\/der-wasserwirt.at\/de\/#organization"},"potentialAction":[{"@type":"SearchAction","target":{"@type":"EntryPoint","urlTemplate":"https:\/\/der-wasserwirt.at\/de\/?s={search_term_string}"},"query-input":"required name=search_term_string"}],"inLanguage":"de"},{"@type":"Organization","@id":"https:\/\/der-wasserwirt.at\/de\/#organization","name":"Der Wasserwirt","url":"https:\/\/der-wasserwirt.at\/de\/","logo":{"@type":"ImageObject","inLanguage":"de","@id":"https:\/\/der-wasserwirt.at\/de\/#\/schema\/logo\/image\/","url":"https:\/\/der-wasserwirt.at\/wp-content\/uploads\/2019\/11\/Favicon-Der-Wasserwirt.png","contentUrl":"https:\/\/der-wasserwirt.at\/wp-content\/uploads\/2019\/11\/Favicon-Der-Wasserwirt.png","width":512,"height":512,"caption":"Der Wasserwirt"},"image":{"@id":"https:\/\/der-wasserwirt.at\/de\/#\/schema\/logo\/image\/"}}]}},"_links":{"self":[{"href":"https:\/\/der-wasserwirt.at\/de\/wp-json\/wp\/v2\/pages\/486"}],"collection":[{"href":"https:\/\/der-wasserwirt.at\/de\/wp-json\/wp\/v2\/pages"}],"about":[{"href":"https:\/\/der-wasserwirt.at\/de\/wp-json\/wp\/v2\/types\/page"}],"author":[{"embeddable":true,"href":"https:\/\/der-wasserwirt.at\/de\/wp-json\/wp\/v2\/users\/2"}],"replies":[{"embeddable":true,"href":"https:\/\/der-wasserwirt.at\/de\/wp-json\/wp\/v2\/comments?post=486"}],"version-history":[{"count":12,"href":"https:\/\/der-wasserwirt.at\/de\/wp-json\/wp\/v2\/pages\/486\/revisions"}],"predecessor-version":[{"id":2274,"href":"https:\/\/der-wasserwirt.at\/de\/wp-json\/wp\/v2\/pages\/486\/revisions\/2274"}],"wp:attachment":[{"href":"https:\/\/der-wasserwirt.at\/de\/wp-json\/wp\/v2\/media?parent=486"}],"curies":[{"name":"wp","href":"https:\/\/api.w.org\/{rel}","templated":true}]}}