{"id":753,"date":"2020-02-19T08:52:45","date_gmt":"2020-02-19T07:52:45","guid":{"rendered":"https:\/\/wasserwirt.stuck-marketing.at\/?page_id=753"},"modified":"2025-11-10T09:03:09","modified_gmt":"2025-11-10T08:03:09","slug":"impressum","status":"publish","type":"page","link":"https:\/\/der-wasserwirt.at\/de\/impressum\/","title":{"rendered":"x_Impressum"},"content":{"rendered":"\t\t<div data-elementor-type=\"wp-page\" data-elementor-id=\"753\" class=\"elementor elementor-753\" data-elementor-post-type=\"page\">\n\t\t\t\t\t\t<section class=\"elementor-section elementor-top-section elementor-element elementor-element-4b2eef0 elementor-section-stretched elementor-section-full_width elementor-section-height-default elementor-section-height-default\" data-id=\"4b2eef0\" data-element_type=\"section\" data-settings=\"{&quot;background_background&quot;:&quot;classic&quot;,&quot;stretch_section&quot;:&quot;section-stretched&quot;}\">\n\t\t\t\t\t\t<div class=\"elementor-container elementor-column-gap-no\">\n\t\t\t\t\t<div class=\"elementor-column elementor-col-100 elementor-top-column elementor-element elementor-element-b55a621\" data-id=\"b55a621\" data-element_type=\"column\">\n\t\t\t<div class=\"elementor-widget-wrap elementor-element-populated\">\n\t\t\t\t\t\t<div class=\"elementor-element elementor-element-2da644a elementor-widget elementor-widget-google_maps\" data-id=\"2da644a\" data-element_type=\"widget\" data-widget_type=\"google_maps.default\">\n\t\t\t\t<div class=\"elementor-widget-container\">\n\t\t\t\t\t<div class=\"elementor-custom-embed\">\n\t\t\t<iframe loading=\"lazy\"\n\t\t\t\t\tsrc=\"https:\/\/maps.google.com\/maps?q=Der%20Wasserwirt%20-%20Projektmanagement%20GmbH%20Ingenieurb%C3%BCro%20f%C3%BCr%20Kulturtechnik%20und%20Wasserwirtschaft%20B%C3%BCro%20f%C3%BCr%20Forschung%20und%20Entwicklung%20Dellach%2059%2C%209063%20Maria%20Saal&#038;t=m&#038;z=16&#038;output=embed&#038;iwloc=near\"\n\t\t\t\t\ttitle=\"Der Wasserwirt - Projektmanagement GmbH Ingenieurb\u00fcro f\u00fcr Kulturtechnik und Wasserwirtschaft B\u00fcro f\u00fcr Forschung und Entwicklung Dellach 59, 9063 Maria Saal\"\n\t\t\t\t\taria-label=\"Der Wasserwirt - Projektmanagement GmbH Ingenieurb\u00fcro f\u00fcr Kulturtechnik und Wasserwirtschaft B\u00fcro f\u00fcr Forschung und Entwicklung Dellach 59, 9063 Maria Saal\"\n\t\t\t><\/iframe>\n\t\t<\/div>\n\t\t\t\t<\/div>\n\t\t\t\t<\/div>\n\t\t\t\t\t<\/div>\n\t\t<\/div>\n\t\t\t\t\t<\/div>\n\t\t<\/section>\n\t\t\t\t<section class=\"elementor-section elementor-top-section elementor-element elementor-element-c3fca05 elementor-section-boxed elementor-section-height-default elementor-section-height-default\" data-id=\"c3fca05\" data-element_type=\"section\">\n\t\t\t\t\t\t<div class=\"elementor-container elementor-column-gap-default\">\n\t\t\t\t\t<div class=\"elementor-column elementor-col-100 elementor-top-column elementor-element elementor-element-9508f61\" data-id=\"9508f61\" data-element_type=\"column\">\n\t\t\t<div class=\"elementor-widget-wrap elementor-element-populated\">\n\t\t\t\t\t\t<section class=\"elementor-section elementor-inner-section elementor-element elementor-element-fdcc4b5 elementor-section-boxed elementor-section-height-default elementor-section-height-default\" data-id=\"fdcc4b5\" data-element_type=\"section\">\n\t\t\t\t\t\t<div class=\"elementor-container elementor-column-gap-default\">\n\t\t\t\t\t<div class=\"elementor-column elementor-col-50 elementor-inner-column elementor-element elementor-element-caca41e\" data-id=\"caca41e\" data-element_type=\"column\">\n\t\t\t<div class=\"elementor-widget-wrap elementor-element-populated\">\n\t\t\t\t\t\t<div class=\"elementor-element elementor-element-f41c672 elementor-widget elementor-widget-heading\" data-id=\"f41c672\" data-element_type=\"widget\" data-widget_type=\"heading.default\">\n\t\t\t\t<div class=\"elementor-widget-container\">\n\t\t\t<h2 class=\"elementor-heading-title elementor-size-default\">Impressum<\/h2>\t\t<\/div>\n\t\t\t\t<\/div>\n\t\t\t\t<div class=\"elementor-element elementor-element-16396c5 elementor-widget elementor-widget-text-editor\" data-id=\"16396c5\" data-element_type=\"widget\" data-widget_type=\"text-editor.default\">\n\t\t\t\t<div class=\"elementor-widget-container\">\n\t\t\t\t\t\t\t<p><strong>Gesch\u00e4ftsbezeichnung<\/strong> Der Wasserwirt &#8211; Projektmanagement GmbH<br><strong>Inhaber<\/strong> DI Bernhard Monai, MSc<br><strong>Anschrift <\/strong>Dellach 59, 9063 Maria Saal, \u00d6sterreich<br><strong>Unternehmensgegenstand<\/strong> Kulturtechnik und Wasserwirtschaft, Abfallsammler und -behandler, Handel mit Baustoffen<\/p>\n<p><strong>Telefon<\/strong> <a href=\"tel:+43 664 88733362\">+43 664 88733362<\/a><br><strong>E-Mail <\/strong><a href=\"mailto:office@der-wasserwirt.at\">office@der-wasserwirt.at<\/a><br><strong>Webseite <\/strong><a href=\"http:\/\/www.der-wasserwirt.at\">www.der-wasserwirt.at<\/a><\/p>\n<p><strong>UID-Nummer <\/strong>ATU73636069<br><strong>Firmenbuchnummer<\/strong> 498431m<\/p>\n<p><strong>Kammerzugeh\u00f6rigkeit<\/strong>&nbsp;Mitglied der Wirtschaftskammer \u00d6sterreich<br><strong>Anwendbare Rechtsvorschriften<\/strong>&nbsp;Gewerbeordnung (abrufbar unter www.ris.bka.gv.at\/bundesrecht)<br><strong>Allgemeine Gesch\u00e4ftsbedingungen B2B <\/strong><a href=\"https:\/\/der-wasserwirt.at\/wp-content\/uploads\/2025\/11\/agbs-b2b-16-11-2021.pdf\">agbs-b2b-16-11-2021<\/a><br><strong>Online-Streitbeilegungsplattform<\/strong> \u2013 Verbraucher haben die M\u00f6glichkeit, Beschwerden an die Online-Streitbeilegungsplattform der EU zu richten: http:\/\/ec.europa.eu\/odr. Sie k\u00f6nnen Ihre Beschwerde auch direkt bei uns unter folgender E-Mail-Adresse einbringen: office@der-wasserwirt.at<\/p>\n<p><strong>Gerichtsstand<\/strong> Landesgericht Klagenfurt als Handelsgericht<br><strong>Grafik-Design<\/strong> <a href=\"https:\/\/stuck-marketing.at\">STUCK Marketing<\/a>, Shutterstock<\/p>\n<p><strong>\u00a9 Copyright \u2013 Der Wasserwirt &#8211; Projektmanagement GmbH<br><\/strong>Alle Rechte vorbehalten. Diese Webseite ist urheberrechtlich gesch\u00fctzt.<\/p>\n<p>Kein Teil dieser Webseite und der angegliederten Webseiten darf in irgendeiner Form oder auf irgendeine Art ohne die vorherige Genehmigung von Der Wasserwirt &#8211; Projektmanagement GmbH reproduziert werden. Jede vollst\u00e4ndige oder teilweise unerlaubte Reproduktion dieser Webseite und angegliederter Webseiten kann eine ernsthafte zivil- und strafrechtliche Verfolgung nach sich ziehen, wobei die gesetzlich vorgesehenen H\u00f6chststrafen zur Anwendung kommen k\u00f6nnen.<\/p>\t\t\t\t\t\t<\/div>\n\t\t\t\t<\/div>\n\t\t\t\t\t<\/div>\n\t\t<\/div>\n\t\t\t\t<div class=\"elementor-column elementor-col-50 elementor-inner-column elementor-element elementor-element-c6ba435\" data-id=\"c6ba435\" data-element_type=\"column\">\n\t\t\t<div class=\"elementor-widget-wrap\">\n\t\t\t\t\t\t\t<\/div>\n\t\t<\/div>\n\t\t\t\t\t<\/div>\n\t\t<\/section>\n\t\t\t\t\t<\/div>\n\t\t<\/div>\n\t\t\t\t\t<\/div>\n\t\t<\/section>\n\t\t\t\t<\/div>\n\t\t","protected":false},"excerpt":{"rendered":"<p>Impressum Gesch\u00e4ftsbezeichnung Der Wasserwirt &#8211; Projektmanagement GmbHInhaber DI Bernhard Monai, MScAnschrift Dellach 59, 9063 Maria Saal, \u00d6sterreichUnternehmensgegenstand Kulturtechnik und Wasserwirtschaft, Abfallsammler und -behandler, Handel mit Baustoffen Telefon +43 664 88733362E-Mail office@der-wasserwirt.atWebseite www.der-wasserwirt.at UID-Nummer ATU73636069Firmenbuchnummer 498431m Kammerzugeh\u00f6rigkeit&nbsp;Mitglied der Wirtschaftskammer \u00d6sterreichAnwendbare Rechtsvorschriften&nbsp;Gewerbeordnung (abrufbar unter www.ris.bka.gv.at\/bundesrecht)Allgemeine Gesch\u00e4ftsbedingungen B2B agbs-b2b-16-11-2021Online-Streitbeilegungsplattform \u2013 Verbraucher haben die M\u00f6glichkeit, Beschwerden an die Online-Streitbeilegungsplattform [&hellip;]<\/p>\n","protected":false},"author":1,"featured_media":0,"parent":0,"menu_order":0,"comment_status":"closed","ping_status":"closed","template":"","meta":{"footnotes":""},"yoast_head":"<!-- This site is optimized with the Yoast SEO plugin v22.4 - https:\/\/yoast.com\/wordpress\/plugins\/seo\/ -->\n<title>x_Impressum &#8902; Der Wasserwirt<\/title>\n<meta name=\"robots\" content=\"noindex, nofollow\" \/>\n<meta property=\"og:locale\" content=\"de_DE\" \/>\n<meta property=\"og:type\" content=\"article\" \/>\n<meta property=\"og:title\" content=\"x_Impressum &#8902; Der Wasserwirt\" \/>\n<meta property=\"og:description\" content=\"Impressum Gesch\u00e4ftsbezeichnung Der Wasserwirt &#8211; Projektmanagement GmbHInhaber DI Bernhard Monai, MScAnschrift Dellach 59, 9063 Maria Saal, \u00d6sterreichUnternehmensgegenstand Kulturtechnik und Wasserwirtschaft, Abfallsammler und -behandler, Handel mit Baustoffen Telefon +43 664 88733362E-Mail office@der-wasserwirt.atWebseite www.der-wasserwirt.at UID-Nummer ATU73636069Firmenbuchnummer 498431m Kammerzugeh\u00f6rigkeit&nbsp;Mitglied der Wirtschaftskammer \u00d6sterreichAnwendbare Rechtsvorschriften&nbsp;Gewerbeordnung (abrufbar unter www.ris.bka.gv.at\/bundesrecht)Allgemeine Gesch\u00e4ftsbedingungen B2B agbs-b2b-16-11-2021Online-Streitbeilegungsplattform \u2013 Verbraucher haben die M\u00f6glichkeit, Beschwerden an die Online-Streitbeilegungsplattform [&hellip;]\" \/>\n<meta property=\"og:url\" content=\"https:\/\/der-wasserwirt.at\/de\/impressum\/\" \/>\n<meta property=\"og:site_name\" content=\"Der Wasserwirt\" \/>\n<meta property=\"article:modified_time\" content=\"2025-11-10T08:03:09+00:00\" \/>\n<meta name=\"twitter:card\" content=\"summary_large_image\" \/>\n<meta name=\"twitter:label1\" content=\"Gesch\u00e4tzte Lesezeit\" \/>\n\t<meta name=\"twitter:data1\" content=\"1\u00a0Minute\" \/>\n<script type=\"application\/ld+json\" class=\"yoast-schema-graph\">{\"@context\":\"https:\/\/schema.org\",\"@graph\":[{\"@type\":\"WebPage\",\"@id\":\"https:\/\/der-wasserwirt.at\/de\/impressum\/\",\"url\":\"https:\/\/der-wasserwirt.at\/de\/impressum\/\",\"name\":\"x_Impressum &#8902; Der Wasserwirt\",\"isPartOf\":{\"@id\":\"https:\/\/der-wasserwirt.at\/de\/#website\"},\"datePublished\":\"2020-02-19T07:52:45+00:00\",\"dateModified\":\"2025-11-10T08:03:09+00:00\",\"breadcrumb\":{\"@id\":\"https:\/\/der-wasserwirt.at\/de\/impressum\/#breadcrumb\"},\"inLanguage\":\"de\",\"potentialAction\":[{\"@type\":\"ReadAction\",\"target\":[\"https:\/\/der-wasserwirt.at\/de\/impressum\/\"]}]},{\"@type\":\"BreadcrumbList\",\"@id\":\"https:\/\/der-wasserwirt.at\/de\/impressum\/#breadcrumb\",\"itemListElement\":[{\"@type\":\"ListItem\",\"position\":1,\"name\":\"Startseite\",\"item\":\"https:\/\/der-wasserwirt.at\/de\/\"},{\"@type\":\"ListItem\",\"position\":2,\"name\":\"x_Impressum\"}]},{\"@type\":\"WebSite\",\"@id\":\"https:\/\/der-wasserwirt.at\/de\/#website\",\"url\":\"https:\/\/der-wasserwirt.at\/de\/\",\"name\":\"Der Wasserwirt\",\"description\":\"Wasserwirtschaft - Kulturtechnik - Forschung\",\"publisher\":{\"@id\":\"https:\/\/der-wasserwirt.at\/de\/#organization\"},\"potentialAction\":[{\"@type\":\"SearchAction\",\"target\":{\"@type\":\"EntryPoint\",\"urlTemplate\":\"https:\/\/der-wasserwirt.at\/de\/?s={search_term_string}\"},\"query-input\":\"required name=search_term_string\"}],\"inLanguage\":\"de\"},{\"@type\":\"Organization\",\"@id\":\"https:\/\/der-wasserwirt.at\/de\/#organization\",\"name\":\"Der Wasserwirt\",\"url\":\"https:\/\/der-wasserwirt.at\/de\/\",\"logo\":{\"@type\":\"ImageObject\",\"inLanguage\":\"de\",\"@id\":\"https:\/\/der-wasserwirt.at\/de\/#\/schema\/logo\/image\/\",\"url\":\"https:\/\/der-wasserwirt.at\/wp-content\/uploads\/2019\/11\/Favicon-Der-Wasserwirt.png\",\"contentUrl\":\"https:\/\/der-wasserwirt.at\/wp-content\/uploads\/2019\/11\/Favicon-Der-Wasserwirt.png\",\"width\":512,\"height\":512,\"caption\":\"Der Wasserwirt\"},\"image\":{\"@id\":\"https:\/\/der-wasserwirt.at\/de\/#\/schema\/logo\/image\/\"}}]}<\/script>\n<!-- \/ Yoast SEO plugin. -->","yoast_head_json":{"title":"x_Impressum &#8902; Der Wasserwirt","robots":{"index":"noindex","follow":"nofollow"},"og_locale":"de_DE","og_type":"article","og_title":"x_Impressum &#8902; Der Wasserwirt","og_description":"Impressum Gesch\u00e4ftsbezeichnung Der Wasserwirt &#8211; Projektmanagement GmbHInhaber DI Bernhard Monai, MScAnschrift Dellach 59, 9063 Maria Saal, \u00d6sterreichUnternehmensgegenstand Kulturtechnik und Wasserwirtschaft, Abfallsammler und -behandler, Handel mit Baustoffen Telefon +43 664 88733362E-Mail office@der-wasserwirt.atWebseite www.der-wasserwirt.at UID-Nummer ATU73636069Firmenbuchnummer 498431m Kammerzugeh\u00f6rigkeit&nbsp;Mitglied der Wirtschaftskammer \u00d6sterreichAnwendbare Rechtsvorschriften&nbsp;Gewerbeordnung (abrufbar unter www.ris.bka.gv.at\/bundesrecht)Allgemeine Gesch\u00e4ftsbedingungen B2B agbs-b2b-16-11-2021Online-Streitbeilegungsplattform \u2013 Verbraucher haben die M\u00f6glichkeit, Beschwerden an die Online-Streitbeilegungsplattform [&hellip;]","og_url":"https:\/\/der-wasserwirt.at\/de\/impressum\/","og_site_name":"Der Wasserwirt","article_modified_time":"2025-11-10T08:03:09+00:00","twitter_card":"summary_large_image","twitter_misc":{"Gesch\u00e4tzte Lesezeit":"1\u00a0Minute"},"schema":{"@context":"https:\/\/schema.org","@graph":[{"@type":"WebPage","@id":"https:\/\/der-wasserwirt.at\/de\/impressum\/","url":"https:\/\/der-wasserwirt.at\/de\/impressum\/","name":"x_Impressum &#8902; Der Wasserwirt","isPartOf":{"@id":"https:\/\/der-wasserwirt.at\/de\/#website"},"datePublished":"2020-02-19T07:52:45+00:00","dateModified":"2025-11-10T08:03:09+00:00","breadcrumb":{"@id":"https:\/\/der-wasserwirt.at\/de\/impressum\/#breadcrumb"},"inLanguage":"de","potentialAction":[{"@type":"ReadAction","target":["https:\/\/der-wasserwirt.at\/de\/impressum\/"]}]},{"@type":"BreadcrumbList","@id":"https:\/\/der-wasserwirt.at\/de\/impressum\/#breadcrumb","itemListElement":[{"@type":"ListItem","position":1,"name":"Startseite","item":"https:\/\/der-wasserwirt.at\/de\/"},{"@type":"ListItem","position":2,"name":"x_Impressum"}]},{"@type":"WebSite","@id":"https:\/\/der-wasserwirt.at\/de\/#website","url":"https:\/\/der-wasserwirt.at\/de\/","name":"Der Wasserwirt","description":"Wasserwirtschaft - Kulturtechnik - Forschung","publisher":{"@id":"https:\/\/der-wasserwirt.at\/de\/#organization"},"potentialAction":[{"@type":"SearchAction","target":{"@type":"EntryPoint","urlTemplate":"https:\/\/der-wasserwirt.at\/de\/?s={search_term_string}"},"query-input":"required name=search_term_string"}],"inLanguage":"de"},{"@type":"Organization","@id":"https:\/\/der-wasserwirt.at\/de\/#organization","name":"Der Wasserwirt","url":"https:\/\/der-wasserwirt.at\/de\/","logo":{"@type":"ImageObject","inLanguage":"de","@id":"https:\/\/der-wasserwirt.at\/de\/#\/schema\/logo\/image\/","url":"https:\/\/der-wasserwirt.at\/wp-content\/uploads\/2019\/11\/Favicon-Der-Wasserwirt.png","contentUrl":"https:\/\/der-wasserwirt.at\/wp-content\/uploads\/2019\/11\/Favicon-Der-Wasserwirt.png","width":512,"height":512,"caption":"Der Wasserwirt"},"image":{"@id":"https:\/\/der-wasserwirt.at\/de\/#\/schema\/logo\/image\/"}}]}},"_links":{"self":[{"href":"https:\/\/der-wasserwirt.at\/de\/wp-json\/wp\/v2\/pages\/753"}],"collection":[{"href":"https:\/\/der-wasserwirt.at\/de\/wp-json\/wp\/v2\/pages"}],"about":[{"href":"https:\/\/der-wasserwirt.at\/de\/wp-json\/wp\/v2\/types\/page"}],"author":[{"embeddable":true,"href":"https:\/\/der-wasserwirt.at\/de\/wp-json\/wp\/v2\/users\/1"}],"replies":[{"embeddable":true,"href":"https:\/\/der-wasserwirt.at\/de\/wp-json\/wp\/v2\/comments?post=753"}],"version-history":[{"count":15,"href":"https:\/\/der-wasserwirt.at\/de\/wp-json\/wp\/v2\/pages\/753\/revisions"}],"predecessor-version":[{"id":3307,"href":"https:\/\/der-wasserwirt.at\/de\/wp-json\/wp\/v2\/pages\/753\/revisions\/3307"}],"wp:attachment":[{"href":"https:\/\/der-wasserwirt.at\/de\/wp-json\/wp\/v2\/media?parent=753"}],"curies":[{"name":"wp","href":"https:\/\/api.w.org\/{rel}","templated":true}]}}